{"id":8881,"date":"2012-06-29T06:04:50","date_gmt":"2012-06-29T04:04:50","guid":{"rendered":"http:\/\/klubmamgdynia.pl\/index.php\/produkt\/wizards-of-the-coast-magic-the-gathering-zendikar-rising-booster-display-36\/"},"modified":"2026-04-06T09:59:49","modified_gmt":"2026-04-06T07:59:49","slug":"wizards-of-the-coast-magic-the-gathering-zendikar-rising-booster-display-36","status":"publish","type":"product","link":"http:\/\/klubmamgdynia.pl\/index.php\/produkt\/wizards-of-the-coast-magic-the-gathering-zendikar-rising-booster-display-36\/","title":{"rendered":"Wizards Of The Coast Magic The Gathering Zendikar Rising &#8211; Booster (Display 36)"},"content":{"rendered":"<p>Wywalcz sobie drog\u0119 przez niebezpieczny plan Zendikar &#8211; pe\u0142en \u015bmiertelnie gro\u017anych stworze\u0144, kt\u00f3re my\u015bl\u0105 tylko o tym, aby zabi\u0107 ka\u017cdego intruza st\u0105paj\u0105cego po ich terytorium!Zendikar Rising to rozszerzenie, w kt\u00f3rym zagro\u017cenie czycha na ka\u017cdym kroku. Skupia si\u0119 na zab\u00f3jczych drapie\u017cnikach, kl\u0119skach \u017cywio\u0142owych, niepewnych, przera\u017caj\u0105cych terenach i nieprzewidywalnych falach zmian przetaczaj\u0105cych si\u0119 przez krain\u0119.Magic The Gathering: Zendikar Rising &#8211; Booster Display sk\u0142ada si\u0119 z 36 booster\u00f3w Zendikar Rising.<\/p>\n<h2>Wizards Of The Coast Magic The Gathering Zendikar Rising &#8211; Booster (Display 36) Wizards of the Coast<\/h2>\n<p>hello kitty kolorowanka, kontynenty dla dzieci do druku, zagadki dla 8 latka, lew czarownica i stara szafa test<\/p>\n<p>yyyyy<\/p>\n<p>&nbsp;<\/p>\n","protected":false},"excerpt":{"rendered":"<p>Wywalcz sobie drog\u0119 przez niebezpieczny plan Zendikar &#8211; pe\u0142en \u015bmiertelnie gro\u017anych stworze\u0144, kt\u00f3re my\u015bl\u0105 tylko o tym, aby zabi\u0107 ka\u017cdego intruza st\u0105paj\u0105cego po ich terytorium!Zendikar Rising to rozszerzenie, w kt\u00f3rym zagro\u017cenie czycha na ka\u017cdym kroku. Skupia si\u0119 na zab\u00f3jczych drapie\u017cnikach, kl\u0119skach \u017cywio\u0142owych, niepewnych, przera\u017caj\u0105cych terenach i nieprzewidywalnych falach zmian przetaczaj\u0105cych si\u0119 przez krain\u0119.Magic The Gathering: [&hellip;]<\/p>\n","protected":false},"featured_media":8882,"comment_status":"closed","ping_status":"open","template":"","meta":[],"product_cat":[220,397],"product_tag":[854,813,689],"class_list":["post-8881","product","type-product","status-publish","has-post-thumbnail","hentry","product_cat-gry-karciane","product_cat-wizards-of-the-coast","product_tag-cytaty-rodzina","product_tag-krotkie-zagadki-matematyczne-z-odpowiedziami","product_tag-linda"],"_links":{"self":[{"href":"http:\/\/klubmamgdynia.pl\/index.php\/wp-json\/wp\/v2\/product\/8881","targetHints":{"allow":["GET"]}}],"collection":[{"href":"http:\/\/klubmamgdynia.pl\/index.php\/wp-json\/wp\/v2\/product"}],"about":[{"href":"http:\/\/klubmamgdynia.pl\/index.php\/wp-json\/wp\/v2\/types\/product"}],"replies":[{"embeddable":true,"href":"http:\/\/klubmamgdynia.pl\/index.php\/wp-json\/wp\/v2\/comments?post=8881"}],"wp:featuredmedia":[{"embeddable":true,"href":"http:\/\/klubmamgdynia.pl\/index.php\/wp-json\/wp\/v2\/media\/8882"}],"wp:attachment":[{"href":"http:\/\/klubmamgdynia.pl\/index.php\/wp-json\/wp\/v2\/media?parent=8881"}],"wp:term":[{"taxonomy":"product_cat","embeddable":true,"href":"http:\/\/klubmamgdynia.pl\/index.php\/wp-json\/wp\/v2\/product_cat?post=8881"},{"taxonomy":"product_tag","embeddable":true,"href":"http:\/\/klubmamgdynia.pl\/index.php\/wp-json\/wp\/v2\/product_tag?post=8881"}],"curies":[{"name":"wp","href":"https:\/\/api.w.org\/{rel}","templated":true}]}}