{"id":8883,"date":"2018-03-16T19:24:34","date_gmt":"2018-03-16T18:24:34","guid":{"rendered":"http:\/\/klubmamgdynia.pl\/index.php\/produkt\/fantasy-flight-games-arkham-horror-lcg-the-search-for-kadath-gra-w-wersji-angielskiej\/"},"modified":"2026-04-05T19:09:22","modified_gmt":"2026-04-05T17:09:22","slug":"fantasy-flight-games-arkham-horror-lcg-the-search-for-kadath-gra-w-wersji-angielskiej","status":"publish","type":"product","link":"http:\/\/klubmamgdynia.pl\/index.php\/produkt\/fantasy-flight-games-arkham-horror-lcg-the-search-for-kadath-gra-w-wersji-angielskiej\/","title":{"rendered":"Fantasy Flight Games Arkham Horror Lcg: The Search For Kadath (Gra W Wersji Angielskiej)"},"content":{"rendered":"<p>Journey across the dreamlands in The Search for Kadath, the first Mythos Pack in The Dream-Eaters cycle for Arkham Horror: The Card Game! After taking your first steps into the Dreamlands, your mind teems with anxiety over the quest ahead, dangers you left in the waking world, and the fate of dreamers who have come before you. Are they also somewhere in these expansive lands? Perhaps if you find the lost castle and return with proof of the Dreamlands, you can save everyone: yourself, your friends, and the other dreamers as well. So, despite the advice of the Dreamlands\u2019 inhabitants, you and your companions seek unknown Kadath, where the gods dwell.The Search for Kadath is Scenario 2\u2013A of The Dream-Quest. This scenario can be played on its own in Standalone Mode or combined with the other expansions in The Dream-Eaters cycle to form a larger four-part or eight-part campaign. As your team of investigators becomes separated between the dream and the waking worlds, you will need to work together across realms to earn victory and return home. To help you achieve this, you will find new player cards that create new synergies between investigators, letting you offer aid during your turns or even the Mythos Phase. Discover the meaning behind your dreams and discover the proof you seek!This is not a standalone product. It requires a copy of Arkham Horror: The Card Game Core Set and The Dream-Eaters deluxe expansion to play.<\/p>\n<h2>Fantasy Flight Games Arkham Horror Lcg: The Search For Kadath (Gra W Wersji Angielskiej) Fantasy Flight Games<\/h2>\n<p>kolorowanki wed\u0142ug kodu do druku, sara, krotkie zagadki, cytaty ma\u0142y ksi\u0105\u017ce, prezenty dla nastolatkow, kotek kolorowanka do druku, dobrej nocy, opis o rodzinie, laurka dla mamy rysunek, mini zoo warszawa, po\u0142\u0105cz kropki, dorian, logiczne zagadki, logiczne zagadki, maski do druku, piesek do kolorowania, tupu tup po \u015bniegu tekst<\/p>\n<p>yyyyy<\/p>\n<p>&nbsp;<\/p>\n","protected":false},"excerpt":{"rendered":"<p>Journey across the dreamlands in The Search for Kadath, the first Mythos Pack in The Dream-Eaters cycle for Arkham Horror: The Card Game! After taking your first steps into the Dreamlands, your mind teems with anxiety over the quest ahead, dangers you left in the waking world, and the fate of dreamers who have come [&hellip;]<\/p>\n","protected":false},"featured_media":8884,"comment_status":"closed","ping_status":"open","template":"","meta":[],"product_cat":[1752,220],"product_tag":[801,870,718,737,809],"class_list":["post-8883","product","type-product","status-publish","has-post-thumbnail","hentry","product_cat-fantasy-flight-games","product_cat-gry-karciane","product_tag-bajki-terapeutyczne-o-emocjach","product_tag-prezent-dla-chlopca-na-roczek","product_tag-prezent-na-roczek-dla-chrzesniaka","product_tag-test-z-lektury-felix-net-i-nika-oraz-gang-niewidzialnych-ludzi","product_tag-zagadki"],"_links":{"self":[{"href":"http:\/\/klubmamgdynia.pl\/index.php\/wp-json\/wp\/v2\/product\/8883","targetHints":{"allow":["GET"]}}],"collection":[{"href":"http:\/\/klubmamgdynia.pl\/index.php\/wp-json\/wp\/v2\/product"}],"about":[{"href":"http:\/\/klubmamgdynia.pl\/index.php\/wp-json\/wp\/v2\/types\/product"}],"replies":[{"embeddable":true,"href":"http:\/\/klubmamgdynia.pl\/index.php\/wp-json\/wp\/v2\/comments?post=8883"}],"wp:featuredmedia":[{"embeddable":true,"href":"http:\/\/klubmamgdynia.pl\/index.php\/wp-json\/wp\/v2\/media\/8884"}],"wp:attachment":[{"href":"http:\/\/klubmamgdynia.pl\/index.php\/wp-json\/wp\/v2\/media?parent=8883"}],"wp:term":[{"taxonomy":"product_cat","embeddable":true,"href":"http:\/\/klubmamgdynia.pl\/index.php\/wp-json\/wp\/v2\/product_cat?post=8883"},{"taxonomy":"product_tag","embeddable":true,"href":"http:\/\/klubmamgdynia.pl\/index.php\/wp-json\/wp\/v2\/product_tag?post=8883"}],"curies":[{"name":"wp","href":"https:\/\/api.w.org\/{rel}","templated":true}]}}