{"id":8887,"date":"2022-10-25T18:12:13","date_gmt":"2022-10-25T16:12:13","guid":{"rendered":"http:\/\/klubmamgdynia.pl\/?post_type=product&#038;p=8887"},"modified":"2026-04-06T00:44:46","modified_gmt":"2026-04-05T22:44:46","slug":"braun-texstyle-7-ts745a","status":"publish","type":"product","link":"http:\/\/klubmamgdynia.pl\/index.php\/produkt\/braun-texstyle-7-ts745a\/","title":{"rendered":"BRAUN TexStyle 7 TS745A"},"content":{"rendered":"<p>Silne uderzenie pary<\/p>\n<p>Silne uderzenie pary do 150g\/min rozprasowuje najbardziej oporne zagniecenia. Automatyczne dostosowanie dystrybucji pary u\u0142atwia rozprasowywanie zagniece\u0144.                            <\/p>\n<p>            Stopa z nieprzywieraj\u0105cego materia\u0142u  <\/p>\n<p>Stopa \u017celazka firmy BRAUN jest pokryta specjaln\u0105, nieprzywieraj\u0105c\u0105 pow\u0142ok\u0105 zapewniaj\u0105c\u0105 dobry po\u015blizg na wszystkich rodzajach tkanin oraz zapobiegaj\u0105c\u0105 rysowaniu.                            <\/p>\n<p>            Pionowe uderzenie pary<\/p>\n<p>Dzi\u0119ki bardzo silnemu uderzeniu pary wodnej usuniesz w \u0142atwy i szybki spos\u00f3b zagniecenia na marynarce lub sukience.                            <\/p>\n<p>            System antywapienny<\/p>\n<p>Zintegrowany system antywapienny zapobiega osadzaniu si\u0119 kamienia wewn\u0105trz \u017celazka dzi\u0119ki czemu przed\u0142u\u017ca jego \u017cywotno\u015b\u0107.                             <\/p>\n<p>            Du\u017cy otw\u00f3r wlewowy<\/p>\n<p>Du\u017cy otw\u00f3r wlewowy zapewni precyzj\u0119 przy uzupe\u0142nianiu \u017celazka wod\u0105. Dzi\u0119ki temu problem z zalaniem urz\u0105dzenia nie b\u0119dzie wyst\u0119powa\u0142.                            <\/p>\n<p>            Spryskiwacz<\/p>\n<p>Spryskiwacz pozwoli na zwil\u017cenie prasowanych ubra\u0144, dzi\u0119ki czemu w \u0142atwiejszy i szybszy spos\u00f3b rozprasujesz zagniecenia.                            <\/p>\n<p>            Wygodny i profilowany uchwyt<\/p>\n<p>Zapewni maksymalny komfort i wygod\u0119 podczas prasowania. Precyzja uchwytu pozwoli na pewniejsze trzymanie \u017celazka w d\u0142oni.<\/p>\n<h2>BRAUN TexStyle 7 TS745A Braun<\/h2>\n<p>prezent dla 13 latki na \u015bwi\u0119ta, prezent dla dwunastolatka, agroturystyka dla dzieci ze zwierz\u0119tami, nauka zegara, prezent dla 14 letniej dziewczyny, park ujazdowski<\/p>\n<p>yyyyy<\/p>\n<p>&nbsp;<\/p>\n","protected":false},"excerpt":{"rendered":"<p>Silne uderzenie pary Silne uderzenie pary do 150g\/min rozprasowuje najbardziej oporne zagniecenia. Automatyczne dostosowanie dystrybucji pary u\u0142atwia rozprasowywanie zagniece\u0144. Stopa z nieprzywieraj\u0105cego materia\u0142u Stopa \u017celazka firmy BRAUN jest pokryta specjaln\u0105, nieprzywieraj\u0105c\u0105 pow\u0142ok\u0105 zapewniaj\u0105c\u0105 dobry po\u015blizg na wszystkich rodzajach tkanin oraz zapobiegaj\u0105c\u0105 rysowaniu. Pionowe uderzenie pary Dzi\u0119ki bardzo silnemu uderzeniu pary wodnej usuniesz w \u0142atwy i [&hellip;]<\/p>\n","protected":false},"featured_media":8888,"comment_status":"closed","ping_status":"open","template":"","meta":[],"product_cat":[1319,1361],"product_tag":[831,578,699,584,762,653],"class_list":["post-8887","product","type-product","status-publish","has-post-thumbnail","hentry","product_cat-braun","product_cat-zelazka","product_tag-bruno","product_tag-fajne-zarty-na-prima-aprilis","product_tag-kolorowanki-do-druku-dla-dziewczyn","product_tag-liwia","product_tag-trudne-zagadki-dla-dzieci","product_tag-warszawa-dla-dzieci"],"_links":{"self":[{"href":"http:\/\/klubmamgdynia.pl\/index.php\/wp-json\/wp\/v2\/product\/8887","targetHints":{"allow":["GET"]}}],"collection":[{"href":"http:\/\/klubmamgdynia.pl\/index.php\/wp-json\/wp\/v2\/product"}],"about":[{"href":"http:\/\/klubmamgdynia.pl\/index.php\/wp-json\/wp\/v2\/types\/product"}],"replies":[{"embeddable":true,"href":"http:\/\/klubmamgdynia.pl\/index.php\/wp-json\/wp\/v2\/comments?post=8887"}],"wp:featuredmedia":[{"embeddable":true,"href":"http:\/\/klubmamgdynia.pl\/index.php\/wp-json\/wp\/v2\/media\/8888"}],"wp:attachment":[{"href":"http:\/\/klubmamgdynia.pl\/index.php\/wp-json\/wp\/v2\/media?parent=8887"}],"wp:term":[{"taxonomy":"product_cat","embeddable":true,"href":"http:\/\/klubmamgdynia.pl\/index.php\/wp-json\/wp\/v2\/product_cat?post=8887"},{"taxonomy":"product_tag","embeddable":true,"href":"http:\/\/klubmamgdynia.pl\/index.php\/wp-json\/wp\/v2\/product_tag?post=8887"}],"curies":[{"name":"wp","href":"https:\/\/api.w.org\/{rel}","templated":true}]}}