{"id":8889,"date":"2019-12-17T01:56:21","date_gmt":"2019-12-17T00:56:21","guid":{"rendered":"http:\/\/klubmamgdynia.pl\/index.php\/produkt\/abysse-final-fantasy-booster-opus-xi-soldiers-returnfr6-27-03\/"},"modified":"2026-05-17T22:39:09","modified_gmt":"2026-05-17T20:39:09","slug":"abysse-final-fantasy-booster-opus-xi-soldiers-returnfr6-27-03","status":"publish","type":"product","link":"http:\/\/klubmamgdynia.pl\/index.php\/produkt\/abysse-final-fantasy-booster-opus-xi-soldiers-returnfr6-27-03\/","title":{"rendered":"Abysse Final Fantasy Booster Opus XI Soldier&#8217;s Return(FR)6 (27\/03)"},"content":{"rendered":"<h2>Abysse Final Fantasy Booster Opus XI Soldiers Return(FR)6 (27\/03) Abysse<\/h2>\n<p>kolorowanki super zings, bianka, kuba imi\u0119, zagadki dla dzieci 5 lat, kolorowanki ninjago, proste dekoracje \u015bwi\u0105teczne dla dzieci, \u0142amig\u0142\u00f3wki dla dzieci do druku, zagadki podchwytliwe z odpowiedziami, kolorowanka lol surprise, nadie\u017cda imi\u0119<\/p>\n<p>yyyyy<\/p>\n<p>&nbsp;<\/p>\n","protected":false},"excerpt":{"rendered":"<p>Abysse Final Fantasy Booster Opus XI Soldiers Return(FR)6 (27\/03) Abysse kolorowanki super zings, bianka, kuba imi\u0119, zagadki dla dzieci 5 lat, kolorowanki ninjago, proste dekoracje \u015bwi\u0105teczne dla dzieci, \u0142amig\u0142\u00f3wki dla dzieci do druku, zagadki podchwytliwe z odpowiedziami, kolorowanka lol surprise, nadie\u017cda imi\u0119 yyyyy &nbsp;<\/p>\n","protected":false},"featured_media":8890,"comment_status":"closed","ping_status":"open","template":"","meta":[],"product_cat":[1753,220],"product_tag":[772,669,587],"class_list":["post-8889","product","type-product","status-publish","has-post-thumbnail","hentry","product_cat-abysse","product_cat-gry-karciane","product_tag-45-panstw-europy-i-ich-stolice-quiz","product_tag-kolorowanki","product_tag-skalne-miasto"],"_links":{"self":[{"href":"http:\/\/klubmamgdynia.pl\/index.php\/wp-json\/wp\/v2\/product\/8889","targetHints":{"allow":["GET"]}}],"collection":[{"href":"http:\/\/klubmamgdynia.pl\/index.php\/wp-json\/wp\/v2\/product"}],"about":[{"href":"http:\/\/klubmamgdynia.pl\/index.php\/wp-json\/wp\/v2\/types\/product"}],"replies":[{"embeddable":true,"href":"http:\/\/klubmamgdynia.pl\/index.php\/wp-json\/wp\/v2\/comments?post=8889"}],"wp:featuredmedia":[{"embeddable":true,"href":"http:\/\/klubmamgdynia.pl\/index.php\/wp-json\/wp\/v2\/media\/8890"}],"wp:attachment":[{"href":"http:\/\/klubmamgdynia.pl\/index.php\/wp-json\/wp\/v2\/media?parent=8889"}],"wp:term":[{"taxonomy":"product_cat","embeddable":true,"href":"http:\/\/klubmamgdynia.pl\/index.php\/wp-json\/wp\/v2\/product_cat?post=8889"},{"taxonomy":"product_tag","embeddable":true,"href":"http:\/\/klubmamgdynia.pl\/index.php\/wp-json\/wp\/v2\/product_tag?post=8889"}],"curies":[{"name":"wp","href":"https:\/\/api.w.org\/{rel}","templated":true}]}}