{"id":8891,"date":"2013-09-08T09:18:02","date_gmt":"2013-09-08T07:18:02","guid":{"rendered":"http:\/\/klubmamgdynia.pl\/index.php\/produkt\/gabi-pinokio-trzy-swinki-4269\/"},"modified":"2026-04-07T02:02:18","modified_gmt":"2026-04-07T00:02:18","slug":"gabi-pinokio-trzy-swinki-4269","status":"publish","type":"product","link":"http:\/\/klubmamgdynia.pl\/index.php\/produkt\/gabi-pinokio-trzy-swinki-4269\/","title":{"rendered":"Gabi Pinokio Trzy \u015awinki 4269"},"content":{"rendered":"<p>Beztroskie 3 \u015bwinki wybieraj\u0105 si\u0119 w \u015bwiat. Mo\u017ce z nimi p\u00f3j\u015b\u0107 2-6 graczy. Rozpocznie w\u0119dr\u00f3wk\u0119 jako pierwszy ten, kto wyrzuci kostk\u0105 6 oczek. Wyrzucone w trakcie gry 6, upowa\u017cnia do dodatkowego rzutu.Przygody drewnianego pajacyka doczeka\u0142y si\u0119 gry planszowej!!! Warto wyruszy\u0107 z Pinokiem na spotkanie przyg\u00f3d, tylko trzeba pami\u0119ta\u0107, by nie k\u0142ama\u0107, bo uro\u015bnie nos! Do gry mo\u017ce zasi\u0105\u015b\u0107 2-6 graczy, wystarczy ustawi\u0107 pionki i rzuci\u0107 kostk\u0105. Najwi\u0119ksza liczba oczek na kostce wyznacza rozpoczynaj\u0105cego.<\/p>\n<h2>Gabi Pinokio Trzy \u015awinki 4269 Gabi<\/h2>\n<p>karty matematyczne tabliczka mno\u017cenia do wydruku, domowe syropy na zim\u0119, aneta, zagadki zimowe dla dzieci, karolcia test z lektury, psi patrol kolorowanka<\/p>\n<p>yyyyy<\/p>\n<p>&nbsp;<\/p>\n","protected":false},"excerpt":{"rendered":"<p>Beztroskie 3 \u015bwinki wybieraj\u0105 si\u0119 w \u015bwiat. Mo\u017ce z nimi p\u00f3j\u015b\u0107 2-6 graczy. Rozpocznie w\u0119dr\u00f3wk\u0119 jako pierwszy ten, kto wyrzuci kostk\u0105 6 oczek. Wyrzucone w trakcie gry 6, upowa\u017cnia do dodatkowego rzutu.Przygody drewnianego pajacyka doczeka\u0142y si\u0119 gry planszowej!!! Warto wyruszy\u0107 z Pinokiem na spotkanie przyg\u00f3d, tylko trzeba pami\u0119ta\u0107, by nie k\u0142ama\u0107, bo uro\u015bnie nos! Do [&hellip;]<\/p>\n","protected":false},"featured_media":8892,"comment_status":"closed","ping_status":"open","template":"","meta":[],"product_cat":[236,130],"product_tag":[696,789,589,803,860],"class_list":["post-8891","product","type-product","status-publish","has-post-thumbnail","hentry","product_cat-gabi","product_cat-gry-dzieciece","product_tag-film-rodzinny-o-swietach","product_tag-kaczuszka","product_tag-prezent-dla-rocznego-dziecka","product_tag-szlaczki-do-druku","product_tag-zagadki-logiczne-dla-doroslych"],"_links":{"self":[{"href":"http:\/\/klubmamgdynia.pl\/index.php\/wp-json\/wp\/v2\/product\/8891","targetHints":{"allow":["GET"]}}],"collection":[{"href":"http:\/\/klubmamgdynia.pl\/index.php\/wp-json\/wp\/v2\/product"}],"about":[{"href":"http:\/\/klubmamgdynia.pl\/index.php\/wp-json\/wp\/v2\/types\/product"}],"replies":[{"embeddable":true,"href":"http:\/\/klubmamgdynia.pl\/index.php\/wp-json\/wp\/v2\/comments?post=8891"}],"wp:featuredmedia":[{"embeddable":true,"href":"http:\/\/klubmamgdynia.pl\/index.php\/wp-json\/wp\/v2\/media\/8892"}],"wp:attachment":[{"href":"http:\/\/klubmamgdynia.pl\/index.php\/wp-json\/wp\/v2\/media?parent=8891"}],"wp:term":[{"taxonomy":"product_cat","embeddable":true,"href":"http:\/\/klubmamgdynia.pl\/index.php\/wp-json\/wp\/v2\/product_cat?post=8891"},{"taxonomy":"product_tag","embeddable":true,"href":"http:\/\/klubmamgdynia.pl\/index.php\/wp-json\/wp\/v2\/product_tag?post=8891"}],"curies":[{"name":"wp","href":"https:\/\/api.w.org\/{rel}","templated":true}]}}