{"id":8893,"date":"2023-10-01T08:20:01","date_gmt":"2023-10-01T06:20:01","guid":{"rendered":"http:\/\/klubmamgdynia.pl\/?post_type=product&#038;p=8893"},"modified":"2026-04-21T23:30:32","modified_gmt":"2026-04-21T21:30:32","slug":"counter-strike-condition-zero-steam","status":"publish","type":"product","link":"http:\/\/klubmamgdynia.pl\/index.php\/produkt\/counter-strike-condition-zero-steam\/","title":{"rendered":"Counter-Strike: Condition Zero steam"},"content":{"rendered":"<h2>Counter-Strike: Condition Zero steam <\/h2>\n<p>cytat na dzie\u0144 matki, zagadki o psach, dzien matki cytaty, najrzadsze imiona, literki do pisania do druku, zagadki do rozwi\u0105zania, pomys\u0142 na prezent dla nastolatki, wiersz o wakacjach, prezent dla ch\u0142opca 7 lat, hobbit, kolorowanki do druku pokemon, wiersze o wio\u015bnie jana brzechwy, maska misia do druku, pozna\u0144 atrakcje dla dzieci, laurka dla mamy rysunek, nauka zegara do druku, zosia samosia, dzie\u0144 pluszowego misia, ozdoby \u015bwi\u0105teczne z rolek po papierze toaletowym, kira<\/p>\n<p>yyyyy<\/p>\n<p>&nbsp;<\/p>\n","protected":false},"excerpt":{"rendered":"<p>Counter-Strike: Condition Zero steam cytat na dzie\u0144 matki, zagadki o psach, dzien matki cytaty, najrzadsze imiona, literki do pisania do druku, zagadki do rozwi\u0105zania, pomys\u0142 na prezent dla nastolatki, wiersz o wakacjach, prezent dla ch\u0142opca 7 lat, hobbit, kolorowanki do druku pokemon, wiersze o wio\u015bnie jana brzechwy, maska misia do druku, pozna\u0144 atrakcje dla dzieci, [&hellip;]<\/p>\n","protected":false},"featured_media":8894,"comment_status":"closed","ping_status":"open","template":"","meta":[],"product_cat":[1737],"product_tag":[863,676,859,816,843,708,849],"class_list":["post-8893","product","type-product","status-publish","has-post-thumbnail","hentry","product_cat-kody-i-karty-pre-paid","product_tag-bajki-dla-dziewczynek","product_tag-bursztynek","product_tag-dobranoc-pchly-na-noc","product_tag-place-zabaw-warszawa","product_tag-smieszne-zagadki-dla-dzieci","product_tag-zabawy-ruchowe-dla-dzieci","product_tag-zagadki-matematyczne-dla-dzieci"],"_links":{"self":[{"href":"http:\/\/klubmamgdynia.pl\/index.php\/wp-json\/wp\/v2\/product\/8893","targetHints":{"allow":["GET"]}}],"collection":[{"href":"http:\/\/klubmamgdynia.pl\/index.php\/wp-json\/wp\/v2\/product"}],"about":[{"href":"http:\/\/klubmamgdynia.pl\/index.php\/wp-json\/wp\/v2\/types\/product"}],"replies":[{"embeddable":true,"href":"http:\/\/klubmamgdynia.pl\/index.php\/wp-json\/wp\/v2\/comments?post=8893"}],"wp:featuredmedia":[{"embeddable":true,"href":"http:\/\/klubmamgdynia.pl\/index.php\/wp-json\/wp\/v2\/media\/8894"}],"wp:attachment":[{"href":"http:\/\/klubmamgdynia.pl\/index.php\/wp-json\/wp\/v2\/media?parent=8893"}],"wp:term":[{"taxonomy":"product_cat","embeddable":true,"href":"http:\/\/klubmamgdynia.pl\/index.php\/wp-json\/wp\/v2\/product_cat?post=8893"},{"taxonomy":"product_tag","embeddable":true,"href":"http:\/\/klubmamgdynia.pl\/index.php\/wp-json\/wp\/v2\/product_tag?post=8893"}],"curies":[{"name":"wp","href":"https:\/\/api.w.org\/{rel}","templated":true}]}}