{"id":8895,"date":"2021-04-01T01:53:15","date_gmt":"2021-03-31T23:53:15","guid":{"rendered":"http:\/\/klubmamgdynia.pl\/index.php\/produkt\/farming-simulator-17-rozszerzenie-do-edycji-platynowej-gra-pc\/"},"modified":"2026-04-26T20:02:05","modified_gmt":"2026-04-26T18:02:05","slug":"farming-simulator-17-rozszerzenie-do-edycji-platynowej-gra-pc","status":"publish","type":"product","link":"http:\/\/klubmamgdynia.pl\/index.php\/produkt\/farming-simulator-17-rozszerzenie-do-edycji-platynowej-gra-pc\/","title":{"rendered":"Farming Simulator 17 Rozszerzenie do Edycji Platynowej (Gra PC)"},"content":{"rendered":"<p>Edycja Platynowa<\/p>\n<p>Najwi\u0119ksz\u0105 nowo\u015bci\u0105 Farming Simulator 17: Platinum Edition jest niedost\u0119pna wcze\u015bniej lokacja, znajduj\u0105ca si\u0119 w Ameryce Po\u0142udniowej. Wraz z ni\u0105 otrzymali\u015bmy nie tylko ciekawe krajobrazy, ale tak\u017ce unikaln\u0105 ro\u015blinno\u015b\u0107, mo\u017cliwo\u015b\u0107 posiadania p\u00f3l trzciny cukrowej czy te\u017c niedost\u0119pne wcze\u015bniej gatunki kr\u00f3w. Opr\u00f3cz tego tw\u00f3rcy oddali do naszej dyspozycji dodatkowe maszyny. Jedn\u0105 z nich jest kombajn CASE IH A8800 MR, s\u0142u\u017c\u0105cy do zbierania wspomnianej trzciny cukrowej. Poza tym, opr\u00f3cz sprz\u0119tu firmy CASE IH Austoft, doczekali\u015bmy si\u0119 te\u017c urz\u0105dze\u0144 od Stara, Doble TT, Bizon i Gessner Industries. Oznacza to, \u017ce wraz z podstawow\u0105 zawarto\u015bci\u0105 Farming Simulator 17, do wyboru mamy ponad 270 rodzaj\u00f3w maszyn i gad\u017cet\u00f3w od przesz\u0142o 80 producent\u00f3w. Pozosta\u0142e elementy nie uleg\u0142y zmianie, wi\u0119c pojazdy mo\u017cemy ulepsza\u0107 zar\u00f3wno pod k\u0105tem wygl\u0105du zewn\u0119trznego, jak i mo\u017cliwo\u015bci technicznych, a w salonach pojawi\u0142a si\u0119 opcja leasingu sprz\u0119tu. Wielkogabarytowe towary przewozimy z kolei z wykorzystaniem poci\u0105g\u00f3w towarowych, kt\u00f3re pojawiaj\u0105 si\u0119 w serii po raz pierwszy. W grze nie zabrak\u0142o tak\u017ce kilku pomniejszych nowo\u015bci, wydatnie wp\u0142ywaj\u0105cych na prowadzenie rozgrywki. Producent postara\u0142 si\u0119 o wprowadzenie nowego, bardziej skomplikowanego systemu nawo\u017cenia gleby, a wydajno\u015b\u0107 kr\u00f3w zale\u017cy od rodzaju paszy. Gracz ma tak\u017ce spory wp\u0142yw na kszta\u0142towanie sytuacji ekonomicznej na mapie, praktycznie determinuj\u0105c ceny za poszczeg\u00f3lne towary. Z kolei dodatkow\u0105 szans\u0105 na zarobek s\u0105 misje zlecane przez innych rolnik\u00f3w, sterowanych przez sztuczn\u0105 inteligencj\u0119.<\/p>\n<h2>Farming Simulator 17 Rozszerzenie do Edycji Platynowej (Gra PC) Cenega<\/h2>\n<p>wakacyjne kolorowanki, uk\u0142ad s\u0142oneczny dla dzieci do druku, kolorowanka potwory, prezent na roczek dla dziewczynki, oryginalny prezent na roczek dla ch\u0142opca, prezent na roczek dla ch\u0142opca, jednoro\u017cec kolorowanka do druku, kolorowanka lol surprise, miko\u0142ajek sprawdzian z lektury z odpowiedziami, m\u0105dre prezenty dla 7 latki, daria imie, flagi europy quiz, tajemniczy ogr\u00f3d test z odpowiedziami, daria imie, spiderman do druku<\/p>\n<p>yyyyy<\/p>\n<p>&nbsp;<\/p>\n","protected":false},"excerpt":{"rendered":"<p>Edycja Platynowa Najwi\u0119ksz\u0105 nowo\u015bci\u0105 Farming Simulator 17: Platinum Edition jest niedost\u0119pna wcze\u015bniej lokacja, znajduj\u0105ca si\u0119 w Ameryce Po\u0142udniowej. Wraz z ni\u0105 otrzymali\u015bmy nie tylko ciekawe krajobrazy, ale tak\u017ce unikaln\u0105 ro\u015blinno\u015b\u0107, mo\u017cliwo\u015b\u0107 posiadania p\u00f3l trzciny cukrowej czy te\u017c niedost\u0119pne wcze\u015bniej gatunki kr\u00f3w. Opr\u00f3cz tego tw\u00f3rcy oddali do naszej dyspozycji dodatkowe maszyny. Jedn\u0105 z nich jest kombajn [&hellip;]<\/p>\n","protected":false},"featured_media":8896,"comment_status":"closed","ping_status":"open","template":"","meta":[],"product_cat":[218,222],"product_tag":[683,797,614,620],"class_list":["post-8895","product","type-product","status-publish","has-post-thumbnail","hentry","product_cat-cenega","product_cat-gry-pc","product_tag-karaluchy-pod-poduchy","product_tag-kiekrz","product_tag-pia","product_tag-quiz-opowiesci-z-narnii"],"_links":{"self":[{"href":"http:\/\/klubmamgdynia.pl\/index.php\/wp-json\/wp\/v2\/product\/8895","targetHints":{"allow":["GET"]}}],"collection":[{"href":"http:\/\/klubmamgdynia.pl\/index.php\/wp-json\/wp\/v2\/product"}],"about":[{"href":"http:\/\/klubmamgdynia.pl\/index.php\/wp-json\/wp\/v2\/types\/product"}],"replies":[{"embeddable":true,"href":"http:\/\/klubmamgdynia.pl\/index.php\/wp-json\/wp\/v2\/comments?post=8895"}],"wp:featuredmedia":[{"embeddable":true,"href":"http:\/\/klubmamgdynia.pl\/index.php\/wp-json\/wp\/v2\/media\/8896"}],"wp:attachment":[{"href":"http:\/\/klubmamgdynia.pl\/index.php\/wp-json\/wp\/v2\/media?parent=8895"}],"wp:term":[{"taxonomy":"product_cat","embeddable":true,"href":"http:\/\/klubmamgdynia.pl\/index.php\/wp-json\/wp\/v2\/product_cat?post=8895"},{"taxonomy":"product_tag","embeddable":true,"href":"http:\/\/klubmamgdynia.pl\/index.php\/wp-json\/wp\/v2\/product_tag?post=8895"}],"curies":[{"name":"wp","href":"https:\/\/api.w.org\/{rel}","templated":true}]}}