{"id":8897,"date":"2014-11-17T20:00:26","date_gmt":"2014-11-17T19:00:26","guid":{"rendered":"http:\/\/klubmamgdynia.pl\/index.php\/produkt\/gabi-mala-syrenka-i-calineczka-4238\/"},"modified":"2026-04-06T00:14:32","modified_gmt":"2026-04-05T22:14:32","slug":"gabi-mala-syrenka-i-calineczka-4238","status":"publish","type":"product","link":"http:\/\/klubmamgdynia.pl\/index.php\/produkt\/gabi-mala-syrenka-i-calineczka-4238\/","title":{"rendered":"Gabi Ma\u0142a Syrenka I Calineczka 4238"},"content":{"rendered":"<p>W zestawie dwie gry planszowe. Wejd\u017a do \u015bwiata ba\u015bni i zagraj ze znanymi postaciami z bajek: &#8222;Ma\u0142\u0105 Syrenk\u0105&#8221; i &#8222;Calineczk\u0105&#8221;.Podwodny \u015bwiat staje przed Tob\u0105 otworem, zwiedzisz zamek Ma\u0142ej Syrenki, poznasz jej przyjaci\u00f3\u0142 i rodzin\u0119, razem z ni\u0105 pop\u0142yniesz w poszukiwaniu nowych przyg\u00f3d.Sta\u0144 przy kwiatku, w kt\u00f3rym znalaz\u0142a Calineczk\u0119 kobieta pragn\u0105ca mie\u0107 dziecko. Zobaczysz jaki \u015bwiat jest wielki przyja\u017ani\u0105c si\u0119 z Calineczk\u0105, polecisz z ni\u0105, a\u017c do Kr\u00f3lestwa Kwiat\u00f3w.<\/p>\n<h2>Gabi Ma\u0142a Syrenka I Calineczka 4238 Gabi<\/h2>\n<p>kiekrz, prezent dla 19 latka, quiz o samochodach, kolorowanki do druku zwierz\u0119ta, zagadki logiczne, jak namalowa\u0107 kota, linda<\/p>\n<p>yyyyy<\/p>\n<p>&nbsp;<\/p>\n","protected":false},"excerpt":{"rendered":"<p>W zestawie dwie gry planszowe. Wejd\u017a do \u015bwiata ba\u015bni i zagraj ze znanymi postaciami z bajek: &#8222;Ma\u0142\u0105 Syrenk\u0105&#8221; i &#8222;Calineczk\u0105&#8221;.Podwodny \u015bwiat staje przed Tob\u0105 otworem, zwiedzisz zamek Ma\u0142ej Syrenki, poznasz jej przyjaci\u00f3\u0142 i rodzin\u0119, razem z ni\u0105 pop\u0142yniesz w poszukiwaniu nowych przyg\u00f3d.Sta\u0144 przy kwiatku, w kt\u00f3rym znalaz\u0142a Calineczk\u0119 kobieta pragn\u0105ca mie\u0107 dziecko. Zobaczysz jaki \u015bwiat [&hellip;]<\/p>\n","protected":false},"featured_media":8898,"comment_status":"closed","ping_status":"open","template":"","meta":[],"product_cat":[236,130],"product_tag":[861,579,710,597,604],"class_list":["post-8897","product","type-product","status-publish","has-post-thumbnail","hentry","product_cat-gabi","product_cat-gry-dzieciece","product_tag-jak-narysowac-psa","product_tag-quiz-opowiesci-z-narnii-lew-czarownica-i-stara-szafa","product_tag-zagadki-dla-dzieci-10-12-lat","product_tag-zagadki-o-zimie","product_tag-zagadki-trudne"],"_links":{"self":[{"href":"http:\/\/klubmamgdynia.pl\/index.php\/wp-json\/wp\/v2\/product\/8897","targetHints":{"allow":["GET"]}}],"collection":[{"href":"http:\/\/klubmamgdynia.pl\/index.php\/wp-json\/wp\/v2\/product"}],"about":[{"href":"http:\/\/klubmamgdynia.pl\/index.php\/wp-json\/wp\/v2\/types\/product"}],"replies":[{"embeddable":true,"href":"http:\/\/klubmamgdynia.pl\/index.php\/wp-json\/wp\/v2\/comments?post=8897"}],"wp:featuredmedia":[{"embeddable":true,"href":"http:\/\/klubmamgdynia.pl\/index.php\/wp-json\/wp\/v2\/media\/8898"}],"wp:attachment":[{"href":"http:\/\/klubmamgdynia.pl\/index.php\/wp-json\/wp\/v2\/media?parent=8897"}],"wp:term":[{"taxonomy":"product_cat","embeddable":true,"href":"http:\/\/klubmamgdynia.pl\/index.php\/wp-json\/wp\/v2\/product_cat?post=8897"},{"taxonomy":"product_tag","embeddable":true,"href":"http:\/\/klubmamgdynia.pl\/index.php\/wp-json\/wp\/v2\/product_tag?post=8897"}],"curies":[{"name":"wp","href":"https:\/\/api.w.org\/{rel}","templated":true}]}}