{"id":8899,"date":"2021-06-24T22:03:11","date_gmt":"2021-06-24T20:03:11","guid":{"rendered":"http:\/\/klubmamgdynia.pl\/index.php\/produkt\/philips-azur-advanced-gc4938-20\/"},"modified":"2026-04-30T21:46:56","modified_gmt":"2026-04-30T19:46:56","slug":"philips-azur-advanced-gc4938-20","status":"publish","type":"product","link":"http:\/\/klubmamgdynia.pl\/index.php\/produkt\/philips-azur-advanced-gc4938-20\/","title":{"rendered":"PHILIPS Azur Advanced GC4938\/20"},"content":{"rendered":"<p>CECHY PRODUKTU                            <\/p>\n<p>Bez regulacji temperaturyZapomnij o pokr\u0119tle do regulacji temperatury i sortowaniu ubra\u0144. Teraz jednym ruchem idealnie wyprasujesz ka\u017cdy rodzaj materia\u0142u.                            <\/p>\n<p>Bez ryzyka przypaleniaDzi\u0119ki technologii OptimalTEMP prasowanie jest w 100% bezpieczne nawet dla najdelikatniejszych tkanin.                            <\/p>\n<p>Silne uderzenie parySilne uderzenie pary do\u00a0240 g bez problemu pokona nier\u00f3wno\u015bci powsta\u0142e na tkaninach.                            <\/p>\n<p>Ci\u0105g\u0142y strumie\u0144 paryStrumie\u0144 pary do 55 g \/ min umo\u017cliwi szybsze rozprasowanie zagniece\u0144.                            <\/p>\n<p>Stopa SteamGlide PlusWyj\u0105tkowo p\u0142ynny po\u015blizg na wszystkich tkaninach.                            <\/p>\n<p>Szybkie odkamienianieUsuwanie kamienia trwa tylko 15 sekund.                            <\/p>\n<p>SPRAWD\u0179 JAK TO DZIA\u0141A                            <\/p>\n<p>\u0141ATWE I SZYBKIE PRASOWANIE                            <\/p>\n<p>Bez ryzyka przypalenia. Nawet, gdy zostawisz \u017celazko bezpo\u015brednio na ubraniuTechnologia OptimalTEMP \u0142\u0105czy odpowiedni\u0105 temperatur\u0119 stopy \u017celazka z silnym wyrzutem pary, dzi\u0119ki czemu zapewnia 100% bezpiecze\u0144stwa dla wszystkich tkanin przeznaczonych do prasowania. Nawet, gdy zostawisz \u017celazko na desce do prasowania lub ubraniach, nic si\u0119 nie przypali.                            <\/p>\n<p>Uwolnij si\u0119 od regulacji temperaturyOptimalTEMP sprawi, \u017ce zapomnisz o sprawdzaniu metek i sortowaniu ubra\u0144. Brak konieczno\u015bci regulacji temperatury pozwala na bezpieczne wyprasowanie ka\u017cdej tkaniny. Nie musisz ju\u017c czeka\u0107, a\u017c \u017celazko ostygnie, by m\u00f3c wyprasowa\u0107 delikatniejszy materia\u0142 jak len, jedwab czy bawe\u0142na.                            <\/p>\n<p>Ci\u0105g\u0142y wyrzut pary do 55 g\/min i silne uderzenie parySilny, ci\u0105g\u0142y strumie\u0144 pary do 55 g\/min umo\u017cliwia szybsze*rozprasowywanie fa\u0142d, a silne uderzenie pary do 240 g poradzi sobie nawet z uporczywymi zagnieceniami.* Na wszystkich tkaninach przeznaczonych do prasowania, w por\u00f3wnaniu z GC4910.                            <\/p>\n<p>DLA WI\u0118KSZEJ WYGODY                            <\/p>\n<p>Moc 3000 &#8211; szybkie nagrzewanieDu\u017ca moc \u017celazka zapewnia szybkie nagrzewanie i wydajne dzia\u0142anie, co przek\u0142ada si\u0119 na szybsze* i bardziej efektywne prasowanie.                            <\/p>\n<p>D\u0142ugi przew\u00f3dWyj\u0105tkowo d\u0142ugi, 3 metrowy przew\u00f3d umo\u017cliwia wygodne manewrowanie \u017celazkiem po tkaninie na ca\u0142ej powierzchni deski do prasowania.                            <\/p>\n<p>G\u0142\u0119boko wnikaj\u0105ca paraDzi\u0119ki specjalnej konstrukcji urz\u0105dzenia teraz w tkanin\u0119 wnika do 20%* wi\u0119cej pary, co zapewnia doskona\u0142e rezultat usuwania zagniece\u0144.* W por\u00f3wnaniu z modelem GC4910.                            <\/p>\n<p>MOCNA I WYTRZYMA\u0141A STOPA \u017bELAZKA                            <\/p>\n<p>Stopa SteamGlide Plus posiada pow\u0142ok\u0119 z tytanu i 6-warstwow\u0105 powierzchni\u0119, kt\u00f3re zapewniaj\u0105 wyj\u0105tkow\u0105 \u0142atwo\u015b\u0107 przesuwania \u017celazka po tkaninie, pozwalaj\u0105c na szybsze prasowanie. Stopa nie przywiera do prasowanych materia\u0142\u00f3w, jest \u0142atwa w czyszczeniu i odporna na zarysowania.                            <\/p>\n<p>POR\u00d3WNAJ PRODUKTY                            <\/p>\n<p>BEZPIECZE\u0143STWO                            <\/p>\n<p>Funkcja automatycznego wy\u0142\u0105czaniaZostaw \u017celazko bez nadzoru na kilka minut, a wy\u0142\u0105czy si\u0119 ono samoczynnie. Funkcja zapewnia zachowanie bezpiecze\u0144stwa i oszcz\u0119dno\u015b\u0107 energii.                            <\/p>\n<p>Blokada kapaniaBlokada zapobiega kapaniu wody na prasowane w niskiej temperaturze ubrania i tym samym, tworzeniu si\u0119 si\u0119 plam na tkaninach.                            <\/p>\n<p>ODKAMIENIANIE \u017bELAZKA &#8211; TERAZ TO PROSTE                            <\/p>\n<p>Przed\u0142u\u017c \u017cywotno\u015b\u0107 \u017celazkaBy zachowa\u0107 maksymaln\u0105 moc strumienia pary oraz unikn\u0105\u0107 bia\u0142ych lub br\u0105zowych plam na ubraniach, regularnie czy\u015b\u0107 \u017celazko z kamienia i osadu pochodz\u0105cego z twardej wody.                            <\/p>\n<p>Funkcja Quick Calc ReleaseSpecjalna konstrukcja \u017celazka sprawia, \u017ce powstaj\u0105cy w nim kamie\u0144 zbiera si\u0119 w stworzonym do tego celu pojemniku. Dzi\u0119ki funkcji szybkiego usuwania kamienia, oczyszczenie pojemnika trwa tylko 15 sekund. To prosty spos\u00f3b, by cieszy\u0107 si\u0119 maksymaln\u0105 skuteczno\u015bci\u0105 strumienia pary na d\u0142u\u017cej.<\/p>\n<h2>PHILIPS Azur Advanced GC4938\/20 Philips<\/h2>\n<p>zdrowe przepisy dla dzieci, jak zrobi\u0107 laurk\u0119 dla babci, najlepsze pranki na prima aprilis, kajko i kokosz szko\u0142a latania test z odpowiedziami, roczek dziewczynki, my jeste\u015bmy krasnoludki tekst, nadie\u017cda imi\u0119, ma\u0142o nas do pieczenia chleba, zagadki z odpowiedziami, cytat na dzie\u0144 matki, maska batmana do druku, nowoczesna babcia wiersz, platformy edukacyjne, kondrad imie, kolorowanki dla dziewczynek do druku, kanapeczki na urodziny dziecka<\/p>\n<p>yyyyy<\/p>\n<p>&nbsp;<\/p>\n","protected":false},"excerpt":{"rendered":"<p>CECHY PRODUKTU Bez regulacji temperaturyZapomnij o pokr\u0119tle do regulacji temperatury i sortowaniu ubra\u0144. Teraz jednym ruchem idealnie wyprasujesz ka\u017cdy rodzaj materia\u0142u. Bez ryzyka przypaleniaDzi\u0119ki technologii OptimalTEMP prasowanie jest w 100% bezpieczne nawet dla najdelikatniejszych tkanin. Silne uderzenie parySilne uderzenie pary do\u00a0240 g bez problemu pokona nier\u00f3wno\u015bci powsta\u0142e na tkaninach. Ci\u0105g\u0142y strumie\u0144 paryStrumie\u0144 pary do 55 [&hellip;]<\/p>\n","protected":false},"featured_media":8900,"comment_status":"closed","ping_status":"open","template":"","meta":[],"product_cat":[261,1361],"product_tag":[765,735,739,616,823],"class_list":["post-8899","product","type-product","status-publish","has-post-thumbnail","hentry","product_cat-philips","product_cat-zelazka","product_tag-atrakcje-dla-dzieci-warszawa","product_tag-prezent-na-roczek-dziewczynka","product_tag-prima-aprilis-w-szkole","product_tag-test-mikolajek-25-pytan","product_tag-zagadki-dla-dzieci-7-lat"],"_links":{"self":[{"href":"http:\/\/klubmamgdynia.pl\/index.php\/wp-json\/wp\/v2\/product\/8899","targetHints":{"allow":["GET"]}}],"collection":[{"href":"http:\/\/klubmamgdynia.pl\/index.php\/wp-json\/wp\/v2\/product"}],"about":[{"href":"http:\/\/klubmamgdynia.pl\/index.php\/wp-json\/wp\/v2\/types\/product"}],"replies":[{"embeddable":true,"href":"http:\/\/klubmamgdynia.pl\/index.php\/wp-json\/wp\/v2\/comments?post=8899"}],"wp:featuredmedia":[{"embeddable":true,"href":"http:\/\/klubmamgdynia.pl\/index.php\/wp-json\/wp\/v2\/media\/8900"}],"wp:attachment":[{"href":"http:\/\/klubmamgdynia.pl\/index.php\/wp-json\/wp\/v2\/media?parent=8899"}],"wp:term":[{"taxonomy":"product_cat","embeddable":true,"href":"http:\/\/klubmamgdynia.pl\/index.php\/wp-json\/wp\/v2\/product_cat?post=8899"},{"taxonomy":"product_tag","embeddable":true,"href":"http:\/\/klubmamgdynia.pl\/index.php\/wp-json\/wp\/v2\/product_tag?post=8899"}],"curies":[{"name":"wp","href":"https:\/\/api.w.org\/{rel}","templated":true}]}}