{"id":8905,"date":"2025-04-01T12:57:17","date_gmt":"2025-04-01T10:57:17","guid":{"rendered":"http:\/\/klubmamgdynia.pl\/?post_type=product&#038;p=8905"},"modified":"2026-04-02T21:05:10","modified_gmt":"2026-04-02T19:05:10","slug":"brita-pure-performance-51szt","status":"publish","type":"product","link":"http:\/\/klubmamgdynia.pl\/index.php\/produkt\/brita-pure-performance-51szt\/","title":{"rendered":"BRITA Pure Performance 5+1Szt"},"content":{"rendered":"<h2>BRITA Pure Performance 5+1Szt Brita<\/h2>\n<p>bajki terapeutyczne o emocjach, test wiedzy zemsta, cukierku ty \u0142obuzie test, imi\u0119 miriam, imi\u0119 mia, filmy rodzinne na halloween, czerwony kapturek kolorowanka, \u015bmigus dyngus wiersz dla dzieci, wroclaw atrakcje dla dzieci<\/p>\n<p>yyyyy<\/p>\n<p>&nbsp;<\/p>\n","protected":false},"excerpt":{"rendered":"<p>BRITA Pure Performance 5+1Szt Brita bajki terapeutyczne o emocjach, test wiedzy zemsta, cukierku ty \u0142obuzie test, imi\u0119 miriam, imi\u0119 mia, filmy rodzinne na halloween, czerwony kapturek kolorowanka, \u015bmigus dyngus wiersz dla dzieci, wroclaw atrakcje dla dzieci yyyyy &nbsp;<\/p>\n","protected":false},"featured_media":8906,"comment_status":"closed","ping_status":"open","template":"","meta":[],"product_cat":[1754,1755],"product_tag":[852,683,654,747,870,713],"class_list":["post-8905","product","type-product","status-publish","has-post-thumbnail","hentry","product_cat-brita","product_cat-wklady-filtrujace","product_tag-jak-zrobic-samolot-z-papieru","product_tag-karaluchy-pod-poduchy","product_tag-krotkie-bajki-dla-dzieci-do-czytania","product_tag-malowanki-do-druku","product_tag-prezent-dla-chlopca-na-roczek","product_tag-zagadki-logiczne-z-odpowiedziami"],"_links":{"self":[{"href":"http:\/\/klubmamgdynia.pl\/index.php\/wp-json\/wp\/v2\/product\/8905","targetHints":{"allow":["GET"]}}],"collection":[{"href":"http:\/\/klubmamgdynia.pl\/index.php\/wp-json\/wp\/v2\/product"}],"about":[{"href":"http:\/\/klubmamgdynia.pl\/index.php\/wp-json\/wp\/v2\/types\/product"}],"replies":[{"embeddable":true,"href":"http:\/\/klubmamgdynia.pl\/index.php\/wp-json\/wp\/v2\/comments?post=8905"}],"wp:featuredmedia":[{"embeddable":true,"href":"http:\/\/klubmamgdynia.pl\/index.php\/wp-json\/wp\/v2\/media\/8906"}],"wp:attachment":[{"href":"http:\/\/klubmamgdynia.pl\/index.php\/wp-json\/wp\/v2\/media?parent=8905"}],"wp:term":[{"taxonomy":"product_cat","embeddable":true,"href":"http:\/\/klubmamgdynia.pl\/index.php\/wp-json\/wp\/v2\/product_cat?post=8905"},{"taxonomy":"product_tag","embeddable":true,"href":"http:\/\/klubmamgdynia.pl\/index.php\/wp-json\/wp\/v2\/product_tag?post=8905"}],"curies":[{"name":"wp","href":"https:\/\/api.w.org\/{rel}","templated":true}]}}