{"id":8911,"date":"2021-11-08T21:35:39","date_gmt":"2021-11-08T20:35:39","guid":{"rendered":"http:\/\/klubmamgdynia.pl\/index.php\/produkt\/piatnik-zestaw-archeologiczny-mineraly\/"},"modified":"2026-04-28T16:14:02","modified_gmt":"2026-04-28T14:14:02","slug":"piatnik-zestaw-archeologiczny-mineraly","status":"publish","type":"product","link":"http:\/\/klubmamgdynia.pl\/index.php\/produkt\/piatnik-zestaw-archeologiczny-mineraly\/","title":{"rendered":"Piatnik Zestaw Archeologiczny Minera\u0142y"},"content":{"rendered":"<p>Wersja polska.Wykop minera\u0142y jak prawdziwy archeolog. Znajd\u017a pi\u0119\u0107 prawdziwych kamieni ozdobnych i poznaj ich histori\u0119. Odkryj fascynuj\u0105cy \u015bwiat minera\u0142\u00f3w! W sk\u0142ad zestawu wchodzi: Blok gipsowy z ukrytymi kryszta\u0142ami: kryszta\u0142 g\u00f3rski, awenturyn, kwarc r\u00f3\u017cowy, czerwony jaspis, ametyst; m\u0142otek, d\u0142uto, g\u0105bka. NAZWA ZESTAW ARCHEOLOGICZNY MINERA\u0141Y PIATNIK PRODUCENT PIATNIK WIEK 6+ EAN 4002051630447 Znajd\u017a podobne wed\u0142ug klucza: PIATNIK ZESTAW (389329)<\/p>\n<h2>Piatnik Zestaw Archeologiczny Minera\u0142y Piatnik<\/h2>\n<p>wz\u00f3r drzewo genealogiczne szablon do wydruku, imi\u0119 kuba, janusz, place zabaw warszawa, paula znaczenie imienia, atrakcje dla dzieci warszawa i okolice, kwiaty polne nazwy, uk\u0142ad s\u0142oneczny do druku, tupcio chrupcio bajka do czytania, zrobi\u0107 laurk\u0119 laurka dla babci, papugi do druku, przechowywanie zabawek, ferie warszawa 2022, magiczne drzewo czerwone krzes\u0142o test<\/p>\n<p>yyyyy<\/p>\n<p>&nbsp;<\/p>\n","protected":false},"excerpt":{"rendered":"<p>Wersja polska.Wykop minera\u0142y jak prawdziwy archeolog. Znajd\u017a pi\u0119\u0107 prawdziwych kamieni ozdobnych i poznaj ich histori\u0119. Odkryj fascynuj\u0105cy \u015bwiat minera\u0142\u00f3w! W sk\u0142ad zestawu wchodzi: Blok gipsowy z ukrytymi kryszta\u0142ami: kryszta\u0142 g\u00f3rski, awenturyn, kwarc r\u00f3\u017cowy, czerwony jaspis, ametyst; m\u0142otek, d\u0142uto, g\u0105bka. NAZWA ZESTAW ARCHEOLOGICZNY MINERA\u0141Y PIATNIK PRODUCENT PIATNIK WIEK 6+ EAN 4002051630447 Znajd\u017a podobne wed\u0142ug klucza: PIATNIK [&hellip;]<\/p>\n","protected":false},"featured_media":8912,"comment_status":"closed","ping_status":"open","template":"","meta":[],"product_cat":[72,225],"product_tag":[663,644,652,579,600],"class_list":["post-8911","product","type-product","status-publish","has-post-thumbnail","hentry","product_cat-mali-naukowcy","product_cat-piatnik","product_tag-kolorowanki-dla-dzieci-do-druku","product_tag-mia","product_tag-otto","product_tag-quiz-opowiesci-z-narnii-lew-czarownica-i-stara-szafa","product_tag-zaproszenia-na-urodziny-do-druku"],"_links":{"self":[{"href":"http:\/\/klubmamgdynia.pl\/index.php\/wp-json\/wp\/v2\/product\/8911","targetHints":{"allow":["GET"]}}],"collection":[{"href":"http:\/\/klubmamgdynia.pl\/index.php\/wp-json\/wp\/v2\/product"}],"about":[{"href":"http:\/\/klubmamgdynia.pl\/index.php\/wp-json\/wp\/v2\/types\/product"}],"replies":[{"embeddable":true,"href":"http:\/\/klubmamgdynia.pl\/index.php\/wp-json\/wp\/v2\/comments?post=8911"}],"wp:featuredmedia":[{"embeddable":true,"href":"http:\/\/klubmamgdynia.pl\/index.php\/wp-json\/wp\/v2\/media\/8912"}],"wp:attachment":[{"href":"http:\/\/klubmamgdynia.pl\/index.php\/wp-json\/wp\/v2\/media?parent=8911"}],"wp:term":[{"taxonomy":"product_cat","embeddable":true,"href":"http:\/\/klubmamgdynia.pl\/index.php\/wp-json\/wp\/v2\/product_cat?post=8911"},{"taxonomy":"product_tag","embeddable":true,"href":"http:\/\/klubmamgdynia.pl\/index.php\/wp-json\/wp\/v2\/product_tag?post=8911"}],"curies":[{"name":"wp","href":"https:\/\/api.w.org\/{rel}","templated":true}]}}