{"id":8915,"date":"2021-07-13T17:29:17","date_gmt":"2021-07-13T15:29:17","guid":{"rendered":"http:\/\/klubmamgdynia.pl\/index.php\/produkt\/dekoria-pokrowiec-na-fotel-ikea-ps-brazowo-czarny-bergen-671-161-69\/"},"modified":"2026-04-24T03:24:33","modified_gmt":"2026-04-24T01:24:33","slug":"dekoria-pokrowiec-na-fotel-ikea-ps-brazowo-czarny-bergen-671-161-69","status":"publish","type":"product","link":"http:\/\/klubmamgdynia.pl\/index.php\/produkt\/dekoria-pokrowiec-na-fotel-ikea-ps-brazowo-czarny-bergen-671-161-69\/","title":{"rendered":"Dekoria Pokrowiec Na Fotel Ikea Ps Br\u0105zowo Czarny Bergen 671-161-69"},"content":{"rendered":"<p>Nadaj nowy wygl\u0105d Twojemu fotelowi! Wykorzystaj \u0142atwy do za\u0142o\u017cenia i \u015bci\u0105gni\u0119cia pokrowiec, aby nada\u0107 mu niepowtarzalny charakter. Masz du\u017cy temperament? By\u0107 mo\u017ce Tw\u00f3j fotel powinien by\u0107 soczy\u015bcie czerwony? A mo\u017ce drzemie w tobie romantyczna dusza? Je\u015bli tak, to z pewno\u015bci\u0105 przypadn\u0105 Ci do gustu pachn\u0105ce wiosn\u0105, kwieciste motywy. Spersonalizuj sw\u00f3j fotel ju\u017c teraz i rozsi\u0105d\u017a si\u0119 wygodnie. To proste! Ka\u017cdy pokrowiec jest przez nas starannie i specjalnie dla Ciebie wykonany. Zam\u00f3w bezp\u0142atne pr\u00f3bki i przekonaj si\u0119 o kolorze, strukturze i jako\u015bci naszych tkanin.Pokrowiec idealnie pasuj\u0105cy na fotel IKEA PS.Informujemy, \u017ce zgodnie z Ustaw\u0105 PWP art.156 pkt.1 ust. 3, nazwy producent\u00f3w i znaki towarowe s\u0105 ich prawn\u0105 i zastrze\u017cona w\u0142asno\u015bci\u0105. W naszym internetowym sklepie u\u017cyte s\u0105 jedynie w celach informacyjnych &#8211; do jakiego producenta sofy i modelu pokrowiec jest przeznaczony. Nie sugerujemy, \u017ce jest to produkt oryginalny producenta sof.<\/p>\n<h2>Dekoria Pokrowiec Na Fotel Ikea Ps Br\u0105zowo Czarny Bergen 671-161-69 Ikea<\/h2>\n<p>bajki do czytania dla dzieci, ba\u015bniowe imiona \u017ce\u0144skie, prezent dla 15 latki, znaczenie imienia milosz, zagadki o bajkach, kolysanki tekst, pisanie literek do druku, co na roczek, prezent dla 7 latki, kolorowanki do pobrania, prezenty dla nastolatk\u00f3w na dzie\u0144 dziecka, p\u0142atki \u015bniegu szablon, kolorowanki ninjago, cytaty o mamie<\/p>\n<p>yyyyy<\/p>\n<p>&nbsp;<\/p>\n","protected":false},"excerpt":{"rendered":"<p>Nadaj nowy wygl\u0105d Twojemu fotelowi! Wykorzystaj \u0142atwy do za\u0142o\u017cenia i \u015bci\u0105gni\u0119cia pokrowiec, aby nada\u0107 mu niepowtarzalny charakter. Masz du\u017cy temperament? By\u0107 mo\u017ce Tw\u00f3j fotel powinien by\u0107 soczy\u015bcie czerwony? A mo\u017ce drzemie w tobie romantyczna dusza? Je\u015bli tak, to z pewno\u015bci\u0105 przypadn\u0105 Ci do gustu pachn\u0105ce wiosn\u0105, kwieciste motywy. Spersonalizuj sw\u00f3j fotel ju\u017c teraz i rozsi\u0105d\u017a [&hellip;]<\/p>\n","protected":false},"featured_media":8916,"comment_status":"closed","ping_status":"open","template":"","meta":[],"product_cat":[979,1757],"product_tag":[808,797,824],"class_list":["post-8915","product","type-product","status-publish","has-post-thumbnail","hentry","product_cat-ikea","product_cat-pokrowce-na-meble","product_tag-imie-mia","product_tag-kiekrz","product_tag-warszawa-atrakcje-dla-dzieci"],"_links":{"self":[{"href":"http:\/\/klubmamgdynia.pl\/index.php\/wp-json\/wp\/v2\/product\/8915","targetHints":{"allow":["GET"]}}],"collection":[{"href":"http:\/\/klubmamgdynia.pl\/index.php\/wp-json\/wp\/v2\/product"}],"about":[{"href":"http:\/\/klubmamgdynia.pl\/index.php\/wp-json\/wp\/v2\/types\/product"}],"replies":[{"embeddable":true,"href":"http:\/\/klubmamgdynia.pl\/index.php\/wp-json\/wp\/v2\/comments?post=8915"}],"wp:featuredmedia":[{"embeddable":true,"href":"http:\/\/klubmamgdynia.pl\/index.php\/wp-json\/wp\/v2\/media\/8916"}],"wp:attachment":[{"href":"http:\/\/klubmamgdynia.pl\/index.php\/wp-json\/wp\/v2\/media?parent=8915"}],"wp:term":[{"taxonomy":"product_cat","embeddable":true,"href":"http:\/\/klubmamgdynia.pl\/index.php\/wp-json\/wp\/v2\/product_cat?post=8915"},{"taxonomy":"product_tag","embeddable":true,"href":"http:\/\/klubmamgdynia.pl\/index.php\/wp-json\/wp\/v2\/product_tag?post=8915"}],"curies":[{"name":"wp","href":"https:\/\/api.w.org\/{rel}","templated":true}]}}