{"id":8917,"date":"2021-04-29T08:31:50","date_gmt":"2021-04-29T06:31:50","guid":{"rendered":"http:\/\/klubmamgdynia.pl\/index.php\/produkt\/philips-seria-5000-bhd500-00\/"},"modified":"2026-04-07T12:36:20","modified_gmt":"2026-04-07T10:36:20","slug":"philips-seria-5000-bhd500-00","status":"publish","type":"product","link":"http:\/\/klubmamgdynia.pl\/index.php\/produkt\/philips-seria-5000-bhd500-00\/","title":{"rendered":"PHILIPS SERIA 5000 BHD500\/00"},"content":{"rendered":"<p>Szybkie suszenie bez przegrzewaniaModel suszarki Philips z serii 5000 wyposa\u017cony w technologi\u0119 ThermoShield skutecznie chroni w\u0142osy przed uszkodzeniami spowodowanymi dzia\u0142aniem zbyt wysokiej temperatury*. Ponadto suszarka jest wydajna, dzi\u0119ki czemu pozwala szybko wysuszy\u0107 w\u0142osy.* Ustawienie ThermoShield.                            <\/p>\n<p>Jak dzia\u0142a technologia ThermoShield?Za pomoc\u0105 inteligentnego czujnika ThermoShield Twoje w\u0142osy s\u0105 pod 100% ochron\u0105. Nie grozi im szkodliwe dzia\u0142anie wysokich temperatur. Sensor przez ca\u0142y czas pracy kontroluje poziom temperatury wykorzystywanej przez urz\u0105dzenie.<\/p>\n<p>Zaawansowana piel\u0119gnacja jonowaTechnologia jonowa nie tylko chroni Twoje w\u0142osy przed\u00a0przegrzaniem, ale tak\u017ce dodatkowo je piel\u0119gnuje.<\/p>\n<p>Jony ujemneW czasie jednej sesji suszenia\u00a0uwalnianejest do 40 milion\u00f3w jon\u00f3w. Dzi\u0119ki temuw\u0142osy nabieraj\u0105 blasku i s\u0105 chronione przedpuszeniem si\u0119.                            <\/p>\n<p>Dla jeszcze lepszych rezultat\u00f3w\u00a0Zimny nawiewNa koniec suszenia w\u0142os\u00f3w w\u0142\u0105cz ch\u0142odny nawiew powietrza w celu wyko\u0144czenia i utrwalenia stylizacji.<\/p>\n<p>6-stopniowe ustawieniaW suszarce masz mo\u017cliwo\u015b\u0107 ustawienia zimnego nawiewu, trybu ni\u017cszej lub wy\u017cszej temperatury oraz r\u00f3\u017cnych pr\u0119dko\u015bci suszenia. Dobierz ustawienia ciep\u0142a i pr\u0119dko\u015bci do stanu Twoich w\u0142os\u00f3w, aby uzyska\u0107 precyzyjn\u0105 kontrol\u0119 nad stylizacj\u0105.<\/p>\n<p>\u0141atwa stylizacja<\/p>\n<p>KoncentratorW\u0105ska nasadka skupia \u017ar\u00f3d\u0142o ciep\u0142ego powietrza na konkretnym fragmencie\u00a0w\u0142os\u00f3w, dzi\u0119ki czemu suszenie przebiega szybciej. Koncentrator jest idealny do modelowania, jak r\u00f3wnie\u017c do prostowania w\u0142os\u00f3w.                            <\/p>\n<p>W zestawie<\/p>\n<p>\u00a01. Suszarka Philips BHD500\/00 2. Koncentrator                            <\/p>\n<p>\u00a0<\/p>\n<h2>PHILIPS SERIA 5000 BHD500\/00 Philips<\/h2>\n<p>prezent dla 15 latki, maska karnawa\u0142owa pdf, filmy disneya, krok jak narysowa\u0107 konia, kolorowanki konie z je\u017ad\u017acem, pomys\u0142y na pakowanie prezent\u00f3w, prezent dla 13 latki na \u015bwi\u0119ta, wpad\u0142a bomba do piwnicy, kolorowanki jesie\u0144 do druku, zaczarowana zagroda &#8211; test, cytaty z ma\u0142ego ksi\u0119cia, o b\u0142\u0119dne dyktando, quiz z ma\u0142ego ksi\u0119cia, maska spiderman, walentynka dla c\u00f3rki, znaczenie imienia milan, pomysl na prezent na roczek<\/p>\n<p>yyyyy<\/p>\n<p>&nbsp;<\/p>\n","protected":false},"excerpt":{"rendered":"<p>Szybkie suszenie bez przegrzewaniaModel suszarki Philips z serii 5000 wyposa\u017cony w technologi\u0119 ThermoShield skutecznie chroni w\u0142osy przed uszkodzeniami spowodowanymi dzia\u0142aniem zbyt wysokiej temperatury*. Ponadto suszarka jest wydajna, dzi\u0119ki czemu pozwala szybko wysuszy\u0107 w\u0142osy.* Ustawienie ThermoShield. Jak dzia\u0142a technologia ThermoShield?Za pomoc\u0105 inteligentnego czujnika ThermoShield Twoje w\u0142osy s\u0105 pod 100% ochron\u0105. Nie grozi im szkodliwe dzia\u0142anie wysokich [&hellip;]<\/p>\n","protected":false},"featured_media":8918,"comment_status":"closed","ping_status":"open","template":"","meta":[],"product_cat":[261,262],"product_tag":[700,716,688],"class_list":["post-8917","product","type-product","status-publish","has-post-thumbnail","hentry","product_cat-philips","product_cat-suszarki-do-wlosow","product_tag-bajki-do-czytania-dla-dzieci","product_tag-filmy-animowane-o-swietach","product_tag-kolysanki-tekst"],"_links":{"self":[{"href":"http:\/\/klubmamgdynia.pl\/index.php\/wp-json\/wp\/v2\/product\/8917","targetHints":{"allow":["GET"]}}],"collection":[{"href":"http:\/\/klubmamgdynia.pl\/index.php\/wp-json\/wp\/v2\/product"}],"about":[{"href":"http:\/\/klubmamgdynia.pl\/index.php\/wp-json\/wp\/v2\/types\/product"}],"replies":[{"embeddable":true,"href":"http:\/\/klubmamgdynia.pl\/index.php\/wp-json\/wp\/v2\/comments?post=8917"}],"wp:featuredmedia":[{"embeddable":true,"href":"http:\/\/klubmamgdynia.pl\/index.php\/wp-json\/wp\/v2\/media\/8918"}],"wp:attachment":[{"href":"http:\/\/klubmamgdynia.pl\/index.php\/wp-json\/wp\/v2\/media?parent=8917"}],"wp:term":[{"taxonomy":"product_cat","embeddable":true,"href":"http:\/\/klubmamgdynia.pl\/index.php\/wp-json\/wp\/v2\/product_cat?post=8917"},{"taxonomy":"product_tag","embeddable":true,"href":"http:\/\/klubmamgdynia.pl\/index.php\/wp-json\/wp\/v2\/product_tag?post=8917"}],"curies":[{"name":"wp","href":"https:\/\/api.w.org\/{rel}","templated":true}]}}