{"id":8919,"date":"2014-05-08T02:53:17","date_gmt":"2014-05-08T00:53:17","guid":{"rendered":"http:\/\/klubmamgdynia.pl\/index.php\/produkt\/mpm-mcz-98\/"},"modified":"2026-04-28T17:55:50","modified_gmt":"2026-04-28T15:55:50","slug":"mpm-mcz-98","status":"publish","type":"product","link":"http:\/\/klubmamgdynia.pl\/index.php\/produkt\/mpm-mcz-98\/","title":{"rendered":"MPM MCZ-98"},"content":{"rendered":"<p>Czajnik bezprzewodowy MCZ-98Czajnik MCZ-98 to funkcjonalno\u015b\u0107 i wyj\u0105tkowy design. Oryginalny, tr\u00f3jwymiarowy wz\u00f3r oraz czarny kolor czyni\u0105 urz\u0105dzenie wyj\u0105tkowym.                            <\/p>\n<p>Metalowy filtr i obrotowa podstawaPraktyczny wska\u017anik poziomu wody z podzia\u0142k\u0105 pozwoli na przygotowanie odpowiedniej ilo\u015bci wrz\u0105tku. Obrotowa podstawa zapewnia pe\u0142n\u0105 swobod\u0119 u\u017cytkowania. Co wa\u017cne, czajnik ma wyjmowany filtr antywapienny, kt\u00f3ry u\u0142atwia czyszczenie czajnika i przyczynia si\u0119 do poprawy jako\u015bci wody. Filtr wykonany jest z metalu co znacznie zwi\u0119ksza jego trwa\u0142o\u015b\u0107 i okres u\u017cytkowania.\u00a0Czajnik elektryczny MCZ-98 posiada oryginalny w\u0142\u0105cznik STRIX, kt\u00f3ry kontroluje prac\u0119 elektrycznych element\u00f3w czajnika.                            <\/p>\n<p>Pod\u015bwietlany w\u0142\u0105cznikCzajnik MCZ-98 posiada zakryty element grzewczy i automatyczne wy\u0142\u0105czenie po zagotowaniu. Pod\u015bwietlany w\u0142\u0105cznik i wyjmowana pokrywka znacznie zwi\u0119kszaj\u0105 komfort u\u017cytkowania.<\/p>\n<h2>MPM MCZ-98 MPM<\/h2>\n<p>bursztynek, zagadki typu co to jest, kr\u00f3tkie bajki do czytania na dobranoc, najrzadsze imiona, pomys\u0142y na prezent na roczek, w uk\u0142adzie s\u0142onecznym tekst, zadania logiczne dla dzieci, felix net i nika oraz gang niewidzialnych ludzi test z odpowiedziami, wroc\u0142aw atrakcje dla m\u0142odzie\u017cy, irma, zagadki dla dzieci 10-12 lat trudne, dynie pozna\u0144, cytaty o dzieciach i rodzicach, szablony do wyklejania plastelin\u0105, quiz o wio\u015bnie, jak narysowa\u0107 kota<\/p>\n<p>yyyyy<\/p>\n<p>&nbsp;<\/p>\n","protected":false},"excerpt":{"rendered":"<p>Czajnik bezprzewodowy MCZ-98Czajnik MCZ-98 to funkcjonalno\u015b\u0107 i wyj\u0105tkowy design. Oryginalny, tr\u00f3jwymiarowy wz\u00f3r oraz czarny kolor czyni\u0105 urz\u0105dzenie wyj\u0105tkowym. Metalowy filtr i obrotowa podstawaPraktyczny wska\u017anik poziomu wody z podzia\u0142k\u0105 pozwoli na przygotowanie odpowiedniej ilo\u015bci wrz\u0105tku. Obrotowa podstawa zapewnia pe\u0142n\u0105 swobod\u0119 u\u017cytkowania. Co wa\u017cne, czajnik ma wyjmowany filtr antywapienny, kt\u00f3ry u\u0142atwia czyszczenie czajnika i przyczynia si\u0119 do [&hellip;]<\/p>\n","protected":false},"featured_media":8920,"comment_status":"closed","ping_status":"open","template":"","meta":[],"product_cat":[1278,1676],"product_tag":[699,624,806,647,805],"class_list":["post-8919","product","type-product","status-publish","has-post-thumbnail","hentry","product_cat-czajniki-elektryczne","product_cat-mpm","product_tag-kolorowanki-do-druku-dla-dziewczyn","product_tag-krotkie-zagadki","product_tag-prezent-dla-dziecka-na-roczek","product_tag-warszawa-z-dzieckiem","product_tag-znaczenie-imienia-alan"],"_links":{"self":[{"href":"http:\/\/klubmamgdynia.pl\/index.php\/wp-json\/wp\/v2\/product\/8919","targetHints":{"allow":["GET"]}}],"collection":[{"href":"http:\/\/klubmamgdynia.pl\/index.php\/wp-json\/wp\/v2\/product"}],"about":[{"href":"http:\/\/klubmamgdynia.pl\/index.php\/wp-json\/wp\/v2\/types\/product"}],"replies":[{"embeddable":true,"href":"http:\/\/klubmamgdynia.pl\/index.php\/wp-json\/wp\/v2\/comments?post=8919"}],"wp:featuredmedia":[{"embeddable":true,"href":"http:\/\/klubmamgdynia.pl\/index.php\/wp-json\/wp\/v2\/media\/8920"}],"wp:attachment":[{"href":"http:\/\/klubmamgdynia.pl\/index.php\/wp-json\/wp\/v2\/media?parent=8919"}],"wp:term":[{"taxonomy":"product_cat","embeddable":true,"href":"http:\/\/klubmamgdynia.pl\/index.php\/wp-json\/wp\/v2\/product_cat?post=8919"},{"taxonomy":"product_tag","embeddable":true,"href":"http:\/\/klubmamgdynia.pl\/index.php\/wp-json\/wp\/v2\/product_tag?post=8919"}],"curies":[{"name":"wp","href":"https:\/\/api.w.org\/{rel}","templated":true}]}}