{"id":892,"date":"2021-03-10T21:54:08","date_gmt":"2021-03-10T20:54:08","guid":{"rendered":"http:\/\/klubmamgdynia.pl\/index.php\/produkt\/torba-plecak-do-wozka-dla-mamy-taty\/"},"modified":"2026-04-22T21:57:42","modified_gmt":"2026-04-22T19:57:42","slug":"torba-plecak-do-wozka-dla-mamy-taty","status":"publish","type":"product","link":"http:\/\/klubmamgdynia.pl\/index.php\/produkt\/torba-plecak-do-wozka-dla-mamy-taty\/","title":{"rendered":"Torba plecak do w\u00f3zka dla mamy taty"},"content":{"rendered":"<p>2 w 1, Torba i plecak dla Rodzica do w\u00f3zka i nie tylko#Mama #TataWiele kieszeni, paski jak u plecaka pozwalaj\u0105 nosi\u0107 torb\u0119 jak plecak, w zale\u017cno\u015bci od potrzeb i wygodyKa\u017cdy rodzic doskonale rozumie potrzeb\u0119 dobrej organizacji nie tylko w domu, ale tak\u017ce podczas codziennych spacer\u00f3w z dzieckiem. Specjalnie zaprojektowana, funkcjonalna torba do w\u00f3zk\u00f3w pomo\u017ce Ci zosta\u0107 mistrzem planowania du\u017cych i ma\u0142ych eskapad z ma\u0142ym dzieckiem!Torba posiada liczne, dedykowane kieszenie, w kt\u00f3rych uporz\u0105dkujesz najpotrzebniejsze gad\u017cety (np. telefon, pieluchy, dzieci\u0119ce kosmetyki czy ubranka). W \u015brodku znajduje si\u0119 tak\u017ce por\u0119czna, przegr\u00f3dka.Torba w uniwersalnej kolorystyce z estetycznym wzorem pasuje do ka\u017cdego w\u00f3zka.Torba posiada trzy kieszonki na butelki lub s\u0142oiczki,Boczne kieszonkiPozosta\u0142e kieszenie zapinane na metalowe zamki b\u0142yskawiczne.Po bokach siatkowe kieszonki z regulacj\u0105, doskona\u0142e na butelki.Pasek posiada specjaln\u0105 wy\u015bci\u00f3\u0142k\u0119, dzi\u0119ki czemu nie wbija si\u0119 w rami\u0119.Po bokach doszyte por\u0119czne uszy.Boczne zamocowania umo\u017cliwiaj\u0105 zawieszenie torby na r\u0105czce w\u00f3zka.Wytrzyma\u0142a i \u0142atwa w czyszczeniu.Na tej aukcji kupujesz plecak w kolorze czerwonym,Zdj\u0119cia plecaka w innym kolorze ni\u017c czerwony maj\u0105 charakter prezentacyjny.WODOODPORNO\u015a\u0106 \u2013 wykonana ze specjalnej pow\u0142oki, torba jest wodoodporna, nie wch\u0142ania wody. Wszelkie zabrudzenia mo\u017cemy usun\u0105\u0107 za pomoc\u0105 wilgotnej \u015bciereczki.Zmie\u015bcisz nawet 3 butelki \u2013 wewn\u0105trz ma\u0142ej kieszonki, kt\u00f3ra znajduje si\u0119 z przodu plecaczka zastosowano 3 oddzielne miejsca na butelki \u2013 ich przechowywanie b\u0119dzie \u0142atwe oraz bezpieczne \u2013 nie ma ryzyka, \u017ce kiedy nie zakr\u0119cimy butelki ca\u0142o\u015b\u0107 rozleje nam si\u0119 i zaleje pozosta\u0142e rzeczy.G\u0142\u00f3wna komora \u2013 torba jest du\u017ca i zmie\u015bci wszystko co potrzebuje Twoja pociecha. G\u0142\u00f3wna komora oraz zewn\u0119trzna kiesze\u0144 zamykane s\u0105 na zamek b\u0142yskawiczny (g\u0142\u00f3wna komora zamykana jest na podw\u00f3jny suwak). Wewn\u0105trz znajduj\u0105 si\u0119 2 kieszonki na telefon lub wa\u017cne dokumenty. Po obu bokach znajduj\u0105 si\u0119 2 kieszonki, kt\u00f3re umo\u017cliwi\u0105 na przechowywanie butelek, kt\u00f3re potrzebujemy mie\u0107 pod r\u0119k\u0105, jest to te\u017c idealne miejsce na parasol.<\/p>\n<h2>Torba plecak do w\u00f3zka dla mamy taty Iso Trade<\/h2>\n<p>zagadki logiczne dla doros\u0142ych, gad\u017cety dla nastolatk\u00f3w 2021, najpi\u0119kniejsze cytaty dziecko cytaty, rysunki do druku, prezent dla nastolatk\u00f3w ch\u0142opc\u00f3w, zagadki o owocach<\/p>\n<p>yyyyy<\/p>\n<p>&nbsp;<\/p>\n","protected":false},"excerpt":{"rendered":"<p>2 w 1, Torba i plecak dla Rodzica do w\u00f3zka i nie tylko#Mama #TataWiele kieszeni, paski jak u plecaka pozwalaj\u0105 nosi\u0107 torb\u0119 jak plecak, w zale\u017cno\u015bci od potrzeb i wygodyKa\u017cdy rodzic doskonale rozumie potrzeb\u0119 dobrej organizacji nie tylko w domu, ale tak\u017ce podczas codziennych spacer\u00f3w z dzieckiem. Specjalnie zaprojektowana, funkcjonalna torba do w\u00f3zk\u00f3w pomo\u017ce Ci [&hellip;]<\/p>\n","protected":false},"featured_media":893,"comment_status":"closed","ping_status":"open","template":"","meta":[],"product_cat":[127,296],"product_tag":[837,848,854],"class_list":["post-892","product","type-product","status-publish","has-post-thumbnail","hentry","product_cat-akcesoria-do-wozkow","product_cat-iso-trade","product_tag-cicha-noc-po-angielsku","product_tag-cytat-o-rodzinie","product_tag-cytaty-rodzina"],"_links":{"self":[{"href":"http:\/\/klubmamgdynia.pl\/index.php\/wp-json\/wp\/v2\/product\/892","targetHints":{"allow":["GET"]}}],"collection":[{"href":"http:\/\/klubmamgdynia.pl\/index.php\/wp-json\/wp\/v2\/product"}],"about":[{"href":"http:\/\/klubmamgdynia.pl\/index.php\/wp-json\/wp\/v2\/types\/product"}],"replies":[{"embeddable":true,"href":"http:\/\/klubmamgdynia.pl\/index.php\/wp-json\/wp\/v2\/comments?post=892"}],"wp:featuredmedia":[{"embeddable":true,"href":"http:\/\/klubmamgdynia.pl\/index.php\/wp-json\/wp\/v2\/media\/893"}],"wp:attachment":[{"href":"http:\/\/klubmamgdynia.pl\/index.php\/wp-json\/wp\/v2\/media?parent=892"}],"wp:term":[{"taxonomy":"product_cat","embeddable":true,"href":"http:\/\/klubmamgdynia.pl\/index.php\/wp-json\/wp\/v2\/product_cat?post=892"},{"taxonomy":"product_tag","embeddable":true,"href":"http:\/\/klubmamgdynia.pl\/index.php\/wp-json\/wp\/v2\/product_tag?post=892"}],"curies":[{"name":"wp","href":"https:\/\/api.w.org\/{rel}","templated":true}]}}