{"id":8921,"date":"2020-02-26T14:13:10","date_gmt":"2020-02-26T13:13:10","guid":{"rendered":"http:\/\/klubmamgdynia.pl\/index.php\/produkt\/lodowka-gorenje-nrk6202cli\/"},"modified":"2026-05-17T22:23:51","modified_gmt":"2026-05-17T20:23:51","slug":"lodowka-gorenje-nrk6202cli","status":"publish","type":"product","link":"http:\/\/klubmamgdynia.pl\/index.php\/produkt\/lodowka-gorenje-nrk6202cli\/","title":{"rendered":"Lod\u00f3wka Gorenje NRK6202CLI"},"content":{"rendered":"<p>FastFreeze \u2013 szybkie mro\u017cenie<\/p>\n<p>Szybkie zamra\u017canieFunkcja FastFreeze zamra\u017ca po\u017cywienie w -24\u00b0C, aby zachowa\u0107 du\u017co sk\u0142adnik\u00f3w mineralnych. Po oko\u0142o 2 dniach, funkcja jest wy\u0142\u0105czana automatycznie, a temperatura zamra\u017carki powraca do ustawienia pocz\u0105tkowego.                            <\/p>\n<p>            FastFreeze<\/p>\n<p>Szybkie zamra\u017canieZamra\u017casz du\u017ce ilo\u015bci jedzenia? Funkcja FastFreeze zamra\u017ca \u017cywno\u015b\u0107 w temperaturze -24\u00b0C, aby zachowa\u0107 minera\u0142y w \u017cywno\u015bci i zachowa\u0107 jej jako\u015b\u0107. Po oko\u0142o 26 godzinach funkcja jest automatycznie wy\u0142\u0105czana, a temperatura w komorze zamra\u017carki wraca do ustawienia pocz\u0105tkowego.                            <\/p>\n<p>            Szybkie sch\u0142adzanie<\/p>\n<p>Szybkie ch\u0142odzenie po cotygodniowych zakupachFunkcja intensywnego ch\u0142odzenia jest idealna do szybkiego sch\u0142adzania \u017cywno\u015bci po du\u017cych zakupach. Po sze\u015bciu godzinach funkcja jest automatycznie wy\u0142\u0105czana, a temperatura w komorze ch\u0142odzenia wraca do ustawienia pocz\u0105tkowego.                            <\/p>\n<p>            Kontrola wilgotno\u015bci<\/p>\n<p>Zupe\u0142nie jak \u015bwie\u017co z ogroduCrispZone wraz z kontrol\u0105 wilgotno\u015bci to jeden z bardziej pojemnych pojemnik\u00f3w na owoce i warzywa na rynku, zaprojektowany w celu utrzymania \u015bwie\u017co\u015bci produkt\u00f3w dzi\u0119ki niskiej temperaturze i mo\u017cliwo\u015bci regulacji poziomu wilgotno\u015bci.                            <\/p>\n<p>            Kompresor inwerterowy<\/p>\n<p>Wydajny, cichy i trwa\u0142yKompresory inwerterowe s\u0105 cichsze, trwalsze i zu\u017cywaj\u0105 mniej energii w por\u00f3wnaniu do kompresor\u00f3w konwencjonalnych. Lepiej i szybciej dostosowuj\u0105 si\u0119 do zmian temperatury w lod\u00f3wce, na przyk\u0142ad po otwarciu drzwi, co oznacza mniejsze wahania temperatury i lepsze warunki przechowywania \u017cywno\u015bci.                            <\/p>\n<p>            Idealne dopasowanie<\/p>\n<p>Elegancki i wyrafinowany wygl\u0105dDzi\u0119ki konstrukcji o zoptymalizowanej g\u0142\u0119boko\u015bci\u0105 ta ch\u0142odziarko-zamra\u017carka b\u0119dzie elegancko pasowa\u0107 do Twojej kuchni, oferuj\u0105c jednocze\u015bnie bardzo du\u017c\u0105 pojemno\u015b\u0107.                            <\/p>\n<p>            O\u015bwietlenie LED<\/p>\n<p>Dobrze rozmieszczone i wydajneO\u015bwietlenie LED w lod\u00f3wkach zapewnia doskona\u0142e i bardzo wydajne o\u015bwietlenie, poniewa\u017c ma znacznie d\u0142u\u017csz\u0105 \u017cywotno\u015b\u0107 i zu\u017cywa znacznie mniej energii ni\u017c tradycyjne \u017car\u00f3wki.                            <\/p>\n<p>            MultiFlow 360\u00b0<\/p>\n<p>Idealny mikroklimat na ka\u017cdej p\u00f3\u0142ceSystem wentylacji MultiFlow 360\u00b0 r\u00f3wnomiernie rozprowadza powietrze w komorze ch\u0142odziarki, aby zapewni\u0107 optymaln\u0105 cyrkulacj\u0119 powietrza i najlepsze warunki przechowywania \u017cywno\u015bci.                            <\/p>\n<p>            NoFrost Plus<\/p>\n<p>Koniec ze \u017cmudnym rozmra\u017caniemJeden z najlepszych system\u00f3w ch\u0142odzenia na rynku, zainstalowany w komorze zamra\u017carki, zapobiega gromadzeniu si\u0119 lodu i szronu. W rezultacie nie trzeba rozmra\u017ca\u0107 wn\u0119trza zamra\u017carki, a jego pojemno\u015b\u0107 mo\u017cna wykorzysta\u0107 bardziej efektywnie. Opakowania lub kawa\u0142ki mro\u017conek nie przylegaj\u0105 do siebie, dzi\u0119ki czemu komora zamra\u017carki jest schludna i uporz\u0105dkowana.                            <\/p>\n<p>            Sterowanie dotykowe<\/p>\n<p>Zaawansowane sterowanie za pomoc\u0105 wy\u015bwietlacza LEDDu\u017cy i przejrzysty wy\u015bwietlacz LED umo\u017cliwia natychmiastow\u0105 kontrol\u0119 ustawie\u0144 temperatury. Funkcje takie jak &#8222;szybkie zamra\u017canie&#8221; i &#8222;tryb wakacyjny&#8221; mo\u017cna w\u0142\u0105czy\u0107 jednym dotkni\u0119ciem. A w przypadku nag\u0142ego wzrostu temperatury, zintegrowany alarm od razu Ci\u0119 ostrze\u017ce.                            <\/p>\n<p>            Super cicha<\/p>\n<p>Niski poziom emisji d\u017awi\u0119kuCh\u0142odziarko-zamra\u017carka pracuje z pewnym poziomem ha\u0142asu, kt\u00f3ry jest tak cichy jak szeptana rozmowa mi\u0119dzy dwojgiem ludzi. Tak cicha praca jest wynikiem doskona\u0142ej izolacji i innowacyjnych rozwi\u0105za\u0144 uk\u0142adu ch\u0142odzenia.                            <\/p>\n<p>            TwistIce &#8211; obrotowa kostkarka do lodu<\/p>\n<p>L\u00f3d, zawsze na wyci\u0105gni\u0119cie r\u0119kiW zamra\u017carce zawsze jest wystarczaj\u0105co lodu dzi\u0119ki wyjmowanej wewn\u0119trznej kostkarce do lodu TwistIce. Wystarczy przekr\u0119ci\u0107 r\u0105czk\u0119 i napi\u0107 si\u0119 sch\u0142odzonego napoju.                            <\/p>\n<p>            XtraSpace<\/p>\n<p>Praktyczny i przestronna przestrze\u0144Efektywnie zaprojektowane wn\u0119trze oferuje wystarczaj\u0105co du\u017co miejsca na wi\u0119ksze ilo\u015bci jedzenia, co oszcz\u0119dza cz\u0119stych zakup\u00f3w. Jedzenie mo\u017cna \u0142atwo zorganizowa\u0107 na szklanych p\u00f3\u0142kach, w du\u017cych szufladach lub pojemnikach na wewn\u0119trznej \u015bcianie drzwi. Oznacza to, \u017ce zawsze mo\u017cesz zobaczy\u0107, co jest dost\u0119pne a tym samym ograniczy\u0107 marnowanie jedzenia.<\/p>\n<h2>Lod\u00f3wka Gorenje NRK6202CLI Gorenje<\/h2>\n<p>trudne zagadki wielkanocne, wzruszaj\u0105ce s\u0142owa dla przyjaci\u00f3\u0142ki, ksi\u0105\u017cka dla dzieci online, \u015bmieszne zagadki logiczne, zagadki na my\u015blenie, wierszyk o wakacjach, bajki do czytania dla ch\u0142opc\u00f3w, nasza zima z\u0142a tekst, kuba imi\u0119, bajki dla dzieci online<\/p>\n<p>yyyyy<\/p>\n<p>&nbsp;<\/p>\n","protected":false},"excerpt":{"rendered":"<p>FastFreeze \u2013 szybkie mro\u017cenie Szybkie zamra\u017canieFunkcja FastFreeze zamra\u017ca po\u017cywienie w -24\u00b0C, aby zachowa\u0107 du\u017co sk\u0142adnik\u00f3w mineralnych. Po oko\u0142o 2 dniach, funkcja jest wy\u0142\u0105czana automatycznie, a temperatura zamra\u017carki powraca do ustawienia pocz\u0105tkowego. FastFreeze Szybkie zamra\u017canieZamra\u017casz du\u017ce ilo\u015bci jedzenia? Funkcja FastFreeze zamra\u017ca \u017cywno\u015b\u0107 w temperaturze -24\u00b0C, aby zachowa\u0107 minera\u0142y w \u017cywno\u015bci i zachowa\u0107 jej jako\u015b\u0107. Po oko\u0142o [&hellip;]<\/p>\n","protected":false},"featured_media":8922,"comment_status":"closed","ping_status":"open","template":"","meta":[],"product_cat":[1758,1367],"product_tag":[613,643,741,805],"class_list":["post-8921","product","type-product","status-publish","has-post-thumbnail","hentry","product_cat-gorenje","product_cat-lodowki","product_tag-na-wyspach-bergamutach","product_tag-prezent-dla-17-latki","product_tag-wlochy","product_tag-znaczenie-imienia-alan"],"_links":{"self":[{"href":"http:\/\/klubmamgdynia.pl\/index.php\/wp-json\/wp\/v2\/product\/8921","targetHints":{"allow":["GET"]}}],"collection":[{"href":"http:\/\/klubmamgdynia.pl\/index.php\/wp-json\/wp\/v2\/product"}],"about":[{"href":"http:\/\/klubmamgdynia.pl\/index.php\/wp-json\/wp\/v2\/types\/product"}],"replies":[{"embeddable":true,"href":"http:\/\/klubmamgdynia.pl\/index.php\/wp-json\/wp\/v2\/comments?post=8921"}],"wp:featuredmedia":[{"embeddable":true,"href":"http:\/\/klubmamgdynia.pl\/index.php\/wp-json\/wp\/v2\/media\/8922"}],"wp:attachment":[{"href":"http:\/\/klubmamgdynia.pl\/index.php\/wp-json\/wp\/v2\/media?parent=8921"}],"wp:term":[{"taxonomy":"product_cat","embeddable":true,"href":"http:\/\/klubmamgdynia.pl\/index.php\/wp-json\/wp\/v2\/product_cat?post=8921"},{"taxonomy":"product_tag","embeddable":true,"href":"http:\/\/klubmamgdynia.pl\/index.php\/wp-json\/wp\/v2\/product_tag?post=8921"}],"curies":[{"name":"wp","href":"https:\/\/api.w.org\/{rel}","templated":true}]}}