{"id":8923,"date":"2022-01-31T10:48:14","date_gmt":"2022-01-31T09:48:14","guid":{"rendered":"http:\/\/klubmamgdynia.pl\/index.php\/produkt\/fantasy-flight-games-marvel-champions-mutant-genesis-expansion-gra-w-wersji-angielskiej\/"},"modified":"2026-04-05T06:25:50","modified_gmt":"2026-04-05T04:25:50","slug":"fantasy-flight-games-marvel-champions-mutant-genesis-expansion-gra-w-wersji-angielskiej","status":"publish","type":"product","link":"http:\/\/klubmamgdynia.pl\/index.php\/produkt\/fantasy-flight-games-marvel-champions-mutant-genesis-expansion-gra-w-wersji-angielskiej\/","title":{"rendered":"Fantasy Flight Games Marvel Champions Mutant Genesis Expansion (Gra W Wersji Angielskiej)"},"content":{"rendered":"<p>Produkt w przedsprzeda\u017cyData premiery: IV kwarta\u0142 2022 r.Uwaga! Data mo\u017ce ulec zmianiePi\u0105te rozszerzenie kampanii do Marvel Champions: The Card Game!Wojna mi\u0119dzy mutantami i lud\u017ami jest nieunikniona&#8230;Marvel Champions: Mutant Genesis Expansion wprowadza do gry kilka postaci zwi\u0105zanych z X-Menami. Shadowcat i Colossus w pi\u0119ciu scenariuszach zmierz\u0105 sie z niebezpiecznymi wrogami: Sabertooth, the Sentinels, the Brotherhood of Mutants i oczywi\u015bcie Magneto!Marvel Champions: The Card Game jest kooperacyjn\u0105 \u017cyw\u0105 gr\u0105 karcian\u0105 (ang. Living Card Game), w kt\u00f3rej gracze wcielaj\u0105 si\u0119 w bohater\u00f3w Marvela, aby pokrzy\u017cowa\u0107 nikczemne plany przeciwnik\u00f3w. W trakcie gry b\u0119dziecie wzywa\u0107 kultowych sojusznik\u00f3w, przywdziewa\u0107 pot\u0119\u017cne bronie i pancerze, a tak\u017ce korzysta\u0107 z niszczycielskich taktyk w celu pokonania z\u0142oczy\u0144c\u00f3w z uniwersum Marvela.W ka\u017cdym scenariuszu Marvel Champions: The Card Game bohaterowie b\u0119d\u0105 stawia\u0107 czo\u0142a pot\u0119\u017cnym adwersarzom wykorzystuj\u0105cym unikatowe schematy, a tak\u017ce osobistym wrogom, kt\u00f3rzy mog\u0105 zosta\u0107 wtasowani do talii bohatera.W ka\u017cdej turze gracze b\u0119d\u0105 musieli zdecydowa\u0107, czy wcieli\u0107 si\u0119 w role superbohater\u00f3w i walczy\u0107 ze z\u0142oczy\u0144cami bezpo\u015brednio, czy zmieni\u0107 si\u0119 w swoje alter ego, aby powr\u00f3ci\u0107 do zdrowia, przygotowa\u0107 swoje oddzia\u0142y i walczy\u0107 ze z\u0142oczy\u0144cami po\u015brednio &#8211; za ka\u017cdym razem obieraj\u0105c interesuj\u0105c\u0105 decyzj\u0119 strategiczn\u0105. Je\u015bli bohaterowie potrafi\u0105 pokona\u0107 z\u0142oczy\u0144c\u0119, zanim on zd\u0105\u017cy uko\u0144czy\u0107 sw\u00f3j nikczemny plan, wygrywaj\u0105!<\/p>\n<h2>Fantasy Flight Games Marvel Champions Mutant Genesis Expansion (Gra W Wersji Angielskiej) Fantasy Flight Games<\/h2>\n<p>imi\u0119 pola, trudne zagadki logiczne, psi patrol rysunek, stare bajki, prezent dla 7 latki, kolorowanki pokemon do druku, matylda imie, lodowiska w warszawie, co kupi\u0107 dziewczynce na roczek, prezenty urodzinowe dla nastolatk\u00f3w, bajki na dobranoc, znaki drogowe quizy, kuba imie, quiz opowie\u015bci z narnii<\/p>\n<p>yyyyy<\/p>\n<p>&nbsp;<\/p>\n","protected":false},"excerpt":{"rendered":"<p>Produkt w przedsprzeda\u017cyData premiery: IV kwarta\u0142 2022 r.Uwaga! Data mo\u017ce ulec zmianiePi\u0105te rozszerzenie kampanii do Marvel Champions: The Card Game!Wojna mi\u0119dzy mutantami i lud\u017ami jest nieunikniona&#8230;Marvel Champions: Mutant Genesis Expansion wprowadza do gry kilka postaci zwi\u0105zanych z X-Menami. Shadowcat i Colossus w pi\u0119ciu scenariuszach zmierz\u0105 sie z niebezpiecznymi wrogami: Sabertooth, the Sentinels, the Brotherhood of [&hellip;]<\/p>\n","protected":false},"featured_media":8924,"comment_status":"closed","ping_status":"open","template":"","meta":[],"product_cat":[1752,220],"product_tag":[648,740,697],"class_list":["post-8923","product","type-product","status-publish","has-post-thumbnail","hentry","product_cat-fantasy-flight-games","product_cat-gry-karciane","product_tag-dobrej-nocy-i-sza","product_tag-fajne-prezenty-dla-nastolatkow","product_tag-krotkie-bajki-do-czytania"],"_links":{"self":[{"href":"http:\/\/klubmamgdynia.pl\/index.php\/wp-json\/wp\/v2\/product\/8923","targetHints":{"allow":["GET"]}}],"collection":[{"href":"http:\/\/klubmamgdynia.pl\/index.php\/wp-json\/wp\/v2\/product"}],"about":[{"href":"http:\/\/klubmamgdynia.pl\/index.php\/wp-json\/wp\/v2\/types\/product"}],"replies":[{"embeddable":true,"href":"http:\/\/klubmamgdynia.pl\/index.php\/wp-json\/wp\/v2\/comments?post=8923"}],"wp:featuredmedia":[{"embeddable":true,"href":"http:\/\/klubmamgdynia.pl\/index.php\/wp-json\/wp\/v2\/media\/8924"}],"wp:attachment":[{"href":"http:\/\/klubmamgdynia.pl\/index.php\/wp-json\/wp\/v2\/media?parent=8923"}],"wp:term":[{"taxonomy":"product_cat","embeddable":true,"href":"http:\/\/klubmamgdynia.pl\/index.php\/wp-json\/wp\/v2\/product_cat?post=8923"},{"taxonomy":"product_tag","embeddable":true,"href":"http:\/\/klubmamgdynia.pl\/index.php\/wp-json\/wp\/v2\/product_tag?post=8923"}],"curies":[{"name":"wp","href":"https:\/\/api.w.org\/{rel}","templated":true}]}}