{"id":8925,"date":"2024-09-27T10:17:20","date_gmt":"2024-09-27T08:17:20","guid":{"rendered":"http:\/\/klubmamgdynia.pl\/?post_type=product&#038;p=8925"},"modified":"2026-05-01T01:47:16","modified_gmt":"2026-04-30T23:47:16","slug":"fantasy-flight-games-ffg-star-wars-armada-liberty-edycja-angielska","status":"publish","type":"product","link":"http:\/\/klubmamgdynia.pl\/index.php\/produkt\/fantasy-flight-games-ffg-star-wars-armada-liberty-edycja-angielska\/","title":{"rendered":"Fantasy Flight Games Ffg Star Wars Armada &#8211; Liberty (Edycja Angielska)"},"content":{"rendered":"<p>The MC80 Liberty type Star Cruiser is the spearhead of the Rebel Alliance\u2019s fleet, and it boasts some of the heaviest firepower in the Rebel arsenal. Its impressive firepower and powerful forward shielding, demand that it is often among the first ships considered to lead Rebel strike forces into combat. The Liberty Expansion Pack introduces the Liberty miniature as a large-base Rebel ship, as well as two ship cards, and fourteen upgrades, including a new commander and three unique Titles.Czas gry: 120 min.D\u0142ugo\u015b\u0107: 35EAN: 841333100476Liczba graczy: 2Szeroko\u015b\u0107: 10Waga: 0.33 kgWiek: 14Wydawnictwo: Fantasy Flight GamesWysoko\u015b\u0107: 23<\/p>\n<h2>Fantasy Flight Games Ffg Star Wars Armada &#8211; Liberty (Edycja Angielska) Fantasy Flight Games<\/h2>\n<p>audiobook dla dzieci za darmo, bajka terapeutyczna o dokuczaniu, opowie\u015bci z narnii lew czarownica i stara szafa quiz, karnawa\u0142 maska karnawa\u0142owa szablon, ferie warszawa 2022<\/p>\n<p>yyyyy<\/p>\n<p>&nbsp;<\/p>\n","protected":false},"excerpt":{"rendered":"<p>The MC80 Liberty type Star Cruiser is the spearhead of the Rebel Alliance\u2019s fleet, and it boasts some of the heaviest firepower in the Rebel arsenal. Its impressive firepower and powerful forward shielding, demand that it is often among the first ships considered to lead Rebel strike forces into combat. The Liberty Expansion Pack introduces [&hellip;]<\/p>\n","protected":false},"featured_media":8926,"comment_status":"closed","ping_status":"open","template":"","meta":[],"product_cat":[1752,1199],"product_tag":[864,832,677,757,615],"class_list":["post-8925","product","type-product","status-publish","has-post-thumbnail","hentry","product_cat-fantasy-flight-games","product_cat-gadzety-filmowe","product_tag-basen-warszawa","product_tag-desery-dla-dzieci","product_tag-milosz-imie","product_tag-test-z-lektury-ania-z-zielonego-wzgorza-klasa-6-z-odpowiedziami","product_tag-znane-misie-z-filmow-animowanych"],"_links":{"self":[{"href":"http:\/\/klubmamgdynia.pl\/index.php\/wp-json\/wp\/v2\/product\/8925","targetHints":{"allow":["GET"]}}],"collection":[{"href":"http:\/\/klubmamgdynia.pl\/index.php\/wp-json\/wp\/v2\/product"}],"about":[{"href":"http:\/\/klubmamgdynia.pl\/index.php\/wp-json\/wp\/v2\/types\/product"}],"replies":[{"embeddable":true,"href":"http:\/\/klubmamgdynia.pl\/index.php\/wp-json\/wp\/v2\/comments?post=8925"}],"wp:featuredmedia":[{"embeddable":true,"href":"http:\/\/klubmamgdynia.pl\/index.php\/wp-json\/wp\/v2\/media\/8926"}],"wp:attachment":[{"href":"http:\/\/klubmamgdynia.pl\/index.php\/wp-json\/wp\/v2\/media?parent=8925"}],"wp:term":[{"taxonomy":"product_cat","embeddable":true,"href":"http:\/\/klubmamgdynia.pl\/index.php\/wp-json\/wp\/v2\/product_cat?post=8925"},{"taxonomy":"product_tag","embeddable":true,"href":"http:\/\/klubmamgdynia.pl\/index.php\/wp-json\/wp\/v2\/product_tag?post=8925"}],"curies":[{"name":"wp","href":"https:\/\/api.w.org\/{rel}","templated":true}]}}