{"id":8927,"date":"2019-06-16T22:29:39","date_gmt":"2019-06-16T20:29:39","guid":{"rendered":"http:\/\/klubmamgdynia.pl\/index.php\/produkt\/gra-planszowa-galakta-star-wars-imperium-atakuje-infiltratorzy-ibb\/"},"modified":"2026-04-03T17:29:16","modified_gmt":"2026-04-03T15:29:16","slug":"gra-planszowa-galakta-star-wars-imperium-atakuje-infiltratorzy-ibb","status":"publish","type":"product","link":"http:\/\/klubmamgdynia.pl\/index.php\/produkt\/gra-planszowa-galakta-star-wars-imperium-atakuje-infiltratorzy-ibb\/","title":{"rendered":"Gra planszowa Galakta Star Wars Imperium Atakuje Infiltratorzy IBB"},"content":{"rendered":"<p>\u201eDane zabezpieczone. Ruszamy do punktu podj\u0119cia\u201d.Wraz z Infiltratorami IBB wprowad\u017a niespodziewane manewry do swojej gry Imperium Atakuje. Zawarty w pude\u0142ku zestaw agendy \u201eInfiltracja\u201d oferuje graczowi Imperium szersze mo\u017cliwo\u015bci oraz emocjonuj\u0105c\u0105 misj\u0119 poboczn\u0105, kt\u00f3r\u0105 mo\u017cna wykorzysta\u0107 w dowolnej kampanii. Dodatkowo niniejszy zestaw zawiera nowe karty dowodzenia oraz dwie unikatowe misje konfrontacyjne do rywalizacji dwuosobowej. Uwaga! To nie jest samodzielna gra!Do rozgrywki wymagana jest podstawowa wersja gry:Star Wars: Imperium Atakuje.<\/p>\n<h2>Gra planszowa Galakta Star Wars Imperium Atakuje Infiltratorzy IBB Fantasy Flight Games<\/h2>\n<p>prezent dla nastolatek, kolorowanka kotka, prezent na roczek nie zabawka, kotki dwa tekst, cookie dough przepis, opowiadanie o jesieni dla dzieci, zagadki \u015bmieszne podchwytliwe, bajka o smoku wawelskim, gra planszowa dla nastolatk\u00f3w<\/p>\n<p>yyyyy<\/p>\n<p>&nbsp;<\/p>\n","protected":false},"excerpt":{"rendered":"<p>\u201eDane zabezpieczone. Ruszamy do punktu podj\u0119cia\u201d.Wraz z Infiltratorami IBB wprowad\u017a niespodziewane manewry do swojej gry Imperium Atakuje. Zawarty w pude\u0142ku zestaw agendy \u201eInfiltracja\u201d oferuje graczowi Imperium szersze mo\u017cliwo\u015bci oraz emocjonuj\u0105c\u0105 misj\u0119 poboczn\u0105, kt\u00f3r\u0105 mo\u017cna wykorzysta\u0107 w dowolnej kampanii. Dodatkowo niniejszy zestaw zawiera nowe karty dowodzenia oraz dwie unikatowe misje konfrontacyjne do rywalizacji dwuosobowej. Uwaga! To [&hellip;]<\/p>\n","protected":false},"featured_media":8928,"comment_status":"closed","ping_status":"open","template":"","meta":[],"product_cat":[1752,235],"product_tag":[658,831,652,868,823,623],"class_list":["post-8927","product","type-product","status-publish","has-post-thumbnail","hentry","product_cat-fantasy-flight-games","product_cat-gry-planszowe","product_tag-alan-znaczenie-imienia","product_tag-bruno","product_tag-otto","product_tag-quizy-dla-dzieci","product_tag-zagadki-dla-dzieci-7-lat","product_tag-zagadki-logiczne-smieszne"],"_links":{"self":[{"href":"http:\/\/klubmamgdynia.pl\/index.php\/wp-json\/wp\/v2\/product\/8927","targetHints":{"allow":["GET"]}}],"collection":[{"href":"http:\/\/klubmamgdynia.pl\/index.php\/wp-json\/wp\/v2\/product"}],"about":[{"href":"http:\/\/klubmamgdynia.pl\/index.php\/wp-json\/wp\/v2\/types\/product"}],"replies":[{"embeddable":true,"href":"http:\/\/klubmamgdynia.pl\/index.php\/wp-json\/wp\/v2\/comments?post=8927"}],"wp:featuredmedia":[{"embeddable":true,"href":"http:\/\/klubmamgdynia.pl\/index.php\/wp-json\/wp\/v2\/media\/8928"}],"wp:attachment":[{"href":"http:\/\/klubmamgdynia.pl\/index.php\/wp-json\/wp\/v2\/media?parent=8927"}],"wp:term":[{"taxonomy":"product_cat","embeddable":true,"href":"http:\/\/klubmamgdynia.pl\/index.php\/wp-json\/wp\/v2\/product_cat?post=8927"},{"taxonomy":"product_tag","embeddable":true,"href":"http:\/\/klubmamgdynia.pl\/index.php\/wp-json\/wp\/v2\/product_tag?post=8927"}],"curies":[{"name":"wp","href":"https:\/\/api.w.org\/{rel}","templated":true}]}}