{"id":8931,"date":"2016-07-16T15:45:06","date_gmt":"2016-07-16T13:45:06","guid":{"rendered":"http:\/\/klubmamgdynia.pl\/index.php\/produkt\/thrustmaster-ferrari-f1-4160571-czerwona\/"},"modified":"2026-05-17T22:23:51","modified_gmt":"2026-05-17T20:23:51","slug":"thrustmaster-ferrari-f1-4160571-czerwona","status":"publish","type":"product","link":"http:\/\/klubmamgdynia.pl\/index.php\/produkt\/thrustmaster-ferrari-f1-4160571-czerwona\/","title":{"rendered":"Thrustmaster Ferrari F1 (4160571) Czerwona"},"content":{"rendered":"<p>Pe\u0142nowymiarowa replika kierownicy bolidu Formu\u0142y 1 Ferrari z 2011 r. na oficjalnej licencji firmy Ferrari, zgodna z podstawami kierownic wy\u015bcigowych T500 RS*, T300 RS*, T300 Ferrari GTE* i TX.Posiada \u0142opatki zmiany bieg\u00f3w typu Push &amp; Pull z drapanego\/szczotkowanego metalu, jak w prawdziwych bolidach F1, p\u0142yt\u0119 czo\u0142owa ze wzmocnionego drapanego\/szczotkowanego metalu zapewniaj\u0105ca optymaln\u0105 solidno\u015b\u0107 i bezw\u0142adno\u015b\u0107, gumow\u0105 faktur\u0119 zapewniaj\u0105ca realistyczne wra\u017cenia i wygodny chwyt, profesjonalne pokr\u0119t\u0142a, prze\u0142\u0105czniki i przyciski czynno\u015bci. Charakteryzuje si\u0119 mo\u017cliwo\u015bci\u0105 szybkiego zdj\u0119cia kierownicy T500 RS*, T300 RS*, T300 Ferrari GTE* lub TX* i za\u0142o\u017cenia kierownicy F1 Ferrari* (lub na odwr\u00f3t). * Do nabycia osobno.Informacje o produkciePlatforma (gry) PlayStation 3Po\u0142\u0105czenie PrzewodoweLiczba przycisk\u00f3w 8D-pad 8-kierunkowyZasilanie SiecioweKolor (wyliczeniowy) CzarnyWaga 1.295 kg<\/p>\n<h2>Thrustmaster Ferrari F1 (4160571) Czerwona ThrustMaster<\/h2>\n<p>lego ninjago kolorowanki, kolorowanki spongebob, kwiecien plecien, tekst ko\u0142ysanki, prezenty dla nastolatk\u00f3w<\/p>\n<p>yyyyy<\/p>\n<p>&nbsp;<\/p>\n","protected":false},"excerpt":{"rendered":"<p>Pe\u0142nowymiarowa replika kierownicy bolidu Formu\u0142y 1 Ferrari z 2011 r. na oficjalnej licencji firmy Ferrari, zgodna z podstawami kierownic wy\u015bcigowych T500 RS*, T300 RS*, T300 Ferrari GTE* i TX.Posiada \u0142opatki zmiany bieg\u00f3w typu Push &amp; Pull z drapanego\/szczotkowanego metalu, jak w prawdziwych bolidach F1, p\u0142yt\u0119 czo\u0142owa ze wzmocnionego drapanego\/szczotkowanego metalu zapewniaj\u0105ca optymaln\u0105 solidno\u015b\u0107 i bezw\u0142adno\u015b\u0107, [&hellip;]<\/p>\n","protected":false},"featured_media":8932,"comment_status":"closed","ping_status":"open","template":"","meta":[],"product_cat":[1759,1760],"product_tag":[819,847,579],"class_list":["post-8931","product","type-product","status-publish","has-post-thumbnail","hentry","product_cat-kierownice","product_cat-thrustmaster","product_tag-co-kupic-nastolatce-na-swieta","product_tag-kolorowanki-pokemon","product_tag-quiz-opowiesci-z-narnii-lew-czarownica-i-stara-szafa"],"_links":{"self":[{"href":"http:\/\/klubmamgdynia.pl\/index.php\/wp-json\/wp\/v2\/product\/8931","targetHints":{"allow":["GET"]}}],"collection":[{"href":"http:\/\/klubmamgdynia.pl\/index.php\/wp-json\/wp\/v2\/product"}],"about":[{"href":"http:\/\/klubmamgdynia.pl\/index.php\/wp-json\/wp\/v2\/types\/product"}],"replies":[{"embeddable":true,"href":"http:\/\/klubmamgdynia.pl\/index.php\/wp-json\/wp\/v2\/comments?post=8931"}],"wp:featuredmedia":[{"embeddable":true,"href":"http:\/\/klubmamgdynia.pl\/index.php\/wp-json\/wp\/v2\/media\/8932"}],"wp:attachment":[{"href":"http:\/\/klubmamgdynia.pl\/index.php\/wp-json\/wp\/v2\/media?parent=8931"}],"wp:term":[{"taxonomy":"product_cat","embeddable":true,"href":"http:\/\/klubmamgdynia.pl\/index.php\/wp-json\/wp\/v2\/product_cat?post=8931"},{"taxonomy":"product_tag","embeddable":true,"href":"http:\/\/klubmamgdynia.pl\/index.php\/wp-json\/wp\/v2\/product_tag?post=8931"}],"curies":[{"name":"wp","href":"https:\/\/api.w.org\/{rel}","templated":true}]}}