{"id":8933,"date":"2024-07-11T04:40:12","date_gmt":"2024-07-11T02:40:12","guid":{"rendered":"http:\/\/klubmamgdynia.pl\/?post_type=product&#038;p=8933"},"modified":"2026-04-05T20:12:52","modified_gmt":"2026-04-05T18:12:52","slug":"remington-ionic-dry-2200-d3190","status":"publish","type":"product","link":"http:\/\/klubmamgdynia.pl\/index.php\/produkt\/remington-ionic-dry-2200-d3190\/","title":{"rendered":"REMINGTON Ionic Dry 2200 D3190"},"content":{"rendered":"<p>Remington Ionic Dry D 3190 &#8211; suszarka o du\u017cej mocy (2200W) gwarantuje dopracowanie ka\u017cdej fryzury do absolutnej perfekcji.                            <\/p>\n<p>REMINGTON Ionic Dry 2200 D3190Model D3190 marki Remington jest wyposa\u017cony we wszystkie funkcje, kt\u00f3re powinna mie\u0107 dobra suszarka \u2013 kilka tryb\u00f3w grzania i pr\u0119dko\u015bci, kilka dyszy oraz funkcj\u0119 jonizacji.                            <\/p>\n<p>Funkcja jonizacjiDzi\u0119ki funkcji jonizacji marki Remington w\u0142osy stan\u0105 si\u0119 g\u0142adsze po wysuszeniu przy u\u017cyciu suszarki D3190. Ponadto nie b\u0119d\u0105 si\u0119 puszy\u0107.                            <\/p>\n<p>Grzanie i zimne powietrzeZ pewno\u015bci\u0105 chcesz suszy\u0107 w\u0142osy zar\u00f3wno ciep\u0142ym, jak i zimnym powietrzem. Do tego celu s\u0142u\u017c\u0105 trzy tryby grzania i tryb nawiewu zimnego powietrza. Pr\u0119dko\u015b\u0107 nadmuchu mo\u017cna regulowa\u0107 na dw\u00f3ch poziomach.                            <\/p>\n<p>W\u0141A\u015aCIWO\u015aCI:Poczuj si\u0119 pi\u0119knie i kobieco.Stylizacja ka\u017cdego typu w\u0142os\u00f3w.Uniwersalna suszarka niemal dla ka\u017cdego.Sprz\u0119t do zada\u0144 specjalnych.Wybierz j\u0105 je\u017celi masz d\u0142ugie i g\u0119ste w\u0142osy i cz\u0119sto je suszysz.\u0141atwo dopasujesz j\u0105 do w\u0142asnych potrzeb.Utrwala fryzur\u0119 po zako\u0144czonym suszeniu dzi\u0119ki zimnym nadmuchom powietrza.Dyfuzor dla kr\u0119conych w\u0142os\u00f3w                            <\/p>\n<p>Gwarantuje dopracowanie ka\u017cdej fryzury do absolutnej perfekcji. Technologia jonizuj\u0105ca minimalizuje puszenie si\u0119 w\u0142os\u00f3w. Urz\u0105dzenie zapewnia pi\u0119kny wygl\u0105d w\u0142os\u00f3w ka\u017cdego dnia &#8211; bez wzgl\u0119du na wybrany przez u\u017cytkownika styl.Zimny nadmuch jest idealny do utrwalenia fryzury po sko\u0144czonym suszeniu w\u0142os\u00f3w. Dzi\u0119ki strumieniowi zimnego powietrza fryzura d\u0142u\u017cej zachowa sw\u00f3j kszta\u0142t.Dyfuzor \u015bwietnie sprawdzi si\u0119 przy kr\u0119conych w\u0142osach. Poniewa\u017c s\u0105 wysokoporowate i nie zaleca si\u0119 aby strumie\u0144 ciep\u0142a by\u0142 skierowany bezpo\u015brednio na w\u0142osy.Koncentrator skupia ciep\u0142o w jednej p\u0142aszczy\u017anie i mo\u017ce sprawdzi\u0107 si\u0119 przy wyg\u0142adzaniu, b\u0105d\u017a prostowaniu kiedy naci\u0105gamy w\u0142os na szczotk\u0119. Kieruje nadmuch powietrza na konkretny obszar, co pozwala na precyzyjne modelowanie fryzury.<\/p>\n<h2>REMINGTON Ionic Dry 2200 D3190 Remington<\/h2>\n<p>stare piosenki, miko\u0142ajek quiz, zagadki o wio\u015bnie dla dzieci, zagadki z odpowiedziami \u015bmieszne, uk\u0142ad s\u0142oneczny do druku, ma\u0142o nas do pieczenia chleba, pomys\u0142y na prezent dla nastolatk\u00f3w, \u0142amig\u0142\u00f3wki do druku, zagadki zagadki, karty pracy po ukrai\u0144sku, nietypowe imiona \u017ce\u0144skie<\/p>\n<p>yyyyy<\/p>\n<p>&nbsp;<\/p>\n","protected":false},"excerpt":{"rendered":"<p>Remington Ionic Dry D 3190 &#8211; suszarka o du\u017cej mocy (2200W) gwarantuje dopracowanie ka\u017cdej fryzury do absolutnej perfekcji. REMINGTON Ionic Dry 2200 D3190Model D3190 marki Remington jest wyposa\u017cony we wszystkie funkcje, kt\u00f3re powinna mie\u0107 dobra suszarka \u2013 kilka tryb\u00f3w grzania i pr\u0119dko\u015bci, kilka dyszy oraz funkcj\u0119 jonizacji. Funkcja jonizacjiDzi\u0119ki funkcji jonizacji marki Remington w\u0142osy stan\u0105 [&hellip;]<\/p>\n","protected":false},"featured_media":8934,"comment_status":"closed","ping_status":"open","template":"","meta":[],"product_cat":[1745,262],"product_tag":[677,599,804,581],"class_list":["post-8933","product","type-product","status-publish","has-post-thumbnail","hentry","product_cat-remington","product_cat-suszarki-do-wlosow","product_tag-milosz-imie","product_tag-prezent-dla-nastolatkow-2021","product_tag-ryz-z-owocami","product_tag-zagadki-dla-8-latka"],"_links":{"self":[{"href":"http:\/\/klubmamgdynia.pl\/index.php\/wp-json\/wp\/v2\/product\/8933","targetHints":{"allow":["GET"]}}],"collection":[{"href":"http:\/\/klubmamgdynia.pl\/index.php\/wp-json\/wp\/v2\/product"}],"about":[{"href":"http:\/\/klubmamgdynia.pl\/index.php\/wp-json\/wp\/v2\/types\/product"}],"replies":[{"embeddable":true,"href":"http:\/\/klubmamgdynia.pl\/index.php\/wp-json\/wp\/v2\/comments?post=8933"}],"wp:featuredmedia":[{"embeddable":true,"href":"http:\/\/klubmamgdynia.pl\/index.php\/wp-json\/wp\/v2\/media\/8934"}],"wp:attachment":[{"href":"http:\/\/klubmamgdynia.pl\/index.php\/wp-json\/wp\/v2\/media?parent=8933"}],"wp:term":[{"taxonomy":"product_cat","embeddable":true,"href":"http:\/\/klubmamgdynia.pl\/index.php\/wp-json\/wp\/v2\/product_cat?post=8933"},{"taxonomy":"product_tag","embeddable":true,"href":"http:\/\/klubmamgdynia.pl\/index.php\/wp-json\/wp\/v2\/product_tag?post=8933"}],"curies":[{"name":"wp","href":"https:\/\/api.w.org\/{rel}","templated":true}]}}