{"id":8935,"date":"2023-01-12T10:34:07","date_gmt":"2023-01-12T09:34:07","guid":{"rendered":"http:\/\/klubmamgdynia.pl\/?post_type=product&#038;p=8935"},"modified":"2026-04-10T15:14:24","modified_gmt":"2026-04-10T13:14:24","slug":"safari-ltd-180329-wapiti","status":"publish","type":"product","link":"http:\/\/klubmamgdynia.pl\/index.php\/produkt\/safari-ltd-180329-wapiti\/","title":{"rendered":"Safari Ltd 180329 Wapiti"},"content":{"rendered":"<p>Wapiti (Cervus canadensis) \u2013 gatunek ssaka z rodziny jeleniowatych, do niedawna uznawany za podgatunek jelenia szlachetnego, do kt\u00f3rego wapiti jest bardzo podobny. Nazwa wapiti pocz\u0105tkowo dotyczy\u0142a podgatunk\u00f3w p\u00f3\u0142nocnoameryka\u0144skich, p\u00f3\u017aniej u\u017cywana by\u0142a dla podgatunk\u00f3w zamieszkuj\u0105cych lasy strefy umiarkowanej Ameryki P\u00f3\u0142nocnej, g\u0142\u00f3wnie G\u00f3ry Skaliste oraz wschodni\u0105 cz\u0119\u015b\u0107 Azji. Na podstawie badania DNA stwierdzono wyra\u017ane r\u00f3\u017cnice pomi\u0119dzy wapiti a jeleniem szlachetnym, wystarczaj\u0105ce, aby uzna\u0107 wapiti za odr\u0119bny gatunek. Dalsze badania wykaza\u0142y wyst\u0119powanie trzech grup populacji wapiti: p\u00f3\u0142nocnoazjatycko-ameryka\u0144sk\u0105, po\u0142udniowoazjatyck\u0105 i wschodnioazjatyck\u0105. Zosta\u0142 introdukowany w Nowej Zelandii i Argentynie.Wapiti wywodz\u0105 si\u0119 z Azji \u015arodkowej, przedosta\u0142y si\u0119 do Ameryki P\u00f3\u0142nocnej przez most l\u0105dowy Beringa. Dwa z podgatunk\u00f3w wymar\u0142y: wapiti kanadyjski (C. canadensis canadensis) i C. canadensis merriami.<\/p>\n<h2>Safari Ltd 180329 Wapiti Safari<\/h2>\n<p>marcelina imi\u0119, origami dla dzieci, prezent na \u015bwi\u0119ta dla nastolatka, super zings do druku, matematyczne zagadki, maska iron man, \u015bwinka peppa kolorowanka do druku, trudne zagadki dla dzieci, znaczenie imienia milosz<\/p>\n<p>yyyyy<\/p>\n<p>&nbsp;<\/p>\n","protected":false},"excerpt":{"rendered":"<p>Wapiti (Cervus canadensis) \u2013 gatunek ssaka z rodziny jeleniowatych, do niedawna uznawany za podgatunek jelenia szlachetnego, do kt\u00f3rego wapiti jest bardzo podobny. Nazwa wapiti pocz\u0105tkowo dotyczy\u0142a podgatunk\u00f3w p\u00f3\u0142nocnoameryka\u0144skich, p\u00f3\u017aniej u\u017cywana by\u0142a dla podgatunk\u00f3w zamieszkuj\u0105cych lasy strefy umiarkowanej Ameryki P\u00f3\u0142nocnej, g\u0142\u00f3wnie G\u00f3ry Skaliste oraz wschodni\u0105 cz\u0119\u015b\u0107 Azji. Na podstawie badania DNA stwierdzono wyra\u017ane r\u00f3\u017cnice pomi\u0119dzy wapiti [&hellip;]<\/p>\n","protected":false},"featured_media":8936,"comment_status":"closed","ping_status":"open","template":"","meta":[],"product_cat":[95,1761],"product_tag":[603,650,591,620],"class_list":["post-8935","product","type-product","status-publish","has-post-thumbnail","hentry","product_cat-figurki-makiety-i-zestawy","product_cat-safari","product_tag-bajki-do-czytania","product_tag-choinka-z-bibuly","product_tag-quiz-o-minecraft","product_tag-quiz-opowiesci-z-narnii"],"_links":{"self":[{"href":"http:\/\/klubmamgdynia.pl\/index.php\/wp-json\/wp\/v2\/product\/8935","targetHints":{"allow":["GET"]}}],"collection":[{"href":"http:\/\/klubmamgdynia.pl\/index.php\/wp-json\/wp\/v2\/product"}],"about":[{"href":"http:\/\/klubmamgdynia.pl\/index.php\/wp-json\/wp\/v2\/types\/product"}],"replies":[{"embeddable":true,"href":"http:\/\/klubmamgdynia.pl\/index.php\/wp-json\/wp\/v2\/comments?post=8935"}],"wp:featuredmedia":[{"embeddable":true,"href":"http:\/\/klubmamgdynia.pl\/index.php\/wp-json\/wp\/v2\/media\/8936"}],"wp:attachment":[{"href":"http:\/\/klubmamgdynia.pl\/index.php\/wp-json\/wp\/v2\/media?parent=8935"}],"wp:term":[{"taxonomy":"product_cat","embeddable":true,"href":"http:\/\/klubmamgdynia.pl\/index.php\/wp-json\/wp\/v2\/product_cat?post=8935"},{"taxonomy":"product_tag","embeddable":true,"href":"http:\/\/klubmamgdynia.pl\/index.php\/wp-json\/wp\/v2\/product_tag?post=8935"}],"curies":[{"name":"wp","href":"https:\/\/api.w.org\/{rel}","templated":true}]}}