{"id":8937,"date":"2017-11-13T09:12:29","date_gmt":"2017-11-13T08:12:29","guid":{"rendered":"http:\/\/klubmamgdynia.pl\/index.php\/produkt\/philips-seria-5000-bhd530-00\/"},"modified":"2026-05-01T13:06:40","modified_gmt":"2026-05-01T11:06:40","slug":"philips-seria-5000-bhd530-00","status":"publish","type":"product","link":"http:\/\/klubmamgdynia.pl\/index.php\/produkt\/philips-seria-5000-bhd530-00\/","title":{"rendered":"PHILIPS SERIA 5000 BHD530\/00"},"content":{"rendered":"<p>Szybkie suszenie bez przegrzewaniaSprawd\u017a, jak dzia\u0142a technologia ThermoShield zastosowana w suszarkach Philips serii 5000. Jest wydajna i pozwala na szybkie suszenie w\u0142os\u00f3w oraz ich 100% ochron\u0119 przed uszkodzeniami termicznymi*.- Mocny silnik zapewnia pr\u0119dko\u015b\u0107 powietrza do 110 km\/h- 20%** szybsze suszenie dzi\u0119ki silnemu przep\u0142ywowi powietrza.* Ustawienie ThermoShield. ** vs zwyk\u0142a suszarka Philips.                            <\/p>\n<p>Jak dzia\u0142a technologia ThermoShield?Technologia ThermoShield kontroluje temperatur\u0119 za pomoc\u0105 inteligentnego czujnika, by Twoje w\u0142osy nie przegrzewa\u0142y si\u0119. S\u0105 one w 100% chronione przed uszkodzeniami, kt\u00f3re w standardowych modelach wywo\u0142uje dzia\u0142anie zbyt wysokiej temperatury. Dodatkowo suszenie w\u0142os\u00f3w jest o 20% szybsze.<\/p>\n<p>Nowoczesna piel\u0119gnacja jonowaW urz\u0105dzeniach marki Philips z serii 5000 zastosowano innowacyjn\u0105 technologi\u0119 jon\u00f3w mineralnych. Minimalizuje ona uszkodzenia struktury w\u0142os\u00f3w wywo\u0142ywane promieniowaniem UV. W po\u0142\u0105czeniu z technologi\u0105 jon\u00f3w ujemnych piel\u0119gnuje Twoje w\u0142osy, przeciwdzia\u0142aj\u0105c ich elektryzowaniu i puszeniu si\u0119.<\/p>\n<p>Jony mineralneWraz z jonami ujemnymi urz\u0105dzenie uwalnia cynk, kt\u00f3ry tworzy jony mineralne. Jego zadaniem jest poch\u0142anianie promieni UV i redukcja uszkodze\u0144 powierzchni w\u0142osa*. Dzi\u0119ki temu w\u0142osy staj\u0105 si\u0119 g\u0142adsze \u00a0i lepiej si\u0119 uk\u0142adaj\u0105.\u00a0 \u00a0\u00a0 \u00a0*Jonowe minera\u0142y po 6 miesi\u0105cach ekspozycji na promieniowanie UV.                            <\/p>\n<p>Jony ujemneW czasie jednej sesji suszenia uwalniane jest do 40 milion\u00f3w jon\u00f3w. Dzi\u0119ki temu w\u0142osy nabieraj\u0105 blasku i s\u0105 chronione przed puszeniem si\u0119.                            <\/p>\n<p>Dla jeszcze lepszych rezultat\u00f3w\u00a0Zimny nawiewNa koniec suszenia w\u0142os\u00f3w w\u0142\u0105cz ch\u0142odny nawiew powietrza w celu wyko\u0144czenia i utrwalenia stylizacji.<\/p>\n<p>6-stopniowe ustawieniaW suszarce masz mo\u017cliwo\u015b\u0107 ustawienia zimnego nawiewu, trybu ni\u017cszej lub wy\u017cszej temperatury oraz r\u00f3\u017cnych pr\u0119dko\u015bci suszenia. Dobierz ustawienia ciep\u0142a i pr\u0119dko\u015bci do stanu Twoich w\u0142os\u00f3w, aby uzyska\u0107 precyzyjn\u0105 kontrol\u0119 nad stylizacj\u0105.<\/p>\n<p>Akcesoria do \u0142atwej stylizacji<\/p>\n<p>DyfuzorOdpowiada za r\u00f3wnomierne rozprowadzenie strumienia powietrza na wi\u0119kszym obszarze sk\u00f3ry g\u0142owy, sprzyjaj\u0105c jednocze\u015bnie zwi\u0119kszeniu obj\u0119to\u015bci w\u0142os\u00f3w u nasady. Nadaje naturalnie prostym w\u0142osom efekt delikatnych fal, a w\u0142osom kr\u0119conym pomaga uzyska\u0107 trwa\u0142y i naturalny wygl\u0105d lok\u00f3w bez puszenia si\u0119.                            <\/p>\n<p>KoncentratorW\u0105ska ko\u0144c\u00f3wka odpowiadaj\u0105ca za skupianie \u017ar\u00f3d\u0142a ciep\u0142ego powietrza na konkretnym obszarze w\u0142os\u00f3w sprawi, \u017ce ich suszenie stanie si\u0119 jeszcze szybsze. Koncentrator sprawdzi si\u0119 do modelowania, ale r\u00f3wnie\u017c do prostowania w\u0142os\u00f3w.<\/p>\n<p>W zestawie<\/p>\n<p>1. Suszarka Philips BHD530\/00 2. Koncentrator 3. Dyfuzor                            <\/p>\n<p>\u00a0<\/p>\n<h2>PHILIPS SERIA 5000 BHD530\/00 Philips<\/h2>\n<p>skye psi patrol kolorowanka, z\u0142ote my\u015bli o przyja\u017ani, test z lektury dzieci z bullerbyn, prezenty dla nastolatka, zagadki na myslenie, cytaty korczaka, bajki dla dzieci na dobranoc do czytania, kolorowanki star wars, domki z rolek po papierze toaletowym, kolorowanki uk\u0142ad s\u0142oneczny<\/p>\n<p>yyyyy<\/p>\n<p>&nbsp;<\/p>\n","protected":false},"excerpt":{"rendered":"<p>Szybkie suszenie bez przegrzewaniaSprawd\u017a, jak dzia\u0142a technologia ThermoShield zastosowana w suszarkach Philips serii 5000. Jest wydajna i pozwala na szybkie suszenie w\u0142os\u00f3w oraz ich 100% ochron\u0119 przed uszkodzeniami termicznymi*.- Mocny silnik zapewnia pr\u0119dko\u015b\u0107 powietrza do 110 km\/h- 20%** szybsze suszenie dzi\u0119ki silnemu przep\u0142ywowi powietrza.* Ustawienie ThermoShield. ** vs zwyk\u0142a suszarka Philips. Jak dzia\u0142a technologia ThermoShield?Technologia [&hellip;]<\/p>\n","protected":false},"featured_media":8938,"comment_status":"closed","ping_status":"open","template":"","meta":[],"product_cat":[261,262],"product_tag":[744,596,661],"class_list":["post-8937","product","type-product","status-publish","has-post-thumbnail","hentry","product_cat-philips","product_cat-suszarki-do-wlosow","product_tag-kolorowanki-swiateczne-do-wydruku","product_tag-pomysly-na-prima-aprilis","product_tag-swinka-peppa-kolorowanka"],"_links":{"self":[{"href":"http:\/\/klubmamgdynia.pl\/index.php\/wp-json\/wp\/v2\/product\/8937","targetHints":{"allow":["GET"]}}],"collection":[{"href":"http:\/\/klubmamgdynia.pl\/index.php\/wp-json\/wp\/v2\/product"}],"about":[{"href":"http:\/\/klubmamgdynia.pl\/index.php\/wp-json\/wp\/v2\/types\/product"}],"replies":[{"embeddable":true,"href":"http:\/\/klubmamgdynia.pl\/index.php\/wp-json\/wp\/v2\/comments?post=8937"}],"wp:featuredmedia":[{"embeddable":true,"href":"http:\/\/klubmamgdynia.pl\/index.php\/wp-json\/wp\/v2\/media\/8938"}],"wp:attachment":[{"href":"http:\/\/klubmamgdynia.pl\/index.php\/wp-json\/wp\/v2\/media?parent=8937"}],"wp:term":[{"taxonomy":"product_cat","embeddable":true,"href":"http:\/\/klubmamgdynia.pl\/index.php\/wp-json\/wp\/v2\/product_cat?post=8937"},{"taxonomy":"product_tag","embeddable":true,"href":"http:\/\/klubmamgdynia.pl\/index.php\/wp-json\/wp\/v2\/product_tag?post=8937"}],"curies":[{"name":"wp","href":"https:\/\/api.w.org\/{rel}","templated":true}]}}