{"id":894,"date":"2014-06-01T00:10:32","date_gmt":"2014-05-31T22:10:32","guid":{"rendered":"http:\/\/klubmamgdynia.pl\/index.php\/produkt\/smily-play-lalka-szmacianka-sp83897\/"},"modified":"2026-04-27T11:24:25","modified_gmt":"2026-04-27T09:24:25","slug":"smily-play-lalka-szmacianka-sp83897","status":"publish","type":"product","link":"http:\/\/klubmamgdynia.pl\/index.php\/produkt\/smily-play-lalka-szmacianka-sp83897\/","title":{"rendered":"Smily Play Lalka Szmacianka Sp83897"},"content":{"rendered":"<p>&#8211; #wspierampolskiemarki<\/p>\n<h2>Smily Play Lalka Szmacianka Sp83897 Smily Play<\/h2>\n<p>lol kolorowanki do druku, co na prezent dla 7 latki, mi\u015b z filmu animowanego, wzory dyplom\u00f3w do pobrania, co na roczek dla ch\u0142opca, cytaty dla przyjaciela, mapa polski do wydrukowania za darmo, najlepsze zarty na prima aprilis<\/p>\n<p>yyyyy<\/p>\n<p>&nbsp;<\/p>\n","protected":false},"excerpt":{"rendered":"<p>&#8211; #wspierampolskiemarki Smily Play Lalka Szmacianka Sp83897 Smily Play lol kolorowanki do druku, co na prezent dla 7 latki, mi\u015b z filmu animowanego, wzory dyplom\u00f3w do pobrania, co na roczek dla ch\u0142opca, cytaty dla przyjaciela, mapa polski do wydrukowania za darmo, najlepsze zarty na prima aprilis yyyyy &nbsp;<\/p>\n","protected":false},"featured_media":895,"comment_status":"closed","ping_status":"open","template":"","meta":[],"product_cat":[65,62],"product_tag":[829,613,594,764],"class_list":["post-894","product","type-product","status-publish","has-post-thumbnail","hentry","product_cat-lalki","product_cat-smily-play","product_tag-bajki-do-czytania-na-dobranoc","product_tag-na-wyspach-bergamutach","product_tag-podchwytliwe-zagadki-dla-dzieci","product_tag-prezenty-na-roczek-dla-dziewczynki"],"_links":{"self":[{"href":"http:\/\/klubmamgdynia.pl\/index.php\/wp-json\/wp\/v2\/product\/894","targetHints":{"allow":["GET"]}}],"collection":[{"href":"http:\/\/klubmamgdynia.pl\/index.php\/wp-json\/wp\/v2\/product"}],"about":[{"href":"http:\/\/klubmamgdynia.pl\/index.php\/wp-json\/wp\/v2\/types\/product"}],"replies":[{"embeddable":true,"href":"http:\/\/klubmamgdynia.pl\/index.php\/wp-json\/wp\/v2\/comments?post=894"}],"wp:featuredmedia":[{"embeddable":true,"href":"http:\/\/klubmamgdynia.pl\/index.php\/wp-json\/wp\/v2\/media\/895"}],"wp:attachment":[{"href":"http:\/\/klubmamgdynia.pl\/index.php\/wp-json\/wp\/v2\/media?parent=894"}],"wp:term":[{"taxonomy":"product_cat","embeddable":true,"href":"http:\/\/klubmamgdynia.pl\/index.php\/wp-json\/wp\/v2\/product_cat?post=894"},{"taxonomy":"product_tag","embeddable":true,"href":"http:\/\/klubmamgdynia.pl\/index.php\/wp-json\/wp\/v2\/product_tag?post=894"}],"curies":[{"name":"wp","href":"https:\/\/api.w.org\/{rel}","templated":true}]}}