{"id":8941,"date":"2017-07-25T20:49:07","date_gmt":"2017-07-25T18:49:07","guid":{"rendered":"http:\/\/klubmamgdynia.pl\/index.php\/produkt\/magformers-amazing-construction-set-zestaw-konstrukcyjny-50el\/"},"modified":"2026-04-05T22:36:26","modified_gmt":"2026-04-05T20:36:26","slug":"magformers-amazing-construction-set-zestaw-konstrukcyjny-50el","status":"publish","type":"product","link":"http:\/\/klubmamgdynia.pl\/index.php\/produkt\/magformers-amazing-construction-set-zestaw-konstrukcyjny-50el\/","title":{"rendered":"Magformers Amazing Construction Set Zestaw Konstrukcyjny 50El."},"content":{"rendered":"<p>Klocki konstrukcyjne Zestaw konstrukcyjnyZestaw konstrukcyjny to nowa propozycja Magformers dla dzieci powy\u017cej 3 roku \u017cycia, zawieraj\u0105ca a\u017c 50 element\u00f3w z kt\u00f3rych mo\u017cna stworzy\u0107 nie tylko budynek, ale r\u00f3wnie\u017c pojazdy, kt\u00f3re na budowie s\u0105 niezb\u0119dne, a nawet i helikopter, kt\u00f3ry pomo\u017ce transportowa\u0107 materia\u0142y. Nowo\u015bci\u0105 w serii jest tak\u017ce obecno\u015b\u0107 figurek, kt\u00f3re zdecydowanie urozmaic\u0105 zabaw\u0119. Klocki zawieraj\u0105 magnesy neodymowe, kt\u00f3re zawsze si\u0119 przyci\u0105gaj\u0105 &#8211; wystarczy je do siebie zbli\u017cy\u0107! Do zestawu do\u0142\u0105czona jest instrukcja, kt\u00f3ra krok po kroku poka\u017ce jak zbudowa\u0107 wszystkie elementy.Informacje o produkcieNr katalogowy005-717004Seria (klocki) inneMarka (Zabawki) BrakRodzaj (klocki) MagnetyczneLiczba element\u00f3w 50Wymagania wiekowe od 3 latP\u0142e\u0107 (zabawki) Dziewczynki i ch\u0142opcyPozosta\u0142e parametryWymiary opakowania: 28.7 x 8 x 24.2 cm<\/p>\n<h2>Magformers Amazing Construction Set Zestaw Konstrukcyjny 50El. Magformers<\/h2>\n<p>imi\u0119 nela, kolorowanki na dzie\u0144 niepodleg\u0142o\u015bci do wydruku, mateusz imi\u0119, test z lektury pies kt\u00f3ry je\u017adzi\u0142 kolej\u0105, \u015bmieszne zagadki dla dzieci, prezent dla 16 latki, anastazja imi\u0119, rodzina sentencja, gaja imi\u0119, sta\u0142a pod \u015bniegiem, lucjan, zagadki o zwierz\u0119tach le\u015bnych dla dzieci, opowiadanie o jesieni dla dzieci, pan twardowski na ksi\u0119\u017cycu wiersz, test znaki drogowe, zabawki na roczek dla dziewczynki, babciu droga babciu tekst, kolorowanki z bajek, cytaty dzie\u0144 nauczyciela<\/p>\n<p>yyyyy<\/p>\n<p>&nbsp;<\/p>\n","protected":false},"excerpt":{"rendered":"<p>Klocki konstrukcyjne Zestaw konstrukcyjnyZestaw konstrukcyjny to nowa propozycja Magformers dla dzieci powy\u017cej 3 roku \u017cycia, zawieraj\u0105ca a\u017c 50 element\u00f3w z kt\u00f3rych mo\u017cna stworzy\u0107 nie tylko budynek, ale r\u00f3wnie\u017c pojazdy, kt\u00f3re na budowie s\u0105 niezb\u0119dne, a nawet i helikopter, kt\u00f3ry pomo\u017ce transportowa\u0107 materia\u0142y. Nowo\u015bci\u0105 w serii jest tak\u017ce obecno\u015b\u0107 figurek, kt\u00f3re zdecydowanie urozmaic\u0105 zabaw\u0119. Klocki zawieraj\u0105 [&hellip;]<\/p>\n","protected":false},"featured_media":8942,"comment_status":"closed","ping_status":"open","template":"","meta":[],"product_cat":[113,1749],"product_tag":[785,640,636,738],"class_list":["post-8941","product","type-product","status-publish","has-post-thumbnail","hentry","product_cat-klocki","product_cat-magformers","product_tag-prezent-dla-nastolatkow","product_tag-prezent-dla-rocznej-dziewczynki","product_tag-teksty-kolysanek","product_tag-wroclaw-dla-dzieci"],"_links":{"self":[{"href":"http:\/\/klubmamgdynia.pl\/index.php\/wp-json\/wp\/v2\/product\/8941","targetHints":{"allow":["GET"]}}],"collection":[{"href":"http:\/\/klubmamgdynia.pl\/index.php\/wp-json\/wp\/v2\/product"}],"about":[{"href":"http:\/\/klubmamgdynia.pl\/index.php\/wp-json\/wp\/v2\/types\/product"}],"replies":[{"embeddable":true,"href":"http:\/\/klubmamgdynia.pl\/index.php\/wp-json\/wp\/v2\/comments?post=8941"}],"wp:featuredmedia":[{"embeddable":true,"href":"http:\/\/klubmamgdynia.pl\/index.php\/wp-json\/wp\/v2\/media\/8942"}],"wp:attachment":[{"href":"http:\/\/klubmamgdynia.pl\/index.php\/wp-json\/wp\/v2\/media?parent=8941"}],"wp:term":[{"taxonomy":"product_cat","embeddable":true,"href":"http:\/\/klubmamgdynia.pl\/index.php\/wp-json\/wp\/v2\/product_cat?post=8941"},{"taxonomy":"product_tag","embeddable":true,"href":"http:\/\/klubmamgdynia.pl\/index.php\/wp-json\/wp\/v2\/product_tag?post=8941"}],"curies":[{"name":"wp","href":"https:\/\/api.w.org\/{rel}","templated":true}]}}