{"id":8945,"date":"2019-09-26T20:45:55","date_gmt":"2019-09-26T18:45:55","guid":{"rendered":"http:\/\/klubmamgdynia.pl\/index.php\/produkt\/skip-hop-lanczowka-motyl\/"},"modified":"2026-04-25T01:25:26","modified_gmt":"2026-04-24T23:25:26","slug":"skip-hop-lanczowka-motyl","status":"publish","type":"product","link":"http:\/\/klubmamgdynia.pl\/index.php\/produkt\/skip-hop-lanczowka-motyl\/","title":{"rendered":"Skip Hop Lancz\u00f3wka Motyl"},"content":{"rendered":"<p>Prosz\u0119 dokarmia\u0107 zwi\u0119rz\u0105tka! ;)Torba na \u015bniadanie lub podwieczorek &#8211; dla dziecka Skip Hop Zoo LunchiesTeraz na spacerze, w szkole, w przedszkolu lub na wakacjach Twoje dziecko mo\u017ce wygodnie schowa\u0107 swoje \u015bniadanie lub podwieczorek.W tej pojemnej torbie \u015bniadaniowej zmie\u015bci si\u0119 wszystko co potrzebne: kanapki, przek\u0105ski, napoje i wszystko co Twoje dziecko zechce zabra\u0107 ze sob\u0105 na wycieczk\u0119.Dzi\u0119ki weso\u0142ym bu\u017akom zwierz\u0105tek \u015bniadani\u00f3wka Skip Hop Zoo to doskona\u0142a zabawa podczas dzi\u0119ci\u0119cego lunchu!Wyposa\u017cenie:termoizolowana pojemna komora g\u0142\u00f3wnazamykana na zamek b\u0142yskawicznywielko\u015b\u0107 dopasowana do potrzeb dzieciwewn\u0105trz siatkowa kiesze\u0144 na przek\u0105ski, pieni\u0105dze, wk\u0142adk\u0119 ch\u0142odz\u0105c\u0105 lub naczyniawygodna r\u0105czka za pomoc\u0105 kt\u00f3rej mo\u017cna zamocowa\u0107 luncz\u00f3wk\u0119 do torby lub plecakazabawne uchwyty na suwakach, u\u0142atwiaj\u0105ce otwierania przez ma\u0142e dzieci\u0119ce r\u0105czkiidentyfikator &#8211; miejsce na wpisanie danych ma\u0142ego w\u0142a\u015bciciela Do kompletu polecamy: walizeczk\u0119 Skip Hop Zoo, \u015bniadani\u00f3wk\u0119 Skip Hop Zoo &#8211; w tych samych, pasuj\u0105cych wzorach kt\u00f3re kochaj\u0105 dzieci!Informacje:Wysoko\u015b\u0107: 23 cmSzeroko\u015b\u0107: 19 cmg\u0142\u0119boko\u015b\u0107: 8 cmSkip Hop &#8230; Zawsze krok naprz\u00f3dMarka Skip Hop pochodzi z Nowego Yorku. Skip Hop kocha rodzicielstwo i pomocne produkty. Po\u0142\u0105czenie pasji do tych dw\u00f3ch rzeczy tworzy unikalne, innowacyjne i bardzo funkcjonalne produkty i wyj\u0105tkowo zabawne. Z siedzib\u0105 w Nowym Jorku, Skip Hop dociera do wszystkich rodzic\u00f3w kt\u00f3rzy ceni\u0105 sobie lepszej jako\u015bci produkty, na ca\u0142ym \u015bwiecie. Marka zaanga\u017cowana nie tylko w unikalny design, lecz przede wszystkim w bezpiecze\u0144stwo i jako\u015b\u0107 swoich produkt\u00f3w.Skip Hop to szeroka gama produkt\u00f3w (torby dzieci\u0119ce, torby dla mam, walizki i plecaki dla dzieci) o unikalnym wzornictwie, za kt\u00f3rym szalej\u0105 nie tylko dzieci &#8211; lecz tak\u017ce rodzice!<\/p>\n<h2>Skip Hop Lancz\u00f3wka Motyl Skip Hop<\/h2>\n<p>beniamin imi\u0119, pranki na prima aprilis dla rodzic\u00f3w, kolorowanki wed\u0142ug kodu do druku, opisy o dziecku, pokemon kolorowanki, izabella imi\u0119, trudne zagadki, trudne \u0142amig\u0142\u00f3wki, kolorowanki lol, ninjago kolorowanki, oskar imie<\/p>\n<p>yyyyy<\/p>\n<p>&nbsp;<\/p>\n","protected":false},"excerpt":{"rendered":"<p>Prosz\u0119 dokarmia\u0107 zwi\u0119rz\u0105tka! ;)Torba na \u015bniadanie lub podwieczorek &#8211; dla dziecka Skip Hop Zoo LunchiesTeraz na spacerze, w szkole, w przedszkolu lub na wakacjach Twoje dziecko mo\u017ce wygodnie schowa\u0107 swoje \u015bniadanie lub podwieczorek.W tej pojemnej torbie \u015bniadaniowej zmie\u015bci si\u0119 wszystko co potrzebne: kanapki, przek\u0105ski, napoje i wszystko co Twoje dziecko zechce zabra\u0107 ze sob\u0105 na [&hellip;]<\/p>\n","protected":false},"featured_media":8946,"comment_status":"closed","ping_status":"open","template":"","meta":[],"product_cat":[215,1762],"product_tag":[622,593,667,688,866,756],"class_list":["post-8945","product","type-product","status-publish","has-post-thumbnail","hentry","product_cat-naczynia-i-sztucce-dla-dzieci","product_cat-skip-hop","product_tag-fajne-zagadki","product_tag-jak-narysowac-konia","product_tag-kolorowanka-lol","product_tag-kolysanki-tekst","product_tag-opis-do-zdjecia-dziecka-na-fb","product_tag-zaproszenie-na-urodziny-do-druku"],"_links":{"self":[{"href":"http:\/\/klubmamgdynia.pl\/index.php\/wp-json\/wp\/v2\/product\/8945","targetHints":{"allow":["GET"]}}],"collection":[{"href":"http:\/\/klubmamgdynia.pl\/index.php\/wp-json\/wp\/v2\/product"}],"about":[{"href":"http:\/\/klubmamgdynia.pl\/index.php\/wp-json\/wp\/v2\/types\/product"}],"replies":[{"embeddable":true,"href":"http:\/\/klubmamgdynia.pl\/index.php\/wp-json\/wp\/v2\/comments?post=8945"}],"wp:featuredmedia":[{"embeddable":true,"href":"http:\/\/klubmamgdynia.pl\/index.php\/wp-json\/wp\/v2\/media\/8946"}],"wp:attachment":[{"href":"http:\/\/klubmamgdynia.pl\/index.php\/wp-json\/wp\/v2\/media?parent=8945"}],"wp:term":[{"taxonomy":"product_cat","embeddable":true,"href":"http:\/\/klubmamgdynia.pl\/index.php\/wp-json\/wp\/v2\/product_cat?post=8945"},{"taxonomy":"product_tag","embeddable":true,"href":"http:\/\/klubmamgdynia.pl\/index.php\/wp-json\/wp\/v2\/product_tag?post=8945"}],"curies":[{"name":"wp","href":"https:\/\/api.w.org\/{rel}","templated":true}]}}