{"id":8947,"date":"2025-04-03T09:56:44","date_gmt":"2025-04-03T07:56:44","guid":{"rendered":"http:\/\/klubmamgdynia.pl\/?post_type=product&#038;p=8947"},"modified":"2026-04-06T20:55:35","modified_gmt":"2026-04-06T18:55:35","slug":"mattel-matchbox-samoloty-rozne-rodzaje-68982","status":"publish","type":"product","link":"http:\/\/klubmamgdynia.pl\/index.php\/produkt\/mattel-matchbox-samoloty-rozne-rodzaje-68982\/","title":{"rendered":"Mattel Matchbox Samoloty. R\u00f3\u017cne Rodzaje 68982"},"content":{"rendered":"<p>Kolekcja realistycznie wygl\u0105daj\u0105cych samolot\u00f3w i helikopter\u00f3w. S\u0105 w\u015br\u00f3d nich modele prawdziwych statk\u00f3w powietrznych do powietrznych akcji, walki, akrobacji i wielu innych przyg\u00f3d. Samoloty mog\u0105 nie pasowa\u0107 do niekt\u00f3rych zestaw\u00f3w Matchbox. Wymiary: 12 x 35 x 20.5 cm<\/p>\n<h2>Mattel Matchbox Samoloty. R\u00f3\u017cne Rodzaje 68982 Mattel<\/h2>\n<p>przys\u0142owia o rodzinie, zagadki \u015bmieszne podchwytliwe, \u015bmieszne zagadki dla dzieci, zagadki wielkanocne dla dzieci, na roczek dla ch\u0142opca, maska karnawa\u0142owa pdf<\/p>\n<p>yyyyy<\/p>\n<p>&nbsp;<\/p>\n","protected":false},"excerpt":{"rendered":"<p>Kolekcja realistycznie wygl\u0105daj\u0105cych samolot\u00f3w i helikopter\u00f3w. S\u0105 w\u015br\u00f3d nich modele prawdziwych statk\u00f3w powietrznych do powietrznych akcji, walki, akrobacji i wielu innych przyg\u00f3d. Samoloty mog\u0105 nie pasowa\u0107 do niekt\u00f3rych zestaw\u00f3w Matchbox. Wymiary: 12 x 35 x 20.5 cm Mattel Matchbox Samoloty. R\u00f3\u017cne Rodzaje 68982 Mattel przys\u0142owia o rodzinie, zagadki \u015bmieszne podchwytliwe, \u015bmieszne zagadki dla dzieci, zagadki [&hellip;]<\/p>\n","protected":false},"featured_media":8948,"comment_status":"closed","ping_status":"open","template":"","meta":[],"product_cat":[83,289],"product_tag":[825,776,696,726],"class_list":["post-8947","product","type-product","status-publish","has-post-thumbnail","hentry","product_cat-auta-i-inne-pojazdy-do-zabawy","product_cat-mattel","product_tag-bajka-na-dobranoc-do-czytania","product_tag-dobrej-nocy","product_tag-film-rodzinny-o-swietach","product_tag-quiz-zemsta"],"_links":{"self":[{"href":"http:\/\/klubmamgdynia.pl\/index.php\/wp-json\/wp\/v2\/product\/8947","targetHints":{"allow":["GET"]}}],"collection":[{"href":"http:\/\/klubmamgdynia.pl\/index.php\/wp-json\/wp\/v2\/product"}],"about":[{"href":"http:\/\/klubmamgdynia.pl\/index.php\/wp-json\/wp\/v2\/types\/product"}],"replies":[{"embeddable":true,"href":"http:\/\/klubmamgdynia.pl\/index.php\/wp-json\/wp\/v2\/comments?post=8947"}],"wp:featuredmedia":[{"embeddable":true,"href":"http:\/\/klubmamgdynia.pl\/index.php\/wp-json\/wp\/v2\/media\/8948"}],"wp:attachment":[{"href":"http:\/\/klubmamgdynia.pl\/index.php\/wp-json\/wp\/v2\/media?parent=8947"}],"wp:term":[{"taxonomy":"product_cat","embeddable":true,"href":"http:\/\/klubmamgdynia.pl\/index.php\/wp-json\/wp\/v2\/product_cat?post=8947"},{"taxonomy":"product_tag","embeddable":true,"href":"http:\/\/klubmamgdynia.pl\/index.php\/wp-json\/wp\/v2\/product_tag?post=8947"}],"curies":[{"name":"wp","href":"https:\/\/api.w.org\/{rel}","templated":true}]}}