{"id":8949,"date":"2016-02-06T01:41:20","date_gmt":"2016-02-06T00:41:20","guid":{"rendered":"http:\/\/klubmamgdynia.pl\/index.php\/produkt\/homefront-resist-edition-gra-pc\/"},"modified":"2026-05-17T23:36:07","modified_gmt":"2026-05-17T21:36:07","slug":"homefront-resist-edition-gra-pc","status":"publish","type":"product","link":"http:\/\/klubmamgdynia.pl\/index.php\/produkt\/homefront-resist-edition-gra-pc\/","title":{"rendered":"Homefront (Resist Edition) (Gra PC)"},"content":{"rendered":"<p>PC<\/p>\n<h2>Homefront (Resist Edition) (Gra PC) THQ<\/h2>\n<p>asiunia &#8211; test z lektury pdf, wystawy dla dzieci warszawa, zdania do pisania dla dzieci do wydruku, dzie\u0144 pluszowego misia, test asiunia joanna papuzi\u0144ska, kolorowanka lego ninjago, kolorowanki \u015bwi\u0105teczne do druku pdf, kolorowanki dla dziewczynek do druku, peppa do druku, anastazja imi\u0119, uk\u0142ad s\u0142oneczny kolorowanka, \u017cyczenia wielkanocne dla dzieci kr\u00f3tkie, kolorowanki lol surprise, zagadki logiczne na inteligencj\u0119, zagadki o dinozaurach, god\u0142o polski do druku, myszka miki kolorowanka, prezent dla ch\u0142opca na roczek, prezent dla 15 latka<\/p>\n<p>yyyyy<\/p>\n<p>&nbsp;<\/p>\n","protected":false},"excerpt":{"rendered":"<p>PC Homefront (Resist Edition) (Gra PC) THQ asiunia &#8211; test z lektury pdf, wystawy dla dzieci warszawa, zdania do pisania dla dzieci do wydruku, dzie\u0144 pluszowego misia, test asiunia joanna papuzi\u0144ska, kolorowanka lego ninjago, kolorowanki \u015bwi\u0105teczne do druku pdf, kolorowanki dla dziewczynek do druku, peppa do druku, anastazja imi\u0119, uk\u0142ad s\u0142oneczny kolorowanka, \u017cyczenia wielkanocne dla [&hellip;]<\/p>\n","protected":false},"featured_media":8950,"comment_status":"closed","ping_status":"open","template":"","meta":[],"product_cat":[222,1763],"product_tag":[761,763,786],"class_list":["post-8949","product","type-product","status-publish","has-post-thumbnail","hentry","product_cat-gry-pc","product_cat-thq","product_tag-choinko-piekna-jak-las-tekst","product_tag-fabian","product_tag-prezent-na-1-urodziny"],"_links":{"self":[{"href":"http:\/\/klubmamgdynia.pl\/index.php\/wp-json\/wp\/v2\/product\/8949","targetHints":{"allow":["GET"]}}],"collection":[{"href":"http:\/\/klubmamgdynia.pl\/index.php\/wp-json\/wp\/v2\/product"}],"about":[{"href":"http:\/\/klubmamgdynia.pl\/index.php\/wp-json\/wp\/v2\/types\/product"}],"replies":[{"embeddable":true,"href":"http:\/\/klubmamgdynia.pl\/index.php\/wp-json\/wp\/v2\/comments?post=8949"}],"wp:featuredmedia":[{"embeddable":true,"href":"http:\/\/klubmamgdynia.pl\/index.php\/wp-json\/wp\/v2\/media\/8950"}],"wp:attachment":[{"href":"http:\/\/klubmamgdynia.pl\/index.php\/wp-json\/wp\/v2\/media?parent=8949"}],"wp:term":[{"taxonomy":"product_cat","embeddable":true,"href":"http:\/\/klubmamgdynia.pl\/index.php\/wp-json\/wp\/v2\/product_cat?post=8949"},{"taxonomy":"product_tag","embeddable":true,"href":"http:\/\/klubmamgdynia.pl\/index.php\/wp-json\/wp\/v2\/product_tag?post=8949"}],"curies":[{"name":"wp","href":"https:\/\/api.w.org\/{rel}","templated":true}]}}