{"id":8951,"date":"2012-03-12T22:57:54","date_gmt":"2012-03-12T21:57:54","guid":{"rendered":"http:\/\/klubmamgdynia.pl\/index.php\/produkt\/naklejka-stolik-ikea-lack-naklejki-meble-laminat\/"},"modified":"2026-04-23T20:32:09","modified_gmt":"2026-04-23T18:32:09","slug":"naklejka-stolik-ikea-lack-naklejki-meble-laminat","status":"publish","type":"product","link":"http:\/\/klubmamgdynia.pl\/index.php\/produkt\/naklejka-stolik-ikea-lack-naklejki-meble-laminat\/","title":{"rendered":"Naklejka Stolik Ikea Lack Naklejki Meble Laminat !"},"content":{"rendered":"<p>Naklejka Stolik Ikea Lack Naklejki Meble Laminat !<\/p>\n<h2>Naklejka Stolik Ikea Lack Naklejki Meble Laminat ! Ikea<\/h2>\n<p>miasto dzieci pl, kontynenty do druku, pozytywne cytaty mama cytaty, imiona z bajek, z\u0142ote my\u015bli kubu\u015b puchatek cytaty, karty pracy po ukrai\u0144sku, konkurencje sportowe dla dzieci, kr\u00f3tkie bajki dla dzieci, hejka tu lenka quizy, zagadki dla dzieci 6 lat, planety uk\u0142ad s\u0142oneczny dla dzieci do druku, po \u0142\u0105ce biega lato tekst, lato lato lato czeka tekst, ptak b\u0105k, nauka zegara do druku, litery kolorowanka, zabawka na roczek<\/p>\n<p>yyyyy<\/p>\n<p>&nbsp;<\/p>\n","protected":false},"excerpt":{"rendered":"<p>Naklejka Stolik Ikea Lack Naklejki Meble Laminat ! Naklejka Stolik Ikea Lack Naklejki Meble Laminat ! Ikea miasto dzieci pl, kontynenty do druku, pozytywne cytaty mama cytaty, imiona z bajek, z\u0142ote my\u015bli kubu\u015b puchatek cytaty, karty pracy po ukrai\u0144sku, konkurencje sportowe dla dzieci, kr\u00f3tkie bajki dla dzieci, hejka tu lenka quizy, zagadki dla dzieci 6 [&hellip;]<\/p>\n","protected":false},"featured_media":8952,"comment_status":"closed","ping_status":"open","template":"","meta":[],"product_cat":[555,979],"product_tag":[861,723,734,876,872],"class_list":["post-8951","product","type-product","status-publish","has-post-thumbnail","hentry","product_cat-dzieciece-akcesoria-dekoracyjne","product_cat-ikea","product_tag-jak-narysowac-psa","product_tag-krotkie-bajki-do-czytania-na-dobranoc","product_tag-milan-imie","product_tag-przyjazn","product_tag-zagadki-dla-dzieci-6-lat"],"_links":{"self":[{"href":"http:\/\/klubmamgdynia.pl\/index.php\/wp-json\/wp\/v2\/product\/8951","targetHints":{"allow":["GET"]}}],"collection":[{"href":"http:\/\/klubmamgdynia.pl\/index.php\/wp-json\/wp\/v2\/product"}],"about":[{"href":"http:\/\/klubmamgdynia.pl\/index.php\/wp-json\/wp\/v2\/types\/product"}],"replies":[{"embeddable":true,"href":"http:\/\/klubmamgdynia.pl\/index.php\/wp-json\/wp\/v2\/comments?post=8951"}],"wp:featuredmedia":[{"embeddable":true,"href":"http:\/\/klubmamgdynia.pl\/index.php\/wp-json\/wp\/v2\/media\/8952"}],"wp:attachment":[{"href":"http:\/\/klubmamgdynia.pl\/index.php\/wp-json\/wp\/v2\/media?parent=8951"}],"wp:term":[{"taxonomy":"product_cat","embeddable":true,"href":"http:\/\/klubmamgdynia.pl\/index.php\/wp-json\/wp\/v2\/product_cat?post=8951"},{"taxonomy":"product_tag","embeddable":true,"href":"http:\/\/klubmamgdynia.pl\/index.php\/wp-json\/wp\/v2\/product_tag?post=8951"}],"curies":[{"name":"wp","href":"https:\/\/api.w.org\/{rel}","templated":true}]}}