{"id":8953,"date":"2023-06-07T15:13:46","date_gmt":"2023-06-07T13:13:46","guid":{"rendered":"http:\/\/klubmamgdynia.pl\/?post_type=product&#038;p=8953"},"modified":"2026-05-17T22:06:34","modified_gmt":"2026-05-17T20:06:34","slug":"arabia-muminki-zestaw-kubeczek-i-talerzyk-role-play-ar1006272","status":"publish","type":"product","link":"http:\/\/klubmamgdynia.pl\/index.php\/produkt\/arabia-muminki-zestaw-kubeczek-i-talerzyk-role-play-ar1006272\/","title":{"rendered":"Arabia Muminki Zestaw Kubeczek I Talerzyk Role Play (Ar1006272)"},"content":{"rendered":"<p>Zestaw dzieci\u0119cy Muminki Role play fi\u0144skiej marki Arabia z serii porcelany po\u015bwi\u0119conej postaciom z ksi\u0105\u017cek Tove Jansson. Autorka znanych i lubianych ksi\u0105\u017cek o Muminkach zaakceptowa\u0142a pierwsze grafiki podczas powstawania muminkowej porcelany.Wsp\u00f3\u0142praca mi\u0119dzy autork\u0105 a firm\u0105 Arabia rozpocz\u0119\u0142a si\u0119 ju\u017c w latach 50-tych pierwsz\u0105 seri\u0105 porcelany i figurek.Kolorowe wzory przenios\u0105 w \u015bwiat Doliny Mumink\u00f3w zar\u00f3wno dzieci jak i doros\u0142ych. Pierwsze grafiki na porcelanie Arabia Finland zosta\u0142y zaakceptowane przez Tove Jansson, co gwarantuje oryginalno\u015b\u0107 postaci.Wzory na porcelanie Arabia Finland oddaj\u0105 klimat opowie\u015bci z Doliny Mumink\u00f3w. S\u0105 kolorowe, zabawne ale jednocze\u015bnie tajemnicze i niesamowite.Mo\u017cna my\u0107 w zmywarce.Materia\u0142: porcelana<\/p>\n<h2>Arabia Muminki Zestaw Kubeczek I Talerzyk Role Play (Ar1006272) Arabia<\/h2>\n<p>leonardo imi\u0119, halloween dla dzieci warszawa, zabawka na roczek dla dziewczynki, gabriela imie, quiz felix net i nika oraz gang niewidzialnych ludzi, quiz o usa, akademia pana kleksa &#8211; test z odpowiedziami do druku, zabawa dla 7 latka<\/p>\n<p>yyyyy<\/p>\n<p>&nbsp;<\/p>\n","protected":false},"excerpt":{"rendered":"<p>Zestaw dzieci\u0119cy Muminki Role play fi\u0144skiej marki Arabia z serii porcelany po\u015bwi\u0119conej postaciom z ksi\u0105\u017cek Tove Jansson. Autorka znanych i lubianych ksi\u0105\u017cek o Muminkach zaakceptowa\u0142a pierwsze grafiki podczas powstawania muminkowej porcelany.Wsp\u00f3\u0142praca mi\u0119dzy autork\u0105 a firm\u0105 Arabia rozpocz\u0119\u0142a si\u0119 ju\u017c w latach 50-tych pierwsz\u0105 seri\u0105 porcelany i figurek.Kolorowe wzory przenios\u0105 w \u015bwiat Doliny Mumink\u00f3w zar\u00f3wno dzieci [&hellip;]<\/p>\n","protected":false},"featured_media":8954,"comment_status":"closed","ping_status":"open","template":"","meta":[],"product_cat":[1764,215],"product_tag":[676,582,590,738],"class_list":["post-8953","product","type-product","status-publish","has-post-thumbnail","hentry","product_cat-arabia","product_cat-naczynia-i-sztucce-dla-dzieci","product_tag-bursztynek","product_tag-nauka-pisania-literek-do-wydruku-pdf","product_tag-plac-zabaw-warszawa","product_tag-wroclaw-dla-dzieci"],"_links":{"self":[{"href":"http:\/\/klubmamgdynia.pl\/index.php\/wp-json\/wp\/v2\/product\/8953","targetHints":{"allow":["GET"]}}],"collection":[{"href":"http:\/\/klubmamgdynia.pl\/index.php\/wp-json\/wp\/v2\/product"}],"about":[{"href":"http:\/\/klubmamgdynia.pl\/index.php\/wp-json\/wp\/v2\/types\/product"}],"replies":[{"embeddable":true,"href":"http:\/\/klubmamgdynia.pl\/index.php\/wp-json\/wp\/v2\/comments?post=8953"}],"wp:featuredmedia":[{"embeddable":true,"href":"http:\/\/klubmamgdynia.pl\/index.php\/wp-json\/wp\/v2\/media\/8954"}],"wp:attachment":[{"href":"http:\/\/klubmamgdynia.pl\/index.php\/wp-json\/wp\/v2\/media?parent=8953"}],"wp:term":[{"taxonomy":"product_cat","embeddable":true,"href":"http:\/\/klubmamgdynia.pl\/index.php\/wp-json\/wp\/v2\/product_cat?post=8953"},{"taxonomy":"product_tag","embeddable":true,"href":"http:\/\/klubmamgdynia.pl\/index.php\/wp-json\/wp\/v2\/product_tag?post=8953"}],"curies":[{"name":"wp","href":"https:\/\/api.w.org\/{rel}","templated":true}]}}