{"id":8955,"date":"2020-04-07T08:18:37","date_gmt":"2020-04-07T06:18:37","guid":{"rendered":"http:\/\/klubmamgdynia.pl\/index.php\/produkt\/philips-seria-5000-bhd510-00\/"},"modified":"2026-04-29T23:40:32","modified_gmt":"2026-04-29T21:40:32","slug":"philips-seria-5000-bhd510-00","status":"publish","type":"product","link":"http:\/\/klubmamgdynia.pl\/index.php\/produkt\/philips-seria-5000-bhd510-00\/","title":{"rendered":"PHILIPS SERIA 5000 BHD510\/00"},"content":{"rendered":"<p>Szybkie suszenie bez przegrzewania100% gwarancj\u0119 ochrony przed uszkodzeniami termicznymi zapewnia technologia ThermoShield zastosowana w suszarkach Philips z serii 5000*. Dodatkowo urz\u0105dzenie dzia\u0142a niezwykle wydajnie, przyspieszaj\u0105c suszenie w\u0142os\u00f3w.- Silnik z du\u017c\u0105 moc\u0105 zapewnia pr\u0119dko\u015b\u0107 powietrza do 110 km\/h- 20%** szybsza praca z silnym przep\u0142ywem powietrza.* Ustawienie ThermoShield.\u00a0** vs zwyk\u0142a suszarka Philips.                            <\/p>\n<p>Jak dzia\u0142a technologia ThermoShield?Aby temperatura nie osi\u0105gn\u0119\u0142a zbyt wysokiego poziomu, inteligentny czujnik stale j\u0105 kontroluje. Zapobiega to przegrzaniu w\u0142os\u00f3w i chroni je w 100% przed uszkodzeniami spowodowanymi nadmiernym ciep\u0142em. Twoje w\u0142osy b\u0119d\u0105 suche 20% szybciej.<\/p>\n<p>Zaawansowana piel\u0119gnacja jonowaTechnologia jonowa nie tylko chroni Twoje w\u0142osy przed\u00a0przegrzaniem, ale tak\u017ce dodatkowo je piel\u0119gnuje.<\/p>\n<p>Jony ujemneW czasie jednej sesji suszenia\u00a0uwalnianejest do 80 milion\u00f3w jon\u00f3w. Dzi\u0119ki temuw\u0142osy nabieraj\u0105 blasku i s\u0105 chronione przedpuszeniem si\u0119.                            <\/p>\n<p>Dla jeszcze lepszych rezultat\u00f3w\u00a0Zimny nawiewNa koniec suszenia w\u0142os\u00f3w w\u0142\u0105cz ch\u0142odny nawiew powietrza w celu wyko\u0144czenia i utrwalenia stylizacji.<\/p>\n<p>6-stopniowe ustawieniaW suszarce masz mo\u017cliwo\u015b\u0107 ustawienia zimnego nawiewu, trybu ni\u017cszej lub wy\u017cszej temperatury oraz r\u00f3\u017cnych pr\u0119dko\u015bci suszenia. Dobierz ustawienia ciep\u0142a i pr\u0119dko\u015bci do stanu Twoich w\u0142os\u00f3w, aby uzyska\u0107 precyzyjn\u0105 kontrol\u0119 nad stylizacj\u0105.<\/p>\n<p>Akcesoria do \u0142atwej stylizacji<\/p>\n<p>DyfuzorZapewnia r\u00f3wnomierne rozprowadzenie strumienia powietrza na wi\u0119kszym obszarze sk\u00f3ry g\u0142owy, zwi\u0119kszaj\u0105c obj\u0119to\u015b\u0107 w\u0142os\u00f3w u nasady. Proste w\u0142osy zyskuj\u0105 delikatne fale, a w\u0142osy kr\u0119cone naturalny wygl\u0105d bez efektu puszenia si\u0119.                            <\/p>\n<p>KoncentratorPosiada w\u0105sk\u0105 ko\u0144c\u00f3wk\u0119, kt\u00f3ra skupia ciep\u0142e powietrze na konkretnym obszarze w\u0142os\u00f3w, co przyspiesza suszenie. Koncentrator doskonale nadaje si\u0119 zar\u00f3wno do stylizacji, jak i prostowania w\u0142os\u00f3w.<\/p>\n<p>W zestawie<\/p>\n<p>1. Suszarka Philips BHD510\/00 2. Koncentrator 3. Dyfuzor                            <\/p>\n<p>\u00a0<\/p>\n<h2>PHILIPS SERIA 5000 BHD510\/00 Philips<\/h2>\n<p>lodowiska w warszawie, film rodzinny o \u015bwi\u0119tach, dobranoc pch\u0142y na noc, prezenty na urodziny dla nastolatk\u00f3w, tupu tup po \u015bniegu tekst, bajka na dobranoc, dawne ko\u0142ysanki teksty, krok jak narysowa\u0107 konia, przek\u0105ski na urodziny dziecka, kolorowanka dla dzieci, anastazja imi\u0119, prezent dla trzynastolatki, by\u0142 sobie kr\u00f3l, zabawy tematyczne przyk\u0142ady, jednoro\u017cec kolorowanka do druku, delfinarium polska, quizy o minecraft, kolorowanki antystresowe, prezent dla m\u0142odzie\u017cy<\/p>\n<p>yyyyy<\/p>\n<p>&nbsp;<\/p>\n","protected":false},"excerpt":{"rendered":"<p>Szybkie suszenie bez przegrzewania100% gwarancj\u0119 ochrony przed uszkodzeniami termicznymi zapewnia technologia ThermoShield zastosowana w suszarkach Philips z serii 5000*. Dodatkowo urz\u0105dzenie dzia\u0142a niezwykle wydajnie, przyspieszaj\u0105c suszenie w\u0142os\u00f3w.- Silnik z du\u017c\u0105 moc\u0105 zapewnia pr\u0119dko\u015b\u0107 powietrza do 110 km\/h- 20%** szybsza praca z silnym przep\u0142ywem powietrza.* Ustawienie ThermoShield.\u00a0** vs zwyk\u0142a suszarka Philips. Jak dzia\u0142a technologia ThermoShield?Aby temperatura [&hellip;]<\/p>\n","protected":false},"featured_media":8956,"comment_status":"closed","ping_status":"open","template":"","meta":[],"product_cat":[261,262],"product_tag":[749,830,653,713,607],"class_list":["post-8955","product","type-product","status-publish","has-post-thumbnail","hentry","product_cat-philips","product_cat-suszarki-do-wlosow","product_tag-najlepsze-zarty-na-prima-aprilis","product_tag-rodzina-cytaty","product_tag-warszawa-dla-dzieci","product_tag-zagadki-logiczne-z-odpowiedziami","product_tag-zarty-na-prima-aprilis-dla-rodzicow"],"_links":{"self":[{"href":"http:\/\/klubmamgdynia.pl\/index.php\/wp-json\/wp\/v2\/product\/8955","targetHints":{"allow":["GET"]}}],"collection":[{"href":"http:\/\/klubmamgdynia.pl\/index.php\/wp-json\/wp\/v2\/product"}],"about":[{"href":"http:\/\/klubmamgdynia.pl\/index.php\/wp-json\/wp\/v2\/types\/product"}],"replies":[{"embeddable":true,"href":"http:\/\/klubmamgdynia.pl\/index.php\/wp-json\/wp\/v2\/comments?post=8955"}],"wp:featuredmedia":[{"embeddable":true,"href":"http:\/\/klubmamgdynia.pl\/index.php\/wp-json\/wp\/v2\/media\/8956"}],"wp:attachment":[{"href":"http:\/\/klubmamgdynia.pl\/index.php\/wp-json\/wp\/v2\/media?parent=8955"}],"wp:term":[{"taxonomy":"product_cat","embeddable":true,"href":"http:\/\/klubmamgdynia.pl\/index.php\/wp-json\/wp\/v2\/product_cat?post=8955"},{"taxonomy":"product_tag","embeddable":true,"href":"http:\/\/klubmamgdynia.pl\/index.php\/wp-json\/wp\/v2\/product_tag?post=8955"}],"curies":[{"name":"wp","href":"https:\/\/api.w.org\/{rel}","templated":true}]}}