{"id":8957,"date":"2014-11-27T10:36:14","date_gmt":"2014-11-27T09:36:14","guid":{"rendered":"http:\/\/klubmamgdynia.pl\/index.php\/produkt\/zdrowy-bidon-bidon-dla-dzieci-05l-wesola-podroz\/"},"modified":"2026-04-29T16:47:37","modified_gmt":"2026-04-29T14:47:37","slug":"zdrowy-bidon-bidon-dla-dzieci-05l-wesola-podroz","status":"publish","type":"product","link":"http:\/\/klubmamgdynia.pl\/index.php\/produkt\/zdrowy-bidon-bidon-dla-dzieci-05l-wesola-podroz\/","title":{"rendered":"Zdrowy Bidon Bidon Dla Dzieci 0,5L (Weso\u0142a Podr\u00f3\u017c)"},"content":{"rendered":"<p>Zdrowy Bidon o pojemno\u015bci 0,5l bidon jest produkowany z materia\u0142\u00f3w stosowanych w medycynie i przemy\u015ble farmaceutycznymMateria\u0142 ten jest stosowany na przyk\u0142ad w sprz\u0119cie medycznym na oddzia\u0142ach intensywnej opieki.Wsz\u0119dzie tam, gdzie niezb\u0119dna jest aseptyczno\u015b\u0107 oraz dba\u0142o\u015b\u0107 o najwy\u017csze standardy higieny i bezpiecze\u0144stwa. bez ftalan\u00f3w i wolny od Bisfenolu A (BPA)Zdrowy Bidon nie zawiera \u017cadnych opisanych wy\u017cej toksycznych substancji. Radzimy u\u017cytkownikom uwa\u017cne zapoznawa\u0107 si\u0119 z w\u0142a\u015bciwo\u015bciami bidon\u00f3w innych producent\u00f3w, poniewa\u017c zdarza si\u0119, \u017ce oferowane na rynku bidony s\u0105 wykonane z tworzyw zawieraj\u0105cych toksyczne sk\u0142adniki lub nie nadaj\u0105 si\u0119 do mycia w zmywarkach. bez zapach\u00f3w i ple\u015bniZdrowy Bidon nie wch\u0142ania zapach\u00f3w ani ple\u015bni, \u0142atwo mo\u017cna o niego dba\u0107 i zapewni\u0107 jego idealn\u0105 czysto\u015b\u0107. Mo\u017ce by\u0107 stosowany do wszystkich rodzaj\u00f3w napoj\u00f3w, do 100 C. Bez problemu mo\u017ce by\u0107 wykorzystywany do napoj\u00f3w mro\u017conych lub gazowanych. Zdrowy Bidon spe\u0142nia europejskie normy dotycz\u0105ce wyrob\u00f3w przeznaczonych do kontaktu z \u017cywno\u015bci\u0105. Pozytywna opinia Instytutu Matki i Dziecka, nr Op-4827. Dlaczego wybra\u0107 Zdrowy Bidon? \u0142atwo\u015b\u0107 u\u017cycia i utrzymywania w czysto\u015bci Po normalnym u\u017cytkowaniu Zdrowego bidonu wystarczy wyp\u0142uka\u0107 go ciep\u0142\u0105 wod\u0105, w wypadku d\u0142u\u017cszego przechowywania ciep\u0142ego napoju w bidonie mo\u017cna umy\u0107 bidon w zmywarce. Istotne jest dok\u0142adne wysuszenie wszystkich cz\u0119\u015bci Zdrowego Bidonu i przechowywanie otwartego bidonu. Wysoka jako\u015b\u0107 materia\u0142u pozwala na wyparzenie Zdrowego Bidonu (temperatura 100 \u00b0 C przez 5 minut). Dzi\u0119ki temu mo\u017cna pozby\u0107 si\u0119 wszelkich zanieczyszcze\u0144. Mo\u017cna podgrzewa\u0107 napoje w bidonie w kuchence mikrofalowej (moc 900W przez 2 minuty). Zdrowy Bidon mo\u017cna \u0142atwo my\u0107 dzi\u0119ki szerokim otworom. Poszczeg\u00f3lne cz\u0119\u015bci zakr\u0119tki mo\u017cna zdemontowa\u0107 i wyczy\u015bci\u0107 oddzielnie. Ustnik mo\u017cna zdj\u0105\u0107 za pomoc\u0105 silniejszego poci\u0105gni\u0119cia. Nale\u017cy regularnie kontrolowa\u0107 uszczelk\u0119, kt\u00f3ra zapobiega przypadkowemu wyciekaniu napoj\u00f3w. oryginalne wzornictwo i du\u017cy wyb\u00f3rW barwnej kolekcji nowych wzor\u00f3w znajdzie si\u0119 co\u015b dla ka\u017cdego &#8211; dzieci, m\u0142odzie\u017cy, rodzic\u00f3w i senior\u00f3w. Ka\u017cdy Zdrowy Bidon mo\u017ce by\u0107 oryginalny! Mo\u017cesz wybiera\u0107 spo\u015br\u00f3d trzech rozmiar\u00f3w: 0,5 litra; 0,7 litra; 1 litr, co jest wygodne dla rodziny, a tak\u017ce zaj\u0119\u0107 sportowych i zdrowotnych. Mo\u017cna go nosi\u0107 w torebce, tornistrze, plecaku, podczas jazdy na rowerze, czy w samochodzie, po prostu wsz\u0119dzie. Zalet\u0105 tego nowoczesnego bidonu jest lekka i \u0142atwa obs\u0142uga, kt\u00f3ra jest ceniona zw\u0142aszcza przez dzieci, senior\u00f3w i osoby niepe\u0142nosprawne. Dodatkowo mo\u017cna wybra\u0107 przezroczysty Zdrowy Bidon, co pozwoli na kontrol\u0119 ilo\u015bci spo\u017cywanego napoju. d\u0142uga \u017cywotno\u015b\u0107 dzi\u0119ki cz\u0119\u015bciom zamiennymZdrowego Bidonu mo\u017cna u\u017cywa\u0107 przez wiele lat, a raz na jaki\u015b czas za niewielk\u0105 kwot\u0119 &#8222;odm\u0142odzi\u0107&#8221; go. Kupuj\u0105c cz\u0119\u015bci zamienne (pe\u0142na nakr\u0119tka, ustnik lub uszczelki) mo\u017cna \u0142atwo wyd\u0142u\u017cy\u0107 jego \u017cywotno\u015b\u0107 w znacz\u0105cym stopniu. Pozwoli to zaoszcz\u0119dzi\u0107 pieni\u0105dze i chroni\u0107 \u015brodowisko. Zim\u0105 polecamy u\u017cycie os\u0142on termicznych z neoprenu, kt\u00f3re chroni\u0105 Zdrowy bidon przed dzia\u0142aniem czynnik\u00f3w mechanicznych, a tak\u017ce pozwalaj\u0105 utrzyma\u0107 nap\u00f3j w po\u017c\u0105danej temperaturze. Zdrowy Bidon &#8211; wi\u0119cej ni\u017c zwyk\u0142y bidon promuje zdrowy styl \u017cyciaPomaga kontrolowa\u0107 prawid\u0142owe spo\u017cycie p\u0142yn\u00f3w, co jest wa\u017cne dla zdrowia i dobrego samopoczucia. Jest to bardzo pomocne &#8211; nawet je\u015bli dziecko pije niech\u0119tnie, to cz\u0119sto po prostu lubi u\u017cywa\u0107 ulubionego bidonu. Zdrowy Bidon jest bardzo popularny w\u015br\u00f3d matek karmi\u0105cych, dla kt\u00f3rych regularne i obfite przyjmowanie p\u0142yn\u00f3w jest niezb\u0119dne. Oczywi\u015bcie jest te\u017c szeroko stosowany przez wszystkich ludzi aktywnych (lekkoatletyka, pi\u0142ka no\u017cna, hokej, bieganie, koszyk\u00f3wka, tenis, p\u0142ywanie, itp). bezpieczny dla \u015brodowiskaDost\u0119pne na rynku butelkowane napoje s\u0105 kosztowne, a ich opakowania &#8211; niekorzystne dla \u015brodowiska. Zdrowy bidon zapewnia wiele lat u\u017cytkowania, oszcz\u0119dno\u015b\u0107, pomaga chroni\u0107 \u015brodowisko, i, co najwa\u017cniejsze, zdrowie &#8211; wiemy co pijemy my i nasze dzieci. Zdrowy bidon w pe\u0142ni nadaje si\u0119 do recyklingu i jest przyjazny dla \u015brodowiska. wyprodukowany w CzechachRozw\u00f3j i produkcja odbywa si\u0119 w Czechach w \u017baclerzu niedaleko granicy z Polsk\u0105. Jako\u015b\u0107 Zdrowego Bidonu potwierdzaj\u0105 nie tylko atesty, ale tak\u017ce liczne nadsy\u0142ane do nas opinie klient\u00f3w.<\/p>\n<h2>Zdrowy Bidon Bidon Dla Dzieci 0,5L (Weso\u0142a Podr\u00f3\u017c) Zdrowy Bidon<\/h2>\n<p>nauka polskiego dla dzieci z ukrainy, dzie\u0144 pluszowego misia napis, trudne zagadki z odpowiedziami, wierszyki na \u015bmigusa dyngusa, kolorowanki lol surprise, maska do druku, ozdoby \u015bwi\u0105teczne do zrobienia z dzie\u0107mi, imi\u0119 adriana, jeremi, wiosna kolorowanka do druku, kubu\u015b puchatek cytaty, fajne prezenty dla nastolatk\u00f3w, kiedy dzieci chodza na halloween, zabawy z pi\u0142k\u0105 dla dzieci, fajne prezenty dla nastolatk\u00f3w, kolorowanki dla dzieci do druku<\/p>\n<p>yyyyy<\/p>\n<p>&nbsp;<\/p>\n","protected":false},"excerpt":{"rendered":"<p>Zdrowy Bidon o pojemno\u015bci 0,5l bidon jest produkowany z materia\u0142\u00f3w stosowanych w medycynie i przemy\u015ble farmaceutycznymMateria\u0142 ten jest stosowany na przyk\u0142ad w sprz\u0119cie medycznym na oddzia\u0142ach intensywnej opieki.Wsz\u0119dzie tam, gdzie niezb\u0119dna jest aseptyczno\u015b\u0107 oraz dba\u0142o\u015b\u0107 o najwy\u017csze standardy higieny i bezpiecze\u0144stwa. bez ftalan\u00f3w i wolny od Bisfenolu A (BPA)Zdrowy Bidon nie zawiera \u017cadnych opisanych wy\u017cej [&hellip;]<\/p>\n","protected":false},"featured_media":8958,"comment_status":"closed","ping_status":"open","template":"","meta":[],"product_cat":[215,1765],"product_tag":[817,852,780,684,609,771],"class_list":["post-8957","product","type-product","status-publish","has-post-thumbnail","hentry","product_cat-naczynia-i-sztucce-dla-dzieci","product_cat-zdrowy-bidon","product_tag-bajka-terapeutyczna-o-emocjach","product_tag-jak-zrobic-samolot-z-papieru","product_tag-krecik-bajka","product_tag-prezent-dla-dziewczynki-na-roczek","product_tag-quiz-flagi-europy","product_tag-stolice-europy-quiz"],"_links":{"self":[{"href":"http:\/\/klubmamgdynia.pl\/index.php\/wp-json\/wp\/v2\/product\/8957","targetHints":{"allow":["GET"]}}],"collection":[{"href":"http:\/\/klubmamgdynia.pl\/index.php\/wp-json\/wp\/v2\/product"}],"about":[{"href":"http:\/\/klubmamgdynia.pl\/index.php\/wp-json\/wp\/v2\/types\/product"}],"replies":[{"embeddable":true,"href":"http:\/\/klubmamgdynia.pl\/index.php\/wp-json\/wp\/v2\/comments?post=8957"}],"wp:featuredmedia":[{"embeddable":true,"href":"http:\/\/klubmamgdynia.pl\/index.php\/wp-json\/wp\/v2\/media\/8958"}],"wp:attachment":[{"href":"http:\/\/klubmamgdynia.pl\/index.php\/wp-json\/wp\/v2\/media?parent=8957"}],"wp:term":[{"taxonomy":"product_cat","embeddable":true,"href":"http:\/\/klubmamgdynia.pl\/index.php\/wp-json\/wp\/v2\/product_cat?post=8957"},{"taxonomy":"product_tag","embeddable":true,"href":"http:\/\/klubmamgdynia.pl\/index.php\/wp-json\/wp\/v2\/product_tag?post=8957"}],"curies":[{"name":"wp","href":"https:\/\/api.w.org\/{rel}","templated":true}]}}