{"id":896,"date":"2025-07-19T11:18:52","date_gmt":"2025-07-19T09:18:52","guid":{"rendered":"http:\/\/klubmamgdynia.pl\/?post_type=product&#038;p=896"},"modified":"2026-04-05T12:18:24","modified_gmt":"2026-04-05T10:18:24","slug":"skoda-fabia-combi-ii-niebieska","status":"publish","type":"product","link":"http:\/\/klubmamgdynia.pl\/index.php\/produkt\/skoda-fabia-combi-ii-niebieska\/","title":{"rendered":"\u0160koda Fabia Combi II Niebieska"},"content":{"rendered":"<p>Skoda Fabia Combi II, niebieska pochodzi z kolekcji firmy Welly.Model metalowy z elementami plastikowymi.EAN:  5902002995757Kod dostawcy:  WEL-22519aNr katalogowy:  WE22519Marka:  BrakRodzaj:  SamochodySkala:  1:24Materia\u0142:  MetalWymagania wiekowe:  od 3 latP\u0142e\u0107:  Ch\u0142opcyKolor:  NiebieskiPozosta\u0142e parametry:  Wymiary opakowania: 23 x 10 x 11 cm<\/p>\n<h2>\u0160koda Fabia Combi II Niebieska Welly<\/h2>\n<p>\u015bmieszne zagadki dla dzieci, zagadki matematyczne dla przedszkolak\u00f3w, zagatki, kolorowanki wakacje, trudne zagadki na inteligencje, quiz kajko i kokosz szko\u0142a latania, pomys\u0142y na roczek, pytania zagadki, prezent dla 15 latki 2021, quiz o usa, cytaty na dzie\u0144 nauczyciela, opowie\u015bci z narni lew czarownica i stara szafa test, gad\u017cety dla nastolatek, wierszyki o marzannie, piosenki dla dzieci o jesieni, leonardo imie<\/p>\n<p>yyyyy<\/p>\n<p>&nbsp;<\/p>\n","protected":false},"excerpt":{"rendered":"<p>Skoda Fabia Combi II, niebieska pochodzi z kolekcji firmy Welly.Model metalowy z elementami plastikowymi.EAN: 5902002995757Kod dostawcy: WEL-22519aNr katalogowy: WE22519Marka: BrakRodzaj: SamochodySkala: 1:24Materia\u0142: MetalWymagania wiekowe: od 3 latP\u0142e\u0107: Ch\u0142opcyKolor: NiebieskiPozosta\u0142e parametry: Wymiary opakowania: 23 x 10 x 11 cm \u0160koda Fabia Combi II Niebieska Welly \u015bmieszne zagadki dla dzieci, zagadki matematyczne dla przedszkolak\u00f3w, zagatki, kolorowanki wakacje, [&hellip;]<\/p>\n","protected":false},"featured_media":897,"comment_status":"closed","ping_status":"open","template":"","meta":[],"product_cat":[303,302],"product_tag":[801,673,813,674,873,767],"class_list":["post-896","product","type-product","status-publish","has-post-thumbnail","hentry","product_cat-kolekcjonerskie-modele-pojazdow","product_cat-welly","product_tag-bajki-terapeutyczne-o-emocjach","product_tag-juz-blisko-koleda-tekst","product_tag-krotkie-zagadki-matematyczne-z-odpowiedziami","product_tag-miasto-dzieci","product_tag-zagadki-z-odpowiedziami-dla-dzieci","product_tag-zaproszenia-urodzinowe-do-druku"],"_links":{"self":[{"href":"http:\/\/klubmamgdynia.pl\/index.php\/wp-json\/wp\/v2\/product\/896","targetHints":{"allow":["GET"]}}],"collection":[{"href":"http:\/\/klubmamgdynia.pl\/index.php\/wp-json\/wp\/v2\/product"}],"about":[{"href":"http:\/\/klubmamgdynia.pl\/index.php\/wp-json\/wp\/v2\/types\/product"}],"replies":[{"embeddable":true,"href":"http:\/\/klubmamgdynia.pl\/index.php\/wp-json\/wp\/v2\/comments?post=896"}],"wp:featuredmedia":[{"embeddable":true,"href":"http:\/\/klubmamgdynia.pl\/index.php\/wp-json\/wp\/v2\/media\/897"}],"wp:attachment":[{"href":"http:\/\/klubmamgdynia.pl\/index.php\/wp-json\/wp\/v2\/media?parent=896"}],"wp:term":[{"taxonomy":"product_cat","embeddable":true,"href":"http:\/\/klubmamgdynia.pl\/index.php\/wp-json\/wp\/v2\/product_cat?post=896"},{"taxonomy":"product_tag","embeddable":true,"href":"http:\/\/klubmamgdynia.pl\/index.php\/wp-json\/wp\/v2\/product_tag?post=896"}],"curies":[{"name":"wp","href":"https:\/\/api.w.org\/{rel}","templated":true}]}}