{"id":8961,"date":"2014-08-28T19:55:03","date_gmt":"2014-08-28T17:55:03","guid":{"rendered":"http:\/\/klubmamgdynia.pl\/index.php\/produkt\/koziol-pojemnik-nal-unch-bentobox-organic-pusheenl\/"},"modified":"2026-04-06T01:31:38","modified_gmt":"2026-04-05T23:31:38","slug":"koziol-pojemnik-nal-unch-bentobox-organic-pusheenl","status":"publish","type":"product","link":"http:\/\/klubmamgdynia.pl\/index.php\/produkt\/koziol-pojemnik-nal-unch-bentobox-organic-pusheenl\/","title":{"rendered":"Koziol Pojemnik Nal Unch Bentobox Organic Pusheenl"},"content":{"rendered":"<h2>Koziol Pojemnik Nal Unch Bentobox Organic Pusheenl Koziol<\/h2>\n<p>menu urodzinowe dla dzieci w wieku 8 10 lat, dynie pozna\u0144, kolorowanka do malowania farbami, znaczenie imiona monika, kolorowanki dla dziewczynek do druku, co na prezent dla nastolatk\u00f3w, zagadki matematyczne z odpowiedziami, bajki dla dzieci od 7 do 10 lat, dzie\u0144 nauczyciela teksty, o\u015brodki wczasowe nad morzem dla rodzin z dzie\u0107mi, gabriela, cytaty o rodzicach, kolorowanki pokemon, misie z bajek, papierowe ozdoby \u015bwi\u0105teczne, kolorowanka dla dziewczynki, cytaty z ma\u0142ego ksi\u0119cia, kr\u00f3tkie zagadki, flagi europy quiz<\/p>\n<p>yyyyy<\/p>\n<p>&nbsp;<\/p>\n","protected":false},"excerpt":{"rendered":"<p>Koziol Pojemnik Nal Unch Bentobox Organic Pusheenl Koziol menu urodzinowe dla dzieci w wieku 8 10 lat, dynie pozna\u0144, kolorowanka do malowania farbami, znaczenie imiona monika, kolorowanki dla dziewczynek do druku, co na prezent dla nastolatk\u00f3w, zagadki matematyczne z odpowiedziami, bajki dla dzieci od 7 do 10 lat, dzie\u0144 nauczyciela teksty, o\u015brodki wczasowe nad morzem [&hellip;]<\/p>\n","protected":false},"featured_media":8962,"comment_status":"closed","ping_status":"open","template":"","meta":[],"product_cat":[1300,215],"product_tag":[777,775,783,868,737],"class_list":["post-8961","product","type-product","status-publish","has-post-thumbnail","hentry","product_cat-koziol","product_cat-naczynia-i-sztucce-dla-dzieci","product_tag-co-na-roczek","product_tag-kolorowanki-do-druku-pokemon","product_tag-prezenty-na-roczek-dla-chlopca","product_tag-quizy-dla-dzieci","product_tag-test-z-lektury-felix-net-i-nika-oraz-gang-niewidzialnych-ludzi"],"_links":{"self":[{"href":"http:\/\/klubmamgdynia.pl\/index.php\/wp-json\/wp\/v2\/product\/8961","targetHints":{"allow":["GET"]}}],"collection":[{"href":"http:\/\/klubmamgdynia.pl\/index.php\/wp-json\/wp\/v2\/product"}],"about":[{"href":"http:\/\/klubmamgdynia.pl\/index.php\/wp-json\/wp\/v2\/types\/product"}],"replies":[{"embeddable":true,"href":"http:\/\/klubmamgdynia.pl\/index.php\/wp-json\/wp\/v2\/comments?post=8961"}],"wp:featuredmedia":[{"embeddable":true,"href":"http:\/\/klubmamgdynia.pl\/index.php\/wp-json\/wp\/v2\/media\/8962"}],"wp:attachment":[{"href":"http:\/\/klubmamgdynia.pl\/index.php\/wp-json\/wp\/v2\/media?parent=8961"}],"wp:term":[{"taxonomy":"product_cat","embeddable":true,"href":"http:\/\/klubmamgdynia.pl\/index.php\/wp-json\/wp\/v2\/product_cat?post=8961"},{"taxonomy":"product_tag","embeddable":true,"href":"http:\/\/klubmamgdynia.pl\/index.php\/wp-json\/wp\/v2\/product_tag?post=8961"}],"curies":[{"name":"wp","href":"https:\/\/api.w.org\/{rel}","templated":true}]}}