{"id":8963,"date":"2025-07-02T19:43:49","date_gmt":"2025-07-02T17:43:49","guid":{"rendered":"http:\/\/klubmamgdynia.pl\/?post_type=product&#038;p=8963"},"modified":"2026-05-17T22:52:05","modified_gmt":"2026-05-17T20:52:05","slug":"gra-planszowa-franckh-kosmos-adventure-games-im-nebelreich-wersja-niemiecka","status":"publish","type":"product","link":"http:\/\/klubmamgdynia.pl\/index.php\/produkt\/gra-planszowa-franckh-kosmos-adventure-games-im-nebelreich-wersja-niemiecka\/","title":{"rendered":"Gra planszowa Franckh-Kosmos Adventure Games &#8211; Im Nebelreich (wersja niemiecka)"},"content":{"rendered":"<p>Kooperatives Abenteuerspiel. Starker Fokus auf die Story: Abenteuerbuch selber lesen oder via App vorlesen lassen. Einsteigerfreundlich: Einfache Regeln &#8211; direkt losspielen. Was ist hier geschehen?! Nur wenige Tage waren die Held*innen des Spiels im Auftrag der alten Seherin unterwegs. Doch bei ihrer R\u00fcckkehr finden sie ihr Dorf ausgestorben vor. Wohin sind alle verschwunden? Die ein bis vier Spieler*innen z\u00f6gern keine Sekunde und begeben sich auf eine spannende Reise. In drei Kapiteln treffen sie geheimnisvolle Personen, entdecken neue Orte und erleben ein spannendes Abenteuer. W\u00e4hrend ihrer Ermittlungen erfahren die Spieler*innen auch mehr \u00fcber die einzelnen Helden dieses kooperativen Gesellschaftsspiels. Wie die fantastische Geschichte ausgehen wird? Das haben die Spieler*innen selbst in der Hand! Point and Click: Orte erkunden, Gegenst\u00e4nde kombinieren, Entscheidungen treffen &#8211; nur im Team erreichen die Spieler*innen ihr Ziel. Ein analoges PC-Spiel voller Mystery und Fantasy. Der n\u00e4chste Spieleabend kann kommen!<\/p>\n<h2>Gra planszowa Franckh-Kosmos Adventure Games &#8211; Im Nebelreich (wersja niemiecka) <\/h2>\n<p>zagadka, kr\u00f3tkie bajki dla dzieci do czytania, atrakcje dla dzieci wroc\u0142aw i okolice, mama cytaty, trudne zagadki logiczne z odpowiedziami, zagadki o zwierz\u0119tach wiejskich, przyja\u017a\u0144, zagadki o owocach, opis rodzina, zagadki dla dzieci 9-10 lat z odpowiedziami<\/p>\n<p>yyyyy<\/p>\n<p>&nbsp;<\/p>\n","protected":false},"excerpt":{"rendered":"<p>Kooperatives Abenteuerspiel. Starker Fokus auf die Story: Abenteuerbuch selber lesen oder via App vorlesen lassen. Einsteigerfreundlich: Einfache Regeln &#8211; direkt losspielen. Was ist hier geschehen?! Nur wenige Tage waren die Held*innen des Spiels im Auftrag der alten Seherin unterwegs. Doch bei ihrer R\u00fcckkehr finden sie ihr Dorf ausgestorben vor. Wohin sind alle verschwunden? Die ein [&hellip;]<\/p>\n","protected":false},"featured_media":8964,"comment_status":"closed","ping_status":"open","template":"","meta":[],"product_cat":[235],"product_tag":[871,864,651,588],"class_list":["post-8963","product","type-product","status-publish","has-post-thumbnail","hentry","product_cat-gry-planszowe","product_tag-bajka-o-smoku-wawelskim","product_tag-basen-warszawa","product_tag-quizy-online","product_tag-wzruszajace-slowa-dla-przyjaciela"],"_links":{"self":[{"href":"http:\/\/klubmamgdynia.pl\/index.php\/wp-json\/wp\/v2\/product\/8963","targetHints":{"allow":["GET"]}}],"collection":[{"href":"http:\/\/klubmamgdynia.pl\/index.php\/wp-json\/wp\/v2\/product"}],"about":[{"href":"http:\/\/klubmamgdynia.pl\/index.php\/wp-json\/wp\/v2\/types\/product"}],"replies":[{"embeddable":true,"href":"http:\/\/klubmamgdynia.pl\/index.php\/wp-json\/wp\/v2\/comments?post=8963"}],"wp:featuredmedia":[{"embeddable":true,"href":"http:\/\/klubmamgdynia.pl\/index.php\/wp-json\/wp\/v2\/media\/8964"}],"wp:attachment":[{"href":"http:\/\/klubmamgdynia.pl\/index.php\/wp-json\/wp\/v2\/media?parent=8963"}],"wp:term":[{"taxonomy":"product_cat","embeddable":true,"href":"http:\/\/klubmamgdynia.pl\/index.php\/wp-json\/wp\/v2\/product_cat?post=8963"},{"taxonomy":"product_tag","embeddable":true,"href":"http:\/\/klubmamgdynia.pl\/index.php\/wp-json\/wp\/v2\/product_tag?post=8963"}],"curies":[{"name":"wp","href":"https:\/\/api.w.org\/{rel}","templated":true}]}}