{"id":8967,"date":"2018-04-25T16:08:06","date_gmt":"2018-04-25T14:08:06","guid":{"rendered":"http:\/\/klubmamgdynia.pl\/index.php\/produkt\/simba-evi-new-beetle-na-pikniku-kabriolet\/"},"modified":"2026-04-05T21:36:47","modified_gmt":"2026-04-05T19:36:47","slug":"simba-evi-new-beetle-na-pikniku-kabriolet","status":"publish","type":"product","link":"http:\/\/klubmamgdynia.pl\/index.php\/produkt\/simba-evi-new-beetle-na-pikniku-kabriolet\/","title":{"rendered":"Simba Evi New Beetle Na Pikniku Kabriolet"},"content":{"rendered":"<p>Lalka Evi z samochodem New Beetle to super zestaw i zabawa dla ka\u017cdej dziewczynki. Prze\u015bliczna Lalka Evi niemieckiej firmy Simba stanie si\u0119 towarzyszk\u0105 codziennych zabaw ka\u017cdej ma\u0142ej dziewczynki. Sympatyczna Evi tym razem wyst\u0119puje w roli opiekunki swojego pupila i w\u0142a\u015bcicielki luksusowego kabrioletu. Zabawka staje si\u0119 ciekawsz\u0105, dzi\u0119ki r\u00f3\u017cnym akcesoriom, kt\u00f3re pozwol\u0105 Evi zorganizowa\u0107 przerw\u0119 na posi\u0142ek w trakcie przeja\u017cd\u017cki swoim wspania\u0142ym autem. Laleczka b\u0119dzie mog\u0142a ca\u0142y czas podr\u00f3\u017cowa\u0107 ze swoim malutkim pieskiem. Nasze pociechy b\u0119d\u0105 mog\u0142y stworzy\u0107 niesko\u0144czon\u0105 ilo\u015b\u0107 opowiada\u0144 o Evi i jej zwierzaczku, co zach\u0119ci do wyobra\u017cania i udoskonalania scenek z \u017cycia ma\u0142ej przyjaci\u00f3\u0142ki. Tym sposobem rodzice zaoferuj\u0105 dzieciom mo\u017cliwo\u015b\u0107 rozwijania wyobra\u017ani w tak wa\u017cnym czasie poszukiwa\u0144, zaspokajania ciekawo\u015bci . Evi wywo\u0142a rado\u015b\u0107, rozbawi i b\u0119dzie towarzyszy\u0107 dziecku w ka\u017cdej sytuacji, dzi\u0119ki czemu stanie si\u0119 jej ukochan\u0105 przyjaci\u00f3\u0142k\u0105. Zabawka przeznaczona jest dla dzieci w wieku od 3 lat. Producent: SIMBA Kod producenta: 1539 Wymiary opakowania: 25\u00d716\u00d712cm<\/p>\n<h2>Simba Evi New Beetle Na Pikniku Kabriolet Simba<\/h2>\n<p>bajki na dobranoc psi patrol, wielkanocne zagadki dla dzieci, bajki terapeutyczne o emocjach pdf, prezenty na 1 roczek, karty pracy po ukrai\u0144sku, dzieci.pl, ela znaczenie imienia, piosenki dla dzieci tekst, menu urodzinowe dla dzieci w wieku 8 10 lat, prezent dla nastolatk\u00f3w, sta\u0142a pod \u015bniegiem, lilianna, paula znaczenie imienia<\/p>\n<p>yyyyy<\/p>\n<p>&nbsp;<\/p>\n","protected":false},"excerpt":{"rendered":"<p>Lalka Evi z samochodem New Beetle to super zestaw i zabawa dla ka\u017cdej dziewczynki. Prze\u015bliczna Lalka Evi niemieckiej firmy Simba stanie si\u0119 towarzyszk\u0105 codziennych zabaw ka\u017cdej ma\u0142ej dziewczynki. Sympatyczna Evi tym razem wyst\u0119puje w roli opiekunki swojego pupila i w\u0142a\u015bcicielki luksusowego kabrioletu. Zabawka staje si\u0119 ciekawsz\u0105, dzi\u0119ki r\u00f3\u017cnym akcesoriom, kt\u00f3re pozwol\u0105 Evi zorganizowa\u0107 przerw\u0119 na [&hellip;]<\/p>\n","protected":false},"featured_media":8968,"comment_status":"closed","ping_status":"open","template":"","meta":[],"product_cat":[65,279],"product_tag":[716,580,583,614,778],"class_list":["post-8967","product","type-product","status-publish","has-post-thumbnail","hentry","product_cat-lalki","product_cat-simba","product_tag-filmy-animowane-o-swietach","product_tag-janusz","product_tag-kolysanki-dla-dzieci-tekst","product_tag-pia","product_tag-zabawki-na-roczek-dla-chlopca"],"_links":{"self":[{"href":"http:\/\/klubmamgdynia.pl\/index.php\/wp-json\/wp\/v2\/product\/8967","targetHints":{"allow":["GET"]}}],"collection":[{"href":"http:\/\/klubmamgdynia.pl\/index.php\/wp-json\/wp\/v2\/product"}],"about":[{"href":"http:\/\/klubmamgdynia.pl\/index.php\/wp-json\/wp\/v2\/types\/product"}],"replies":[{"embeddable":true,"href":"http:\/\/klubmamgdynia.pl\/index.php\/wp-json\/wp\/v2\/comments?post=8967"}],"wp:featuredmedia":[{"embeddable":true,"href":"http:\/\/klubmamgdynia.pl\/index.php\/wp-json\/wp\/v2\/media\/8968"}],"wp:attachment":[{"href":"http:\/\/klubmamgdynia.pl\/index.php\/wp-json\/wp\/v2\/media?parent=8967"}],"wp:term":[{"taxonomy":"product_cat","embeddable":true,"href":"http:\/\/klubmamgdynia.pl\/index.php\/wp-json\/wp\/v2\/product_cat?post=8967"},{"taxonomy":"product_tag","embeddable":true,"href":"http:\/\/klubmamgdynia.pl\/index.php\/wp-json\/wp\/v2\/product_tag?post=8967"}],"curies":[{"name":"wp","href":"https:\/\/api.w.org\/{rel}","templated":true}]}}