{"id":8969,"date":"2014-02-17T15:49:56","date_gmt":"2014-02-17T14:49:56","guid":{"rendered":"http:\/\/klubmamgdynia.pl\/index.php\/produkt\/ks-kids-kostka-sluchaj-klaszcz-i-spiewaj-106989\/"},"modified":"2026-04-29T09:11:07","modified_gmt":"2026-04-29T07:11:07","slug":"ks-kids-kostka-sluchaj-klaszcz-i-spiewaj-106989","status":"publish","type":"product","link":"http:\/\/klubmamgdynia.pl\/index.php\/produkt\/ks-kids-kostka-sluchaj-klaszcz-i-spiewaj-106989\/","title":{"rendered":"K&#8217;S Kids Kostka S\u0142uchaj Klaszcz I \u015apiewaj (106989)"},"content":{"rendered":"<p>Dzi\u0119ki kostce s\u0142uchaj, klaszcz i \u015bpiewaj Twoje dziecko stanie si\u0119 ma\u0142ym muzykiem. Kostka jest wspania\u0142\u0105 zabawk\u0105 rozwijaj\u0105c\u0105 u dzieci poczucie rytmu i muzyki. Zabawk\u0119 mo\u017cna ustawi\u0107 w trzech r\u00f3\u017cnych rytmach: s\u0142uchaj, klaszcz lub \u015bpiewaj.Tryb \u201es\u0142uchaj\u201d &#8211; gdy dziecko podrzuci kostk\u0119 i ta u\u0142o\u017cy si\u0119 nadrukiem do g\u00f3ry, kostka zagra melodi\u0119. Kostka oferuje 6 r\u00f3\u017cnych melodii.Tryb \u201eklaszcz\u201d &#8211; w tym trybie dziecko us\u0142yszy 3 r\u00f3\u017cne melodie, kt\u00f3re zach\u0119caj\u0105 je do klaskania.Tryb \u201e\u015bpiewaj\u201d &#8211; oferuje 6 weso\u0142ych piosenek wykonanych przez ludzi i zwierz\u0119ta, kt\u00f3re zach\u0119caj\u0105 dziecko do wsp\u00f3lnego \u015bpiewu.Etap 1 (6-12m)Cel: \u0106wiczenie zmys\u0142u s\u0142uchu i uwagi \u2013 s\u0142uchanie muzyki.Metoda: Wszystkie trzy tryby odtwarzaj\u0105 muzyk\u0119. Klepnij lub rzu\u0107 kostk\u0105 aby aktywowa\u0107 muzyk\u0119 z r\u00f3\u017cnych kierunk\u00f3w. Obserwuj czy wzrok Twojego dziecka pod\u0105\u017ca za kostk\u0105.Cel: \u0106wiczenie motoryki du\u017cej \u2013 raczkowanie.Metoda: Aktywuj muzyk\u0119 i trzymaj kostk\u0119 przed Twoim dzieckiem. Nast\u0119pnie zach\u0119\u0107 dziecko aby raczkowa\u0142o w kierunku kostki.Etap 2 (12-24m)Cel: \u015apiewanie.Metoda: Ustaw kostk\u0119 na tryb 1 i zach\u0119\u0107 dziecko do rzucania. Z ka\u017cdym rzutem, kostka gra r\u00f3\u017cne melodie, kt\u00f3re s\u0105 \u015bpiewana przez r\u00f3\u017cnych ludzi i zwierz\u0119ta. Zabawa ta zach\u0119ca Twoje dziecko do powtarzania czynno\u015bci, jednocze\u015bnie \u0107wicz\u0105c ich muzykalno\u015b\u0107 i umiej\u0119tno\u015bci motoryki du\u017cej.Cel: Klaskanie do rytmu.Metoda: Ustaw kostk\u0119 na tryb 2 i zach\u0119\u0107 dziecko do rzucania. Za ka\u017cdym rzutem, kostka gra r\u00f3\u017cne melodie, kt\u00f3re s\u0105 \u015bpiewane przez r\u00f3\u017cnych ludzi i zwierz\u0105t. Dzieci mog\u0105 klaska\u0107, rusza\u0107 si\u0119 i ta\u0144czy\u0107 do rytmu. Zabawa ta \u0107wiczy ich zmys\u0142 rytmu i motoryk\u0119 du\u017c\u0105.Cel: Wskazywanie zwierz\u0105t.Metoda: Nazwij zwierze i zach\u0119\u0107 Twoje dziecko do wskazania tego zwierz\u0105tka.Etap 3 (24-36m+)Cel: Wskazywanie instrument\u00f3w.Metoda: Nazwij instrument i zach\u0119\u0107 dziecko do wskazania go.Cel: Rozr\u00f3\u017cnianie instrument\u00f3w.Metoda: Ustaw kostk\u0119 na tryb 3 i zach\u0119\u0107 dziecko do rzucania. Kostka odgrywa r\u00f3\u017cne melodie wykonywane przez r\u00f3\u017cne instrumenty (na podstawie obrazka zwr\u00f3conego do g\u00f3ry). Dzieci ucz\u0105 si\u0119 rozr\u00f3\u017cnia\u0107 instrumenty.Cel: Rozpoznawanie instrumentu poprzez d\u017awi\u0119k.Metoda: Ustaw kostk\u0119 na tryb 3 i rzu\u0107 ni\u0105 aby aktywowa\u0107 r\u00f3\u017cne d\u017awi\u0119ki. Upewnij si\u0119, \u017ce dziecko nie podgl\u0105da i zach\u0119\u0107 je do nazwania instrument\u00f3w, kt\u00f3rych melodi\u0119 s\u0142yszy w danym momencie.Cel: \u0106wiczenie koordynacji wzrokowo-ruchowej \u2013 gra w \u0142apanie.Metoda: Kostka jest mi\u0119kka i \u0142atwa do trzymania i chwytania. U\u017cyj kostki do zabawy w \u0142apanie aby \u0107wiczy\u0107 umiej\u0119tno\u015b\u0107 reagowania i koordynacj\u0119 wzrokowo-ruchow\u0105 dziecka.Zabawk\u0119 mo\u017cna pra\u0107 w 30 stopniach po wyj\u0119ciu cz\u0119\u015bci elektronicznych.Baterie: 2 x AAA Zestaw nie zawiera baterii.Brak regulacji g\u0142o\u015bno\u015bci.Jedn\u0105 z melodii jest ta piosenka.\u015awiadczymy us\u0142ugi posprzeda\u017cne.W koszt us\u0142ugi posprzeda\u017cnej wchodzi:- warto\u015b\u0107 cz\u0119\u015bci zapasowej- roboczogodzina 50z\u0142 netto<\/p>\n<h2>KS Kids Kostka S\u0142uchaj Klaszcz I \u015apiewaj (106989) Ks Kids<\/h2>\n<p>jak narysowa\u0107 koty, quizy dla dzieci 10 lat, kolorowanki antystresowe, jeziora blisko warszawy, prezent na urodziny dla nastolatk\u00f3w, zabawki na roczek dla ch\u0142opca, pani wiosna do druku, podchwytliwe zagadki na inteligencj\u0119, kajko i kokosz test z lektury, zagadki dla dzieci 7-8 lat, cytaty o wychowaniu i nauczaniu<\/p>\n<p>yyyyy<\/p>\n<p>&nbsp;<\/p>\n","protected":false},"excerpt":{"rendered":"<p>Dzi\u0119ki kostce s\u0142uchaj, klaszcz i \u015bpiewaj Twoje dziecko stanie si\u0119 ma\u0142ym muzykiem. Kostka jest wspania\u0142\u0105 zabawk\u0105 rozwijaj\u0105c\u0105 u dzieci poczucie rytmu i muzyki. Zabawk\u0119 mo\u017cna ustawi\u0107 w trzech r\u00f3\u017cnych rytmach: s\u0142uchaj, klaszcz lub \u015bpiewaj.Tryb \u201es\u0142uchaj\u201d &#8211; gdy dziecko podrzuci kostk\u0119 i ta u\u0142o\u017cy si\u0119 nadrukiem do g\u00f3ry, kostka zagra melodi\u0119. Kostka oferuje 6 r\u00f3\u017cnych melodii.Tryb [&hellip;]<\/p>\n","protected":false},"featured_media":8970,"comment_status":"closed","ping_status":"open","template":"","meta":[],"product_cat":[305,61],"product_tag":[617,583,807,710],"class_list":["post-8969","product","type-product","status-publish","has-post-thumbnail","hentry","product_cat-ks-kids","product_cat-zabawki-edukacyjne-dla-niemowlat","product_tag-keyword","product_tag-kolysanki-dla-dzieci-tekst","product_tag-logiczne-zagadki","product_tag-zagadki-dla-dzieci-10-12-lat"],"_links":{"self":[{"href":"http:\/\/klubmamgdynia.pl\/index.php\/wp-json\/wp\/v2\/product\/8969","targetHints":{"allow":["GET"]}}],"collection":[{"href":"http:\/\/klubmamgdynia.pl\/index.php\/wp-json\/wp\/v2\/product"}],"about":[{"href":"http:\/\/klubmamgdynia.pl\/index.php\/wp-json\/wp\/v2\/types\/product"}],"replies":[{"embeddable":true,"href":"http:\/\/klubmamgdynia.pl\/index.php\/wp-json\/wp\/v2\/comments?post=8969"}],"wp:featuredmedia":[{"embeddable":true,"href":"http:\/\/klubmamgdynia.pl\/index.php\/wp-json\/wp\/v2\/media\/8970"}],"wp:attachment":[{"href":"http:\/\/klubmamgdynia.pl\/index.php\/wp-json\/wp\/v2\/media?parent=8969"}],"wp:term":[{"taxonomy":"product_cat","embeddable":true,"href":"http:\/\/klubmamgdynia.pl\/index.php\/wp-json\/wp\/v2\/product_cat?post=8969"},{"taxonomy":"product_tag","embeddable":true,"href":"http:\/\/klubmamgdynia.pl\/index.php\/wp-json\/wp\/v2\/product_tag?post=8969"}],"curies":[{"name":"wp","href":"https:\/\/api.w.org\/{rel}","templated":true}]}}