{"id":8971,"date":"2014-08-24T14:36:25","date_gmt":"2014-08-24T12:36:25","guid":{"rendered":"http:\/\/klubmamgdynia.pl\/index.php\/produkt\/pozytywka-mini-przytulanka-wayne-ks-kids-ka10608\/"},"modified":"2026-04-03T15:08:01","modified_gmt":"2026-04-03T13:08:01","slug":"pozytywka-mini-przytulanka-wayne-ks-kids-ka10608","status":"publish","type":"product","link":"http:\/\/klubmamgdynia.pl\/index.php\/produkt\/pozytywka-mini-przytulanka-wayne-ks-kids-ka10608\/","title":{"rendered":"Pozytywka Mini Przytulanka Wayne K&#8217;S Kids Ka10608"},"content":{"rendered":"<p>Zabawka &#8211; mini pozytywka Wayne jest przeznaczona dla dzieci ju\u017c od pierwszych dni \u017cycia. Delikatne d\u017awi\u0119ki ko\u0142ysanki uspokoj\u0105 dziecko i uko\u0142ysz\u0105 je do snu. Zaciekawione zabawk\u0105 dziecko z ch\u0119ci\u0105 b\u0119dzie wyci\u0105ga\u0142o po ni\u0105 r\u0105czki rozwijaj\u0105c swoj\u0105 sprawno\u015b\u0107 ruchow\u0105. Zabawka z pewno\u015bci\u0105 stanie si\u0119 ulubie\u0144cem maluszka.\u015awiadczymy us\u0142ugi posprzeda\u017cne.W koszt us\u0142ugi posprzeda\u017cnej wchodzi:- warto\u015b\u0107 cz\u0119\u015bci zapasowej- roboczogodzina 50z\u0142 netto<\/p>\n<h2>Pozytywka Mini Przytulanka Wayne KS Kids Ka10608 Ks Kids<\/h2>\n<p>test z lektury opowie\u015bci z narnii lew czarownica i stara szafa, audiobook dla dzieci za darmo, wiosna zagadki s\u0142owne, farma dyni poznan, opisy o dziecku, nauka polskiego dla dzieci z ukrainy, uk\u0142ad s\u0142oneczny kolorowanka, atrakcje dla nastolatk\u00f3w, alan znaczenie imienia, najlepsze \u017carty na prima aprilis, z\u0142ote my\u015bli kr\u00f3tkie<\/p>\n<p>yyyyy<\/p>\n<p>&nbsp;<\/p>\n","protected":false},"excerpt":{"rendered":"<p>Zabawka &#8211; mini pozytywka Wayne jest przeznaczona dla dzieci ju\u017c od pierwszych dni \u017cycia. Delikatne d\u017awi\u0119ki ko\u0142ysanki uspokoj\u0105 dziecko i uko\u0142ysz\u0105 je do snu. Zaciekawione zabawk\u0105 dziecko z ch\u0119ci\u0105 b\u0119dzie wyci\u0105ga\u0142o po ni\u0105 r\u0105czki rozwijaj\u0105c swoj\u0105 sprawno\u015b\u0107 ruchow\u0105. Zabawka z pewno\u015bci\u0105 stanie si\u0119 ulubie\u0144cem maluszka.\u015awiadczymy us\u0142ugi posprzeda\u017cne.W koszt us\u0142ugi posprzeda\u017cnej wchodzi:- warto\u015b\u0107 cz\u0119\u015bci zapasowej- roboczogodzina [&hellip;]<\/p>\n","protected":false},"featured_media":8972,"comment_status":"closed","ping_status":"open","template":"","meta":[],"product_cat":[305,26],"product_tag":[668,813,855,636],"class_list":["post-8971","product","type-product","status-publish","has-post-thumbnail","hentry","product_cat-ks-kids","product_cat-zabawki-do-wozka-lozeczka-i-fotelika","product_tag-atrakcje-dla-dzieci-wroclaw","product_tag-krotkie-zagadki-matematyczne-z-odpowiedziami","product_tag-nietypowe-imiona-zenskie","product_tag-teksty-kolysanek"],"_links":{"self":[{"href":"http:\/\/klubmamgdynia.pl\/index.php\/wp-json\/wp\/v2\/product\/8971","targetHints":{"allow":["GET"]}}],"collection":[{"href":"http:\/\/klubmamgdynia.pl\/index.php\/wp-json\/wp\/v2\/product"}],"about":[{"href":"http:\/\/klubmamgdynia.pl\/index.php\/wp-json\/wp\/v2\/types\/product"}],"replies":[{"embeddable":true,"href":"http:\/\/klubmamgdynia.pl\/index.php\/wp-json\/wp\/v2\/comments?post=8971"}],"wp:featuredmedia":[{"embeddable":true,"href":"http:\/\/klubmamgdynia.pl\/index.php\/wp-json\/wp\/v2\/media\/8972"}],"wp:attachment":[{"href":"http:\/\/klubmamgdynia.pl\/index.php\/wp-json\/wp\/v2\/media?parent=8971"}],"wp:term":[{"taxonomy":"product_cat","embeddable":true,"href":"http:\/\/klubmamgdynia.pl\/index.php\/wp-json\/wp\/v2\/product_cat?post=8971"},{"taxonomy":"product_tag","embeddable":true,"href":"http:\/\/klubmamgdynia.pl\/index.php\/wp-json\/wp\/v2\/product_tag?post=8971"}],"curies":[{"name":"wp","href":"https:\/\/api.w.org\/{rel}","templated":true}]}}