{"id":8973,"date":"2021-12-14T18:37:42","date_gmt":"2021-12-14T17:37:42","guid":{"rendered":"http:\/\/klubmamgdynia.pl\/index.php\/produkt\/rebel-tasma-izolacyjna-klejaca-013mmx19mmx10-czarna-lecnar0413\/"},"modified":"2026-05-17T22:57:48","modified_gmt":"2026-05-17T20:57:48","slug":"rebel-tasma-izolacyjna-klejaca-013mmx19mmx10-czarna-lecnar0413","status":"publish","type":"product","link":"http:\/\/klubmamgdynia.pl\/index.php\/produkt\/rebel-tasma-izolacyjna-klejaca-013mmx19mmx10-czarna-lecnar0413\/","title":{"rendered":"Rebel Ta\u015bma Izolacyjna Klej\u0105ca 0,13mmx19mmx10 Czarna LECNAR0413"},"content":{"rendered":"<p>&#8212;&#8212;&#8212;-Dane techniczne &#8212;&#8212;&#8212;-Maksymalna temperatura robocza: 80\u00b0CWyd\u0142u\u017cenie przy zrywaniu: =65 N \/ 25 mmWytrzyma\u0142o\u015b\u0107 na odrywanie: &gt;=7,5 N \/ 25 mmPrzyczepno\u015b\u0107 do materia\u0142\u00f3w: PVC, plastik, aluminium, stal itp. Grubo\u015b\u0107: 0,13 mmSzeroko\u015b\u0107: 19 mmD\u0142ugo\u015b\u0107: 10 yd (9,15 m)Waga: 33 gKolor: czarny &#8212;&#8212;&#8212;-G\u0142\u00f3wne cechy &#8212;&#8212;&#8212;-Odporno\u015b\u0107 na promienie UVZastosowanie: wi\u0105zkowanie, izolacja, naprawa, oznaczanie kolorami, mocowanie, wzmacnianie po\u0142\u0105cze\u0144, maskowanie i zabezpieczanie&#8230;<\/p>\n<h2>Rebel Ta\u015bma Izolacyjna Klej\u0105ca 0,13mmx19mmx10 Czarna LECNAR0413 Rebel<\/h2>\n<p>imi\u0119 iwo, ekskluzywny prezent na roczek, kolorowanka ninjago, kolorowanki koty, pan twardowski na ksi\u0119\u017cycu wiersz, lucyna, fajne rzeczy dla nastolatk\u00f3w, natalia, karyna, rzadkie imiona dla dziewczynek<\/p>\n<p>yyyyy<\/p>\n<p>&nbsp;<\/p>\n","protected":false},"excerpt":{"rendered":"<p>&#8212;&#8212;&#8212;-Dane techniczne &#8212;&#8212;&#8212;-Maksymalna temperatura robocza: 80\u00b0CWyd\u0142u\u017cenie przy zrywaniu: =65 N \/ 25 mmWytrzyma\u0142o\u015b\u0107 na odrywanie: &gt;=7,5 N \/ 25 mmPrzyczepno\u015b\u0107 do materia\u0142\u00f3w: PVC, plastik, aluminium, stal itp. Grubo\u015b\u0107: 0,13 mmSzeroko\u015b\u0107: 19 mmD\u0142ugo\u015b\u0107: 10 yd (9,15 m)Waga: 33 gKolor: czarny &#8212;&#8212;&#8212;-G\u0142\u00f3wne cechy &#8212;&#8212;&#8212;-Odporno\u015b\u0107 na promienie UVZastosowanie: wi\u0105zkowanie, izolacja, naprawa, oznaczanie kolorami, mocowanie, wzmacnianie po\u0142\u0105cze\u0144, maskowanie i [&hellip;]<\/p>\n","protected":false},"featured_media":8974,"comment_status":"closed","ping_status":"open","template":"","meta":[],"product_cat":[1767,219],"product_tag":[671,740,617,620,840],"class_list":["post-8973","product","type-product","status-publish","has-post-thumbnail","hentry","product_cat-ocieplenie-i-izolacja","product_cat-rebel","product_tag-cicha-noc-po-angielsku-tekst","product_tag-fajne-prezenty-dla-nastolatkow","product_tag-keyword","product_tag-quiz-opowiesci-z-narnii","product_tag-stare-bajki"],"_links":{"self":[{"href":"http:\/\/klubmamgdynia.pl\/index.php\/wp-json\/wp\/v2\/product\/8973","targetHints":{"allow":["GET"]}}],"collection":[{"href":"http:\/\/klubmamgdynia.pl\/index.php\/wp-json\/wp\/v2\/product"}],"about":[{"href":"http:\/\/klubmamgdynia.pl\/index.php\/wp-json\/wp\/v2\/types\/product"}],"replies":[{"embeddable":true,"href":"http:\/\/klubmamgdynia.pl\/index.php\/wp-json\/wp\/v2\/comments?post=8973"}],"wp:featuredmedia":[{"embeddable":true,"href":"http:\/\/klubmamgdynia.pl\/index.php\/wp-json\/wp\/v2\/media\/8974"}],"wp:attachment":[{"href":"http:\/\/klubmamgdynia.pl\/index.php\/wp-json\/wp\/v2\/media?parent=8973"}],"wp:term":[{"taxonomy":"product_cat","embeddable":true,"href":"http:\/\/klubmamgdynia.pl\/index.php\/wp-json\/wp\/v2\/product_cat?post=8973"},{"taxonomy":"product_tag","embeddable":true,"href":"http:\/\/klubmamgdynia.pl\/index.php\/wp-json\/wp\/v2\/product_tag?post=8973"}],"curies":[{"name":"wp","href":"https:\/\/api.w.org\/{rel}","templated":true}]}}