{"id":8977,"date":"2016-06-21T09:31:47","date_gmt":"2016-06-21T07:31:47","guid":{"rendered":"http:\/\/klubmamgdynia.pl\/index.php\/produkt\/gra-planszowa-frech-verlag-gmbh-unboxing-der-fluch-des-seeungeheuers-wersja-niemiecka\/"},"modified":"2026-04-06T13:38:45","modified_gmt":"2026-04-06T11:38:45","slug":"gra-planszowa-frech-verlag-gmbh-unboxing-der-fluch-des-seeungeheuers-wersja-niemiecka","status":"publish","type":"product","link":"http:\/\/klubmamgdynia.pl\/index.php\/produkt\/gra-planszowa-frech-verlag-gmbh-unboxing-der-fluch-des-seeungeheuers-wersja-niemiecka\/","title":{"rendered":"Gra planszowa Frech Verlag Gmbh Unboxing &#8211; Der Fluch des Seeungeheuers (wersja niemiecka)"},"content":{"rendered":"<p>Ahoi, ihr Landratten! Taucht ein in eine l\u00e4ngst vergangene Zeit voll Raub, Rum und Raufereien. Bei einem Tauchgang entdeckt ihr eine merkw\u00fcrdige Kiste auf dem Meeresgrund. Ihr holt sie auf euer Boot und versucht sie zu \u00f6ffnen. Dabei stellt sich heraus, dass sich deutlich mehr Geheimnisse im Inneren verbergen, als ihr zun\u00e4chst angenommen habt. Mithilfe einer magischen Muschel werdet ihr Zeuge merkw\u00fcrdiger Vorg\u00e4nge auf einem Piratenschiff, auf dem wenig so ist, wie es scheint. Also alle Mann an Deck: L\u00f6st die R\u00e4tsel, h\u00f6rt beim H\u00f6rspiel aufmerksam zu und kommt so Schachtel f\u00fcr Schachtel dem Geheimnis auf die Spur.<\/p>\n<h2>Gra planszowa Frech Verlag Gmbh Unboxing &#8211; Der Fluch des Seeungeheuers (wersja niemiecka) <\/h2>\n<p>kolorowanki do druku konie, quizy znaki drogowe, lokomotywa kolorowanka, daria imie, dymitr, ma\u0142y ksi\u0105\u017c\u0119 cytaty, quiz o wio\u015bnie, kolorowanki do wydruku, jak narysowa\u0107 psa krok po kroku, kolorowanka robot, mia imi\u0119, znaczenie imiona monika, ja\u015bmina imi\u0119, prezenty urodzinowe dla nastolatk\u00f3w, najpi\u0119kniejsze cytaty dziecko cytaty, ko\u0142ysanka tekst, wzruszaj\u0105c\u0105 piosenka dla taty, prezent na 1 urodziny, kolorowanki pokemon do druku, imi\u0119 iwo, cytaty ma\u0142y ksi\u0105\u017ce<\/p>\n<p>yyyyy<\/p>\n<p>&nbsp;<\/p>\n","protected":false},"excerpt":{"rendered":"<p>Ahoi, ihr Landratten! Taucht ein in eine l\u00e4ngst vergangene Zeit voll Raub, Rum und Raufereien. Bei einem Tauchgang entdeckt ihr eine merkw\u00fcrdige Kiste auf dem Meeresgrund. Ihr holt sie auf euer Boot und versucht sie zu \u00f6ffnen. Dabei stellt sich heraus, dass sich deutlich mehr Geheimnisse im Inneren verbergen, als ihr zun\u00e4chst angenommen habt. Mithilfe [&hellip;]<\/p>\n","protected":false},"featured_media":8978,"comment_status":"closed","ping_status":"open","template":"","meta":[],"product_cat":[235],"product_tag":[781,706,624,749,866,857,694],"class_list":["post-8977","product","type-product","status-publish","has-post-thumbnail","hentry","product_cat-gry-planszowe","product_tag-cytaty-o-wychowaniu-dzieci","product_tag-imie-kuba","product_tag-krotkie-zagadki","product_tag-najlepsze-zarty-na-prima-aprilis","product_tag-opis-do-zdjecia-dziecka-na-fb","product_tag-zagadki-dla-dzieci-7-8-lat","product_tag-zagadki-swiateczne-dla-dzieci"],"_links":{"self":[{"href":"http:\/\/klubmamgdynia.pl\/index.php\/wp-json\/wp\/v2\/product\/8977","targetHints":{"allow":["GET"]}}],"collection":[{"href":"http:\/\/klubmamgdynia.pl\/index.php\/wp-json\/wp\/v2\/product"}],"about":[{"href":"http:\/\/klubmamgdynia.pl\/index.php\/wp-json\/wp\/v2\/types\/product"}],"replies":[{"embeddable":true,"href":"http:\/\/klubmamgdynia.pl\/index.php\/wp-json\/wp\/v2\/comments?post=8977"}],"wp:featuredmedia":[{"embeddable":true,"href":"http:\/\/klubmamgdynia.pl\/index.php\/wp-json\/wp\/v2\/media\/8978"}],"wp:attachment":[{"href":"http:\/\/klubmamgdynia.pl\/index.php\/wp-json\/wp\/v2\/media?parent=8977"}],"wp:term":[{"taxonomy":"product_cat","embeddable":true,"href":"http:\/\/klubmamgdynia.pl\/index.php\/wp-json\/wp\/v2\/product_cat?post=8977"},{"taxonomy":"product_tag","embeddable":true,"href":"http:\/\/klubmamgdynia.pl\/index.php\/wp-json\/wp\/v2\/product_tag?post=8977"}],"curies":[{"name":"wp","href":"https:\/\/api.w.org\/{rel}","templated":true}]}}