{"id":8981,"date":"2013-11-12T09:13:31","date_gmt":"2013-11-12T08:13:31","guid":{"rendered":"http:\/\/klubmamgdynia.pl\/index.php\/produkt\/sid-meiers-civilization-v-wydanie-kompletne-digital\/"},"modified":"2026-04-05T01:02:00","modified_gmt":"2026-04-04T23:02:00","slug":"sid-meiers-civilization-v-wydanie-kompletne-digital","status":"publish","type":"product","link":"http:\/\/klubmamgdynia.pl\/index.php\/produkt\/sid-meiers-civilization-v-wydanie-kompletne-digital\/","title":{"rendered":"Sid Meiers Civilization V Wydanie Kompletne (Digital)"},"content":{"rendered":"<p>Seria, kt\u00f3ra zdefiniowa\u0142a gatunek gier strategicznych, Cywilizacja, powraca w najnowszej ods\u0142onie pod tytu\u0142em &#8222;Sid Meier s Civilization V&#8221;<\/p>\n<p>Civilization V odnowi podej\u015bcie do klasycznych strategii turowych, dzi\u0119ki zastosowaniu nowego, zdumiewaj\u0105cego silnika zbudowanego specjalnie na potrzeby tej flagowej ods\u0142ony serii Civilization. Gracze otrzymaj\u0105 zupe\u0142nie nowy system bitew, pog\u0142\u0119bion\u0105 mo\u017cliwo\u015b\u0107 dyplomacji i mas\u0119 rozszerzonych opcji, kt\u00f3re dostarcz\u0105 niezapomnianych prze\u017cy\u0107 na wiele godzin. Szansa obrony i rozbudowy swojej cywilizacji na drodze do stworzenia najwi\u0119kszego \u015bwiatowego imperium nadarzy si\u0119 ju\u017c tej jesieni na komputerach PC.                            <\/p>\n<p>            Civilization V wyznacza dla serii nowy kierunek wraz z wprowadzeniem do mapy rozgrywki podzia\u0142u na sze\u015bciok\u0105tne pola.<\/p>\n<p>To jeszcze wi\u0119cej strategii, bardziej realistyczna rozgrywka i mo\u017cliwo\u015b\u0107 bardziej szczeg\u00f3\u0142owej eksploracji obszaru gry. Nowy silnik zapewnia spektakularne efekty graficzne, kt\u00f3re przybli\u017c\u0105 graczy do prawdziwego do\u015bwiadczenia Cywilizacji. Po raz pierwszy w historii serii przyw\u00f3dcy nacji b\u0119d\u0105 w pe\u0142ni animowani i w czasie interakcji z graczami b\u0119d\u0105 m\u00f3wi\u0107 w swoim ojczystym j\u0119zyku. Wojny mi\u0119dzy narodami b\u0119d\u0105 naprawd\u0119 epickie, dzi\u0119ki widokowi armii dominuj\u0105cych na mapie, a sama walka b\u0119dzie bardziej ekscytuj\u0105ca i intensywna ni\u017c do tej pory. Dodatek w postaci broni dystansowych umo\u017cliwi graczom prowadzenie ostrza\u0142u zza linii frontu, wymuszaj\u0105c bardziej przemy\u015blane strategie na polu bitwy. Poza szeregiem nowych opcji debiutuj\u0105cych w samej rozgrywce, Civilization V wprowadzi rozszerzone narz\u0119dzia dla spo\u0142eczno\u015bci, mo\u017cliwo\u015b\u0107 modowania i opcje gry wieloosobowej.<\/p>\n<h2>Sid Meiers Civilization V Wydanie Kompletne (Digital) Aspyr Media<\/h2>\n<p>zagadki logiczne trudne, test z lektury kajko i kokosz szko\u0142a latania, na roczek dla dziewczynki, rozrywka dla dzieci, zabawka na roczek dla dziewczynki, kolorowanka lol do druku, p\u0142ywalnie warszawa, bajka o dinozaurach do czytania, wz\u00f3r drzewo genealogiczne szablon do wydruku, quiz dynastia mizio\u0142k\u00f3w, prezenty dla nastolatk\u00f3w, stare wiersze dla dzieci, kolorowanki do druku dla ch\u0142opc\u00f3w, everest psi patrol kolorowanka, testy z lektury miko\u0142ajek, kolorowanki dla dziewczynek do druku, bajka o smoku wawelskim<\/p>\n<p>yyyyy<\/p>\n<p>&nbsp;<\/p>\n","protected":false},"excerpt":{"rendered":"<p>Seria, kt\u00f3ra zdefiniowa\u0142a gatunek gier strategicznych, Cywilizacja, powraca w najnowszej ods\u0142onie pod tytu\u0142em &#8222;Sid Meier s Civilization V&#8221; Civilization V odnowi podej\u015bcie do klasycznych strategii turowych, dzi\u0119ki zastosowaniu nowego, zdumiewaj\u0105cego silnika zbudowanego specjalnie na potrzeby tej flagowej ods\u0142ony serii Civilization. Gracze otrzymaj\u0105 zupe\u0142nie nowy system bitew, pog\u0142\u0119bion\u0105 mo\u017cliwo\u015b\u0107 dyplomacji i mas\u0119 rozszerzonych opcji, kt\u00f3re dostarcz\u0105 [&hellip;]<\/p>\n","protected":false},"featured_media":8982,"comment_status":"closed","ping_status":"open","template":"","meta":[],"product_cat":[1769,352],"product_tag":[686,680,586],"class_list":["post-8981","product","type-product","status-publish","has-post-thumbnail","hentry","product_cat-aspyr-media","product_cat-gry-do-pobrania-na-pc","product_tag-co-na-roczek-dla-chlopca","product_tag-cytaty-z-malego-ksiecia","product_tag-smieszne-zagadki"],"_links":{"self":[{"href":"http:\/\/klubmamgdynia.pl\/index.php\/wp-json\/wp\/v2\/product\/8981","targetHints":{"allow":["GET"]}}],"collection":[{"href":"http:\/\/klubmamgdynia.pl\/index.php\/wp-json\/wp\/v2\/product"}],"about":[{"href":"http:\/\/klubmamgdynia.pl\/index.php\/wp-json\/wp\/v2\/types\/product"}],"replies":[{"embeddable":true,"href":"http:\/\/klubmamgdynia.pl\/index.php\/wp-json\/wp\/v2\/comments?post=8981"}],"wp:featuredmedia":[{"embeddable":true,"href":"http:\/\/klubmamgdynia.pl\/index.php\/wp-json\/wp\/v2\/media\/8982"}],"wp:attachment":[{"href":"http:\/\/klubmamgdynia.pl\/index.php\/wp-json\/wp\/v2\/media?parent=8981"}],"wp:term":[{"taxonomy":"product_cat","embeddable":true,"href":"http:\/\/klubmamgdynia.pl\/index.php\/wp-json\/wp\/v2\/product_cat?post=8981"},{"taxonomy":"product_tag","embeddable":true,"href":"http:\/\/klubmamgdynia.pl\/index.php\/wp-json\/wp\/v2\/product_tag?post=8981"}],"curies":[{"name":"wp","href":"https:\/\/api.w.org\/{rel}","templated":true}]}}