{"id":8985,"date":"2012-09-03T06:45:24","date_gmt":"2012-09-03T04:45:24","guid":{"rendered":"http:\/\/klubmamgdynia.pl\/index.php\/produkt\/makaszka-chusteczki-bambusowe-fairies\/"},"modified":"2026-04-25T03:13:57","modified_gmt":"2026-04-25T01:13:57","slug":"makaszka-chusteczki-bambusowe-fairies","status":"publish","type":"product","link":"http:\/\/klubmamgdynia.pl\/index.php\/produkt\/makaszka-chusteczki-bambusowe-fairies\/","title":{"rendered":"Makaszka &#8211; Chusteczki Bambusowe Fairies"},"content":{"rendered":"<p>Delikatne chusteczki bambusowe s\u0105 pokryte antybakteryjnymi mikrocz\u0105steczkami srebra, kt\u00f3re zapewniaj\u0105 idealn\u0105 ochron\u0119 przed bakteriami. To najmilsza, najdelikatniejsza, a zarazem najbardziej naturalna tkanina jak\u0105 mo\u017cesz podarowa\u0107 swojemu male\u0144stwu. Pieluszka bambusowa mo\u017ce mie\u0107 niezliczon\u0105 ilo\u015b\u0107 zastosowa\u0144, ale zawsze jest blisko wra\u017cliwej sk\u00f3ry Maluszka, wi\u0119c musi by\u0107 bardzo delikatna i przyjazna dla sk\u00f3ry Twojego dziecka. Pieluszki niemowl\u0119ce Makaszka wykonane s\u0105 z mu\u015blinu bambusowego. Bambus jest antybakteryjny, antyalergiczny i antygrzybiczny. Absorbuje wod\u0119 o 60% lepiej ni\u017c bawe\u0142na, poch\u0142ania nieprzyjemne zapachy i jest w pe\u0142ni biodegradowalny. Zestaw zawiera 4 sztuki chusteczek\/pieluszek w rozmiarze 35 x 35 cm. Chusteczki bambusowe Makaszka s\u0105 szyte r\u0119cznie w Polsce z najwy\u017csz\u0105 staranno\u015bci\u0105 i dba\u0142o\u015bci\u0105 o szczeg\u00f3\u0142y z tkanin najwy\u017cszej jako\u015bci daj\u0105c d\u0142ugoletni\u0105 przyjemno\u015b\u0107 z u\u017cytkowania. Charakterystyka produktu Rozmiar: 35 x 35 cm Ilo\u015b\u0107 w zestawie: 4 szt. Wz\u00f3r: fairies Sk\u0142ad: 100% mu\u015blin bambusowy najwy\u017cszej jako\u015bci. Nadruk na tkaninie nie zmienia kolor\u00f3w nawet po wielokrotnym praniu, jest przyjazny dla cz\u0142owieka i \u015brodowiska, potwierdza to Certyfikat OEKO-TEX 100 klasa I. Wyj\u0105tkowe zalety tkanin bambusowych potwierdzi\u0142 Instytutu Matki i Dziecka wydaj\u0105c pozytywn\u0105 opini\u0119. Instrukcja prania: pra\u0107 w temp. 30\u00b0C, nie suszy\u0107 w suszarce b\u0119bnowej<\/p>\n<h2>Makaszka &#8211; Chusteczki Bambusowe Fairies Makaszka<\/h2>\n<p>zagadki dla dzieci 6-7 lat, kwiaty polne nazwy, test z ani z zielonego wzg\u00f3rza, m\u0105dre prezenty dla 7 latki, akademia pana kleksa &#8211; test z odpowiedziami do druku, zagadki dla dzieci logiczne, prezent na roczek dla dziewczynki, kolorowanki z bajek, kolorowanki antystresowe, kr\u00f3tkie bajki dla dzieci do czytania, pomys\u0142y na prezent na roczek, wierszyk o wakacjach, jak zrobi\u0107 laurk\u0119 dla babci, liwia imi\u0119, dzie\u0144 matki w\u0142asnor\u0119czny prezent dla mamy od dziecka, \u017carty na prima aprilis w domu, kolorowanki z bajek, mandala kolorowanka, jak narysowa\u0107 kota, zagadki logiczne, prezent na roczek dla ch\u0142opca<\/p>\n<p>yyyyy<\/p>\n<p>&nbsp;<\/p>\n","protected":false},"excerpt":{"rendered":"<p>Delikatne chusteczki bambusowe s\u0105 pokryte antybakteryjnymi mikrocz\u0105steczkami srebra, kt\u00f3re zapewniaj\u0105 idealn\u0105 ochron\u0119 przed bakteriami. To najmilsza, najdelikatniejsza, a zarazem najbardziej naturalna tkanina jak\u0105 mo\u017cesz podarowa\u0107 swojemu male\u0144stwu. Pieluszka bambusowa mo\u017ce mie\u0107 niezliczon\u0105 ilo\u015b\u0107 zastosowa\u0144, ale zawsze jest blisko wra\u017cliwej sk\u00f3ry Maluszka, wi\u0119c musi by\u0107 bardzo delikatna i przyjazna dla sk\u00f3ry Twojego dziecka. Pieluszki niemowl\u0119ce Makaszka [&hellip;]<\/p>\n","protected":false},"featured_media":8986,"comment_status":"closed","ping_status":"open","template":"","meta":[],"product_cat":[1014,17],"product_tag":[801,706,797,675],"class_list":["post-8985","product","type-product","status-publish","has-post-thumbnail","hentry","product_cat-makaszka","product_cat-pieluchy","product_tag-bajki-terapeutyczne-o-emocjach","product_tag-imie-kuba","product_tag-kiekrz","product_tag-test-z-lektury-kajko-i-kokosz-szkola-latania"],"_links":{"self":[{"href":"http:\/\/klubmamgdynia.pl\/index.php\/wp-json\/wp\/v2\/product\/8985","targetHints":{"allow":["GET"]}}],"collection":[{"href":"http:\/\/klubmamgdynia.pl\/index.php\/wp-json\/wp\/v2\/product"}],"about":[{"href":"http:\/\/klubmamgdynia.pl\/index.php\/wp-json\/wp\/v2\/types\/product"}],"replies":[{"embeddable":true,"href":"http:\/\/klubmamgdynia.pl\/index.php\/wp-json\/wp\/v2\/comments?post=8985"}],"wp:featuredmedia":[{"embeddable":true,"href":"http:\/\/klubmamgdynia.pl\/index.php\/wp-json\/wp\/v2\/media\/8986"}],"wp:attachment":[{"href":"http:\/\/klubmamgdynia.pl\/index.php\/wp-json\/wp\/v2\/media?parent=8985"}],"wp:term":[{"taxonomy":"product_cat","embeddable":true,"href":"http:\/\/klubmamgdynia.pl\/index.php\/wp-json\/wp\/v2\/product_cat?post=8985"},{"taxonomy":"product_tag","embeddable":true,"href":"http:\/\/klubmamgdynia.pl\/index.php\/wp-json\/wp\/v2\/product_tag?post=8985"}],"curies":[{"name":"wp","href":"https:\/\/api.w.org\/{rel}","templated":true}]}}