{"id":8987,"date":"2011-06-11T20:24:54","date_gmt":"2011-06-11T18:24:54","guid":{"rendered":"http:\/\/klubmamgdynia.pl\/index.php\/produkt\/mepal-lunchbox-campus-jungle-107440065393\/"},"modified":"2026-04-06T09:58:17","modified_gmt":"2026-04-06T07:58:17","slug":"mepal-lunchbox-campus-jungle-107440065393","status":"publish","type":"product","link":"http:\/\/klubmamgdynia.pl\/index.php\/produkt\/mepal-lunchbox-campus-jungle-107440065393\/","title":{"rendered":"Mepal Lunchbox Campus Jungle (107440065393)"},"content":{"rendered":"<p>Przykuwaj\u0105cy uwag\u0119 kolorami, a zarazem praktyczny, dzieci\u0119cy lunchbox Campus marki Mepal, to idealny pojemnik na kanapk\u0119 dla dziecka do szko\u0142y czy na wycieczk\u0119.Pojemnik posiada dodatkowy wk\u0142ad przeznaczony na warzywa lub owoce, po jego wyj\u0119ciu pomie\u015bci do 4 kanapek.Produkt ten jest trwa\u0142y, lekki, \u0142atwy w transporcie i czyszczeniu &#8211; nadaje si\u0119 do mycia w zmywarce.Dope\u0142nieniem jest ma\u0142y widelczyk, kt\u00f3ry jest do\u0142\u0105czony do \u015bniadani\u00f3wki.Kompaktowy rozmiar pozwala na schowanie go w plecaku czy podr\u0119cznej torbie.Wysoka jako\u015b\u0107 wykonania, \u017cywe barwy, to atuty tego pude\u0142ka na posi\u0142ki dla najm\u0142odszych.Lunchbox zach\u0119ci dzieci do komponowania zdrowych posi\u0142k\u00f3w, dzi\u0119ki czemu od najm\u0142odszych lat mog\u0105 wyrobi\u0107 zdrowe nawyki \u017cywieniowe. Pe\u0142noziarniste kanapki z sa\u0142at\u0105 i pomidorem, po\u0142\u00f3wka jab\u0142ka, gar\u015b\u0107 orzech\u00f3w, wszystko to znajdzie swoje miejsce.Wszystkie produkty Mepal wolne s\u0105 od BPA oraz wykonane z materia\u0142\u00f3w nieszkodliwych dla zdrowia. Wyprodukowano w Holandii.Wysoko\u015b\u0107 6.1 cmD\u0142ugo\u015b\u0107 17.8 cmSzeroko\u015b\u0107 13.2 cmMateria\u0142 Tworzywo sztuczne ABS, tworzywo sztuczne PP<\/p>\n<h2>Mepal Lunchbox Campus Jungle (107440065393) <\/h2>\n<p>tupu tup po \u015bniegu tekst, piesek kolorowanka, jak narysowa\u0107 oko, quiz stolice europy, prezent dla 15 latki, zabawka dla rocznej dziewczynki, test z lektury spos\u00f3b na alcybiadesa, psi patrol kolorowanki, opis do zdj\u0119cia dziecka, niespotykane imiona \u017ce\u0144skie<\/p>\n<p>yyyyy<\/p>\n<p>&nbsp;<\/p>\n","protected":false},"excerpt":{"rendered":"<p>Przykuwaj\u0105cy uwag\u0119 kolorami, a zarazem praktyczny, dzieci\u0119cy lunchbox Campus marki Mepal, to idealny pojemnik na kanapk\u0119 dla dziecka do szko\u0142y czy na wycieczk\u0119.Pojemnik posiada dodatkowy wk\u0142ad przeznaczony na warzywa lub owoce, po jego wyj\u0119ciu pomie\u015bci do 4 kanapek.Produkt ten jest trwa\u0142y, lekki, \u0142atwy w transporcie i czyszczeniu &#8211; nadaje si\u0119 do mycia w zmywarce.Dope\u0142nieniem jest [&hellip;]<\/p>\n","protected":false},"featured_media":8988,"comment_status":"closed","ping_status":"open","template":"","meta":[],"product_cat":[215],"product_tag":[706,625,857],"class_list":["post-8987","product","type-product","status-publish","has-post-thumbnail","hentry","product_cat-naczynia-i-sztucce-dla-dzieci","product_tag-imie-kuba","product_tag-trojmiasto-atrakcje-dla-dzieci","product_tag-zagadki-dla-dzieci-7-8-lat"],"_links":{"self":[{"href":"http:\/\/klubmamgdynia.pl\/index.php\/wp-json\/wp\/v2\/product\/8987","targetHints":{"allow":["GET"]}}],"collection":[{"href":"http:\/\/klubmamgdynia.pl\/index.php\/wp-json\/wp\/v2\/product"}],"about":[{"href":"http:\/\/klubmamgdynia.pl\/index.php\/wp-json\/wp\/v2\/types\/product"}],"replies":[{"embeddable":true,"href":"http:\/\/klubmamgdynia.pl\/index.php\/wp-json\/wp\/v2\/comments?post=8987"}],"wp:featuredmedia":[{"embeddable":true,"href":"http:\/\/klubmamgdynia.pl\/index.php\/wp-json\/wp\/v2\/media\/8988"}],"wp:attachment":[{"href":"http:\/\/klubmamgdynia.pl\/index.php\/wp-json\/wp\/v2\/media?parent=8987"}],"wp:term":[{"taxonomy":"product_cat","embeddable":true,"href":"http:\/\/klubmamgdynia.pl\/index.php\/wp-json\/wp\/v2\/product_cat?post=8987"},{"taxonomy":"product_tag","embeddable":true,"href":"http:\/\/klubmamgdynia.pl\/index.php\/wp-json\/wp\/v2\/product_tag?post=8987"}],"curies":[{"name":"wp","href":"https:\/\/api.w.org\/{rel}","templated":true}]}}