{"id":8993,"date":"2023-11-23T02:09:03","date_gmt":"2023-11-23T01:09:03","guid":{"rendered":"http:\/\/klubmamgdynia.pl\/?post_type=product&#038;p=8993"},"modified":"2026-04-30T01:45:49","modified_gmt":"2026-04-29T23:45:49","slug":"under-armour-chlopiece-grade-school-jet-21-niebieski","status":"publish","type":"product","link":"http:\/\/klubmamgdynia.pl\/index.php\/produkt\/under-armour-chlopiece-grade-school-jet-21-niebieski\/","title":{"rendered":"Under Armour Ch\u0142opi\u0119ce Grade School Jet &#8217;21 Niebieski"},"content":{"rendered":"<p>UA Jet stawia na wydajno\u015b\u0107. Podeszwa \u015brodkowa z pianki EVA zapewnia amortyzacj\u0119, kt\u00f3rej potrzebujesz, a klasyczna sk\u00f3rzana cholewka \u015bwietnie prezentuje si\u0119 na boisku oraz poza nim.Po\u0142\u0105czenie siateczki i sk\u00f3ry perforowanej zapewnia lekki komfort Waga, trwa\u0142o\u015b\u0107 i oddychalno\u015b\u0107Oddychaj\u0105cy j\u0119zyk z siateczki zapewnia strategiczn\u0105 wentylacj\u0119Mi\u0119kka pianka wok\u00f3\u0142 kostki dla wi\u0119kszego komfortu i wsparciaAmortyzowana podeszwa \u015brodkowa z pianki EVA zapewnia lekko\u015b\u0107 i responsywno\u015b\u0107Gumowa podeszwa zewn\u0119trzna wykorzystuje wz\u00f3r bie\u017cnika w jode\u0142k\u0119, aby zapewni\u0107 maksymaln\u0105 kontrol\u0119 i przyczepno\u015b\u0107<\/p>\n<h2>Under Armour Ch\u0142opi\u0119ce Grade School Jet 21 Niebieski Under Armour<\/h2>\n<p>wyci\u0119cia szablon korony do druku, gabriel, kolorowanki antystresowe, walentynka dla syna, pokemon kolorowanka, zagadka o wio\u015bnie, cytat rodzina, warszawa dla dzieci, zabawy dla 6 latk\u00f3w, z\u0142ote my\u015bli pedagogiczne, zagadki o owocach, zaproszenie na urodziny dziecka do druku, zagadki wielkanocne przedszkole<\/p>\n<p>yyyyy<\/p>\n<p>&nbsp;<\/p>\n","protected":false},"excerpt":{"rendered":"<p>UA Jet stawia na wydajno\u015b\u0107. Podeszwa \u015brodkowa z pianki EVA zapewnia amortyzacj\u0119, kt\u00f3rej potrzebujesz, a klasyczna sk\u00f3rzana cholewka \u015bwietnie prezentuje si\u0119 na boisku oraz poza nim.Po\u0142\u0105czenie siateczki i sk\u00f3ry perforowanej zapewnia lekki komfort Waga, trwa\u0142o\u015b\u0107 i oddychalno\u015b\u0107Oddychaj\u0105cy j\u0119zyk z siateczki zapewnia strategiczn\u0105 wentylacj\u0119Mi\u0119kka pianka wok\u00f3\u0142 kostki dla wi\u0119kszego komfortu i wsparciaAmortyzowana podeszwa \u015brodkowa z pianki [&hellip;]<\/p>\n","protected":false},"featured_media":8994,"comment_status":"closed","ping_status":"open","template":"","meta":[],"product_cat":[1772,1771],"product_tag":[768,605,782,577],"class_list":["post-8993","product","type-product","status-publish","has-post-thumbnail","hentry","product_cat-obuwie-do-koszykowki","product_cat-under-armour","product_tag-krotkie-zagadki-logiczne","product_tag-milena","product_tag-zagadki-dla-dzieci-z-odpowiedziami","product_tag-znaki-drogowe-test"],"_links":{"self":[{"href":"http:\/\/klubmamgdynia.pl\/index.php\/wp-json\/wp\/v2\/product\/8993","targetHints":{"allow":["GET"]}}],"collection":[{"href":"http:\/\/klubmamgdynia.pl\/index.php\/wp-json\/wp\/v2\/product"}],"about":[{"href":"http:\/\/klubmamgdynia.pl\/index.php\/wp-json\/wp\/v2\/types\/product"}],"replies":[{"embeddable":true,"href":"http:\/\/klubmamgdynia.pl\/index.php\/wp-json\/wp\/v2\/comments?post=8993"}],"wp:featuredmedia":[{"embeddable":true,"href":"http:\/\/klubmamgdynia.pl\/index.php\/wp-json\/wp\/v2\/media\/8994"}],"wp:attachment":[{"href":"http:\/\/klubmamgdynia.pl\/index.php\/wp-json\/wp\/v2\/media?parent=8993"}],"wp:term":[{"taxonomy":"product_cat","embeddable":true,"href":"http:\/\/klubmamgdynia.pl\/index.php\/wp-json\/wp\/v2\/product_cat?post=8993"},{"taxonomy":"product_tag","embeddable":true,"href":"http:\/\/klubmamgdynia.pl\/index.php\/wp-json\/wp\/v2\/product_tag?post=8993"}],"curies":[{"name":"wp","href":"https:\/\/api.w.org\/{rel}","templated":true}]}}