{"id":8999,"date":"2014-09-30T10:00:54","date_gmt":"2014-09-30T08:00:54","guid":{"rendered":"http:\/\/klubmamgdynia.pl\/index.php\/produkt\/mattel-lalka-cave-club-pizama-party-fernessa-gth03\/"},"modified":"2026-04-03T10:51:45","modified_gmt":"2026-04-03T08:51:45","slug":"mattel-lalka-cave-club-pizama-party-fernessa-gth03","status":"publish","type":"product","link":"http:\/\/klubmamgdynia.pl\/index.php\/produkt\/mattel-lalka-cave-club-pizama-party-fernessa-gth03\/","title":{"rendered":"Mattel Lalka Cave Club Pi\u017cama Party Fernessa GTH03"},"content":{"rendered":"<p>Lalki Cave Club z linii Przyjaci\u00f3\u0142ki Jaskiniowe Pi\u017cama party organizuj\u0105 pierwsze w historii przyj\u0119cie z nocowaniem, na kt\u00f3re wszyscy s\u0105 zaproszeni!                            <\/p>\n<p>Te lalki maj\u0105 szalone neonowe fryzury, stroje ze zwierz\u0119cym wzorem i wyj\u0105tkowe akcesoria, aby inspirowa\u0107 do opowiadania historii o zamierzch\u0142ych czasach.\u00a0                            <\/p>\n<p>Ka\u017cda lalka Cave Club ma pi\u017cam\u0119, opask\u0119 na oczy i trzy akcesoria tematyczne, kt\u00f3re nadaj\u0105 realizmu zabawie w pi\u017cama party.                            <\/p>\n<p>Idealny prezent dla dzieci od 4 roku \u017cycia. Wybierz ulubion\u0105 lalk\u0119, by prze\u017cywa\u0107 z ni\u0105 fantastyczne przygody, lub zbierz je wszystkie \u2013 bo w grupie jest weselej! Sprzedawane oddzielnie w zale\u017cno\u015bci od dost\u0119pno\u015bci. Lalki nie stoj\u0105 samodzielnie. Kolory i elementy dekoracyjne mog\u0105 si\u0119 r\u00f3\u017cni\u0107.<\/p>\n<h2>Mattel Lalka Cave Club Pi\u017cama Party Fernessa GTH03 Mattel<\/h2>\n<p>ry\u017c z owocami, dyplomy szablony pdf, kolorowanki dla dziewczynek lol, iwo imi\u0119, karty pracy dla dzieci z ukrainy, sentencje o dzieciach<\/p>\n<p>yyyyy<\/p>\n<p>&nbsp;<\/p>\n","protected":false},"excerpt":{"rendered":"<p>Lalki Cave Club z linii Przyjaci\u00f3\u0142ki Jaskiniowe Pi\u017cama party organizuj\u0105 pierwsze w historii przyj\u0119cie z nocowaniem, na kt\u00f3re wszyscy s\u0105 zaproszeni! Te lalki maj\u0105 szalone neonowe fryzury, stroje ze zwierz\u0119cym wzorem i wyj\u0105tkowe akcesoria, aby inspirowa\u0107 do opowiadania historii o zamierzch\u0142ych czasach.\u00a0 Ka\u017cda lalka Cave Club ma pi\u017cam\u0119, opask\u0119 na oczy i trzy akcesoria tematyczne, [&hellip;]<\/p>\n","protected":false},"featured_media":9000,"comment_status":"closed","ping_status":"open","template":"","meta":[],"product_cat":[65,289],"product_tag":[859,594,840],"class_list":["post-8999","product","type-product","status-publish","has-post-thumbnail","hentry","product_cat-lalki","product_cat-mattel","product_tag-dobranoc-pchly-na-noc","product_tag-podchwytliwe-zagadki-dla-dzieci","product_tag-stare-bajki"],"_links":{"self":[{"href":"http:\/\/klubmamgdynia.pl\/index.php\/wp-json\/wp\/v2\/product\/8999","targetHints":{"allow":["GET"]}}],"collection":[{"href":"http:\/\/klubmamgdynia.pl\/index.php\/wp-json\/wp\/v2\/product"}],"about":[{"href":"http:\/\/klubmamgdynia.pl\/index.php\/wp-json\/wp\/v2\/types\/product"}],"replies":[{"embeddable":true,"href":"http:\/\/klubmamgdynia.pl\/index.php\/wp-json\/wp\/v2\/comments?post=8999"}],"wp:featuredmedia":[{"embeddable":true,"href":"http:\/\/klubmamgdynia.pl\/index.php\/wp-json\/wp\/v2\/media\/9000"}],"wp:attachment":[{"href":"http:\/\/klubmamgdynia.pl\/index.php\/wp-json\/wp\/v2\/media?parent=8999"}],"wp:term":[{"taxonomy":"product_cat","embeddable":true,"href":"http:\/\/klubmamgdynia.pl\/index.php\/wp-json\/wp\/v2\/product_cat?post=8999"},{"taxonomy":"product_tag","embeddable":true,"href":"http:\/\/klubmamgdynia.pl\/index.php\/wp-json\/wp\/v2\/product_tag?post=8999"}],"curies":[{"name":"wp","href":"https:\/\/api.w.org\/{rel}","templated":true}]}}