{"id":90,"date":"2014-07-02T05:33:42","date_gmt":"2014-07-02T03:33:42","guid":{"rendered":"http:\/\/klubmamgdynia.pl\/index.php\/produkt\/kuchnia-theo-klein-miele-mdf-midi-zabawka\/"},"modified":"2026-04-18T17:42:06","modified_gmt":"2026-04-18T15:42:06","slug":"kuchnia-theo-klein-miele-mdf-midi-zabawka","status":"publish","type":"product","link":"http:\/\/klubmamgdynia.pl\/index.php\/produkt\/kuchnia-theo-klein-miele-mdf-midi-zabawka\/","title":{"rendered":"Kuchnia Theo Klein Miele Mdf Midi &#8211; Zabawka"},"content":{"rendered":"<p>Kuchnia dzieci\u0119ca drewniana (MDF) na licencji Miele. Aneks kuchenny wyposa\u017cony jest w p\u0142yt\u0119 grzewcz\u0105 z d\u017awi\u0119kiem i funkcj\u0105 podw\u00f3jnego \u015bwiat\u0142a. Jest te\u017c wyjmowany zlew i otwierana kuchenka mikrofalowa. W pakiecie znajduj\u0105 si\u0119 r\u00f3wnie\u017c wysokiej jako\u015bci akcesoria metalowe i drewniane.<\/p>\n<h2>Kuchnia Theo Klein Miele Mdf Midi &#8211; Zabawka Klein<\/h2>\n<p>sta\u0142a pod \u015bniegiem, jagna imi\u0119, zagadki o wiosnie, wiersze o wio\u015bnie jana brzechwy, serce kolorowanka, zagadki dla dzieci 5 lat, cytat na dzie\u0144 matki, quizy za darmo, kartk\u00f3wki z zegara, czapka g\u00f3rnika kolorowanka, prezenty dla 15 latki, piosenka na dzie\u0144 mamy tekst, pomysl na prezent na roczek, zagadki na inteligencj\u0119 z odpowiedziami, psi patrol kolorowanka, trudne zadania matematyczne<\/p>\n<p>yyyyy<\/p>\n<p>&nbsp;<\/p>\n","protected":false},"excerpt":{"rendered":"<p>Kuchnia dzieci\u0119ca drewniana (MDF) na licencji Miele. Aneks kuchenny wyposa\u017cony jest w p\u0142yt\u0119 grzewcz\u0105 z d\u017awi\u0119kiem i funkcj\u0105 podw\u00f3jnego \u015bwiat\u0142a. Jest te\u017c wyjmowany zlew i otwierana kuchenka mikrofalowa. W pakiecie znajduj\u0105 si\u0119 r\u00f3wnie\u017c wysokiej jako\u015bci akcesoria metalowe i drewniane. Kuchnia Theo Klein Miele Mdf Midi &#8211; Zabawka Klein sta\u0142a pod \u015bniegiem, jagna imi\u0119, zagadki o [&hellip;]<\/p>\n","protected":false},"featured_media":91,"comment_status":"closed","ping_status":"open","template":"","meta":[],"product_cat":[53,52],"product_tag":[686,862,632,736,607],"class_list":["post-90","product","type-product","status-publish","has-post-thumbnail","hentry","product_cat-kaciki-zabaw","product_cat-klein","product_tag-co-na-roczek-dla-chlopca","product_tag-nasza-zima-zla-tekst","product_tag-warszawa-atrakcje-dla-mlodziezy","product_tag-zabawki-na-roczek","product_tag-zarty-na-prima-aprilis-dla-rodzicow"],"_links":{"self":[{"href":"http:\/\/klubmamgdynia.pl\/index.php\/wp-json\/wp\/v2\/product\/90","targetHints":{"allow":["GET"]}}],"collection":[{"href":"http:\/\/klubmamgdynia.pl\/index.php\/wp-json\/wp\/v2\/product"}],"about":[{"href":"http:\/\/klubmamgdynia.pl\/index.php\/wp-json\/wp\/v2\/types\/product"}],"replies":[{"embeddable":true,"href":"http:\/\/klubmamgdynia.pl\/index.php\/wp-json\/wp\/v2\/comments?post=90"}],"wp:featuredmedia":[{"embeddable":true,"href":"http:\/\/klubmamgdynia.pl\/index.php\/wp-json\/wp\/v2\/media\/91"}],"wp:attachment":[{"href":"http:\/\/klubmamgdynia.pl\/index.php\/wp-json\/wp\/v2\/media?parent=90"}],"wp:term":[{"taxonomy":"product_cat","embeddable":true,"href":"http:\/\/klubmamgdynia.pl\/index.php\/wp-json\/wp\/v2\/product_cat?post=90"},{"taxonomy":"product_tag","embeddable":true,"href":"http:\/\/klubmamgdynia.pl\/index.php\/wp-json\/wp\/v2\/product_tag?post=90"}],"curies":[{"name":"wp","href":"https:\/\/api.w.org\/{rel}","templated":true}]}}