{"id":900,"date":"2015-09-07T03:54:07","date_gmt":"2015-09-07T01:54:07","guid":{"rendered":"http:\/\/klubmamgdynia.pl\/index.php\/produkt\/lol-surprise-remix-hairflip-display-12-sztuk-566960\/"},"modified":"2026-04-29T11:36:06","modified_gmt":"2026-04-29T09:36:06","slug":"lol-surprise-remix-hairflip-display-12-sztuk-566960","status":"publish","type":"product","link":"http:\/\/klubmamgdynia.pl\/index.php\/produkt\/lol-surprise-remix-hairflip-display-12-sztuk-566960\/","title":{"rendered":"LOL Surprise Remix Hairflip display 12 sztuk 566960"},"content":{"rendered":"<p>LOL SURPRISE REMIX HAIR FLIP                            <\/p>\n<p>12 lalek do zebrania! Remiksuj asortyment lalek do w\u0142os\u00f3w! Lalki Remix Hair Flip to nowe postacie, a ka\u017cda z nich reprezentuje gatunek muzyczny: Pop, RandB, Hip Hop lub Rock. Wszyscy s\u0105 gotowi do udzia\u0142u w ostatecznym koncercie, trasie \u201eExtra\u201d, ale ca\u0142a ich muzyka zosta\u0142a przetasowana! Pom\u00f3\u017c nam rozpakowa\u0107 ich piosenk\u0119 z pakietu, kt\u00f3ry faktycznie odtwarza muzyk\u0119. Odkryj sekret ka\u017cdej lalki i jej mini Nagrywaj i odtwarzaj muzyk\u0119, korzystaj\u0105c z opakowania gramofonu. Gdy ju\u017c znajdziesz teksty swojej lalki, pom\u00f3\u017c jej przygotowa\u0107 si\u0119 do pokazu. Ka\u017cda lalka ma w\u0142osy do zrobienia i fajn\u0105 fryzur\u0119. Otw\u00f3rz jej w\u0142osy i odkryj r\u00f3\u017cne pasma i wspania\u0142e w\u0142osy. Odwr\u00f3\u0107 niespodzianki! Ka\u017cda lalka ma fajne akcesoria modowe i muzyczne i jest gotowa do zabawy. Znajd\u017a odpowiedni\u0105 naklejk\u0119 tekstow\u0105 i uzupe\u0142nij tekst! Ka\u017cda lalka ma inn\u0105 naklejk\u0119. Zbierz wszystkie 12 LOL Surprise! Remiks Hair Flip lalki Aby zbudowa\u0107 boombox, \u0142\u0105cz\u0105c kilka pakiet\u00f3w LOL Surprise! Potrzebujesz dw\u00f3ch lalek Hair-Flip i zestawu LOL Surprise Remix Pets dla B zestaw do zabawy boombox. Gromadzi muzyk\u0119 i teksty z ca\u0142ego L.O.L. Surprise! Remiksuj lini\u0119, aby zako\u0144czy\u0107 ca\u0142\u0105 piosenk\u0119. Lub stw\u00f3rz w\u0142asny remiks, mieszaj\u0105c teksty. Te szalone BB s\u0105 gotowe do wyj\u015bcia na scen\u0119, ale wszystko na ich \u201eExtra Tour\u201d zosta\u0142o zremiksowane, \u0142\u0105cznie z ich muzyk\u0105. Wzywamy wszystkie BB, aby do\u0142\u0105czy\u0142y do \u200b\u200bich ekipy i pomog\u0142y im w rozpocz\u0119ciu koncertu. pozie, kt\u00f3ra wstrz\u0105sa domem.                            <\/p>\n<p>Naklejka z tekstem, etui z p\u0142yt\u0105, p\u0142yta, opakowanie z gramofonem, muzyka, spinki do w\u0142os\u00f3w, akcesoria muzyczne, butelka, str\u00f3j, para but\u00f3w, grzebie\u0144, odwr\u00f3cona niespodzianka<\/p>\n<p>Ka\u017cda lalka ukrywa kolorowe kosmyki lub kosmyki w\u0142os\u00f3w o tajemniczej teksturze do odkrycia! Jakie pasma w\u0142os\u00f3w s\u0105 ukryte w twojej lalce?<\/p>\n<p>Wszystkie nowe postacie reprezentuj\u0105 gatunek muzyczny. Pop, R&amp;B, Hip Hop, Country lub Rock<\/p>\n<p>Interaktywny zestaw naprawd\u0119 odtwarza muzyk\u0119!<\/p>\n<h2>LOL Surprise Remix Hairflip display 12 sztuk 566960 LOL Surprise<\/h2>\n<p>m\u0105dre bajki dla dzieci do czytania, zadania dla 7 latka do druku, prezent dla dziecka 1 rok, test z dzieci z bullerbyn, asiunia test z lektury, pieski ma\u0142e dwa tekst<\/p>\n<p>yyyyy<\/p>\n<p>&nbsp;<\/p>\n","protected":false},"excerpt":{"rendered":"<p>LOL SURPRISE REMIX HAIR FLIP 12 lalek do zebrania! Remiksuj asortyment lalek do w\u0142os\u00f3w! Lalki Remix Hair Flip to nowe postacie, a ka\u017cda z nich reprezentuje gatunek muzyczny: Pop, RandB, Hip Hop lub Rock. Wszyscy s\u0105 gotowi do udzia\u0142u w ostatecznym koncercie, trasie \u201eExtra\u201d, ale ca\u0142a ich muzyka zosta\u0142a przetasowana! Pom\u00f3\u017c nam rozpakowa\u0107 ich piosenk\u0119 [&hellip;]<\/p>\n","protected":false},"featured_media":901,"comment_status":"closed","ping_status":"open","template":"","meta":[],"product_cat":[65,294],"product_tag":[621,743,609,762,791],"class_list":["post-900","product","type-product","status-publish","has-post-thumbnail","hentry","product_cat-lalki","product_cat-lol-surprise","product_tag-prezenty-roczek","product_tag-quiz-dla-dzieci","product_tag-quiz-flagi-europy","product_tag-trudne-zagadki-dla-dzieci","product_tag-zagadki-na-myslenie"],"_links":{"self":[{"href":"http:\/\/klubmamgdynia.pl\/index.php\/wp-json\/wp\/v2\/product\/900","targetHints":{"allow":["GET"]}}],"collection":[{"href":"http:\/\/klubmamgdynia.pl\/index.php\/wp-json\/wp\/v2\/product"}],"about":[{"href":"http:\/\/klubmamgdynia.pl\/index.php\/wp-json\/wp\/v2\/types\/product"}],"replies":[{"embeddable":true,"href":"http:\/\/klubmamgdynia.pl\/index.php\/wp-json\/wp\/v2\/comments?post=900"}],"wp:featuredmedia":[{"embeddable":true,"href":"http:\/\/klubmamgdynia.pl\/index.php\/wp-json\/wp\/v2\/media\/901"}],"wp:attachment":[{"href":"http:\/\/klubmamgdynia.pl\/index.php\/wp-json\/wp\/v2\/media?parent=900"}],"wp:term":[{"taxonomy":"product_cat","embeddable":true,"href":"http:\/\/klubmamgdynia.pl\/index.php\/wp-json\/wp\/v2\/product_cat?post=900"},{"taxonomy":"product_tag","embeddable":true,"href":"http:\/\/klubmamgdynia.pl\/index.php\/wp-json\/wp\/v2\/product_tag?post=900"}],"curies":[{"name":"wp","href":"https:\/\/api.w.org\/{rel}","templated":true}]}}