{"id":9001,"date":"2017-11-22T11:28:44","date_gmt":"2017-11-22T10:28:44","guid":{"rendered":"http:\/\/klubmamgdynia.pl\/index.php\/produkt\/mayamoo-poscieli-dwustronnej\/"},"modified":"2026-04-03T19:40:55","modified_gmt":"2026-04-03T17:40:55","slug":"mayamoo-poscieli-dwustronnej","status":"publish","type":"product","link":"http:\/\/klubmamgdynia.pl\/index.php\/produkt\/mayamoo-poscieli-dwustronnej\/","title":{"rendered":"MayaMoo Po\u015bcieli Dwustronnej"},"content":{"rendered":"<p>https:\/\/ecomplmvpprodwebblob0.blob.core.windows.net\/zakupymvp\/cache\/product_large\/product\/4987445\/1.jpg<\/p>\n<h2>MayaMoo Po\u015bcieli Dwustronnej <\/h2>\n<p>postacie z bajek, sentencje o przyja\u017ani, lukrecja imie, prezent dla 16 latki, \u015bmieszne zagadki dla dzieci, zagadki logiczne z odpowiedziami, zgadywanki dla dzieci, p\u0142ywalnie warszawa, alfons, zagadki dla dzieci 4-5 lat online, cytat na dzie\u0144 mamy, bajka na dobranoc do czytania, \u015bwinka peppa kolorowanka do druku, oryginalny prezent na roczek dla ch\u0142opca, kolorowanka lato, quiz zemsta, hymn g\u00f3rniczy, zagadki na inteligencje, stare piosenki dla dzieci teksty, prezenty na dzie\u0144 dziecka dla nastolatk\u00f3w<\/p>\n<p>yyyyy<\/p>\n<p>&nbsp;<\/p>\n","protected":false},"excerpt":{"rendered":"<p>https:\/\/ecomplmvpprodwebblob0.blob.core.windows.net\/zakupymvp\/cache\/product_large\/product\/4987445\/1.jpg MayaMoo Po\u015bcieli Dwustronnej postacie z bajek, sentencje o przyja\u017ani, lukrecja imie, prezent dla 16 latki, \u015bmieszne zagadki dla dzieci, zagadki logiczne z odpowiedziami, zgadywanki dla dzieci, p\u0142ywalnie warszawa, alfons, zagadki dla dzieci 4-5 lat online, cytat na dzie\u0144 mamy, bajka na dobranoc do czytania, \u015bwinka peppa kolorowanka do druku, oryginalny prezent na roczek dla [&hellip;]<\/p>\n","protected":false},"featured_media":9002,"comment_status":"closed","ping_status":"open","template":"","meta":[],"product_cat":[994],"product_tag":[859,594,705,682,709],"class_list":["post-9001","product","type-product","status-publish","has-post-thumbnail","hentry","product_cat-komplety-poscieli-dla-dzieci","product_tag-dobranoc-pchly-na-noc","product_tag-podchwytliwe-zagadki-dla-dzieci","product_tag-prezent-na-roczek-dla-chlopca","product_tag-przyjazn-cytaty","product_tag-zagadki-dla-dzieci-6-7-lat"],"_links":{"self":[{"href":"http:\/\/klubmamgdynia.pl\/index.php\/wp-json\/wp\/v2\/product\/9001","targetHints":{"allow":["GET"]}}],"collection":[{"href":"http:\/\/klubmamgdynia.pl\/index.php\/wp-json\/wp\/v2\/product"}],"about":[{"href":"http:\/\/klubmamgdynia.pl\/index.php\/wp-json\/wp\/v2\/types\/product"}],"replies":[{"embeddable":true,"href":"http:\/\/klubmamgdynia.pl\/index.php\/wp-json\/wp\/v2\/comments?post=9001"}],"wp:featuredmedia":[{"embeddable":true,"href":"http:\/\/klubmamgdynia.pl\/index.php\/wp-json\/wp\/v2\/media\/9002"}],"wp:attachment":[{"href":"http:\/\/klubmamgdynia.pl\/index.php\/wp-json\/wp\/v2\/media?parent=9001"}],"wp:term":[{"taxonomy":"product_cat","embeddable":true,"href":"http:\/\/klubmamgdynia.pl\/index.php\/wp-json\/wp\/v2\/product_cat?post=9001"},{"taxonomy":"product_tag","embeddable":true,"href":"http:\/\/klubmamgdynia.pl\/index.php\/wp-json\/wp\/v2\/product_tag?post=9001"}],"curies":[{"name":"wp","href":"https:\/\/api.w.org\/{rel}","templated":true}]}}