{"id":9007,"date":"2016-11-27T09:32:52","date_gmt":"2016-11-27T08:32:52","guid":{"rendered":"http:\/\/klubmamgdynia.pl\/index.php\/produkt\/babylux-3el-posciel-do-lozeczka-90x120-nr-73\/"},"modified":"2026-05-01T20:31:44","modified_gmt":"2026-05-01T18:31:44","slug":"babylux-3el-posciel-do-lozeczka-90x120-nr-73","status":"publish","type":"product","link":"http:\/\/klubmamgdynia.pl\/index.php\/produkt\/babylux-3el-posciel-do-lozeczka-90x120-nr-73\/","title":{"rendered":"Babylux 3El. Po\u015bciel Do \u0141\u00f3\u017ceczka 90X120 Nr 73"},"content":{"rendered":"<p>BabyLux 3el. Po\u015bciel Do \u0141\u00f3\u017ceczka 90&#215;120 Nr 73<\/p>\n<h2>Babylux 3El. Po\u015bciel Do \u0141\u00f3\u017ceczka 90X120 Nr 73 Inny<\/h2>\n<p>wiosenne zagadki, krzy\u017c\u00f3wki dla dzieci, kolorowanka lato, proste dekoracje \u015bwi\u0105teczne dla dzieci, zosia samosia wiersz, zagadki dla 3 latka, szablony papierowe lalki do ubierania do wydruku, psi patrol kolorowanka do druku, jagna imi\u0119, darmowe quizy, zaj\u0119cia kulinarne dla dzieci pomys\u0142y, prezent dla 1 latka, wiktor, mapa polski do druku, miko\u0142ajki dla dzieci warszawa 2021, kolorowanka piesek, bajki do czytania dla 6 latka, zagadki dla 4 latka, gry planszowe dla m\u0142odzie\u017cy, bajki dla dzieci do czytania na dobranoc, pomys\u0142 na prezent dla nastolatk\u00f3w<\/p>\n<p>yyyyy<\/p>\n<p>&nbsp;<\/p>\n","protected":false},"excerpt":{"rendered":"<p>BabyLux 3el. Po\u015bciel Do \u0141\u00f3\u017ceczka 90&#215;120 Nr 73 Babylux 3El. Po\u015bciel Do \u0141\u00f3\u017ceczka 90X120 Nr 73 Inny wiosenne zagadki, krzy\u017c\u00f3wki dla dzieci, kolorowanka lato, proste dekoracje \u015bwi\u0105teczne dla dzieci, zosia samosia wiersz, zagadki dla 3 latka, szablony papierowe lalki do ubierania do wydruku, psi patrol kolorowanka do druku, jagna imi\u0119, darmowe quizy, zaj\u0119cia kulinarne dla [&hellip;]<\/p>\n","protected":false},"featured_media":9008,"comment_status":"closed","ping_status":"open","template":"","meta":[],"product_cat":[169,994],"product_tag":[667,690,842,590,717],"class_list":["post-9007","product","type-product","status-publish","has-post-thumbnail","hentry","product_cat-inny","product_cat-komplety-poscieli-dla-dzieci","product_tag-kolorowanka-lol","product_tag-pieski-male-dwa-tekst","product_tag-plac-zabaw-poznan","product_tag-plac-zabaw-warszawa","product_tag-prezent-roczek"],"_links":{"self":[{"href":"http:\/\/klubmamgdynia.pl\/index.php\/wp-json\/wp\/v2\/product\/9007","targetHints":{"allow":["GET"]}}],"collection":[{"href":"http:\/\/klubmamgdynia.pl\/index.php\/wp-json\/wp\/v2\/product"}],"about":[{"href":"http:\/\/klubmamgdynia.pl\/index.php\/wp-json\/wp\/v2\/types\/product"}],"replies":[{"embeddable":true,"href":"http:\/\/klubmamgdynia.pl\/index.php\/wp-json\/wp\/v2\/comments?post=9007"}],"wp:featuredmedia":[{"embeddable":true,"href":"http:\/\/klubmamgdynia.pl\/index.php\/wp-json\/wp\/v2\/media\/9008"}],"wp:attachment":[{"href":"http:\/\/klubmamgdynia.pl\/index.php\/wp-json\/wp\/v2\/media?parent=9007"}],"wp:term":[{"taxonomy":"product_cat","embeddable":true,"href":"http:\/\/klubmamgdynia.pl\/index.php\/wp-json\/wp\/v2\/product_cat?post=9007"},{"taxonomy":"product_tag","embeddable":true,"href":"http:\/\/klubmamgdynia.pl\/index.php\/wp-json\/wp\/v2\/product_tag?post=9007"}],"curies":[{"name":"wp","href":"https:\/\/api.w.org\/{rel}","templated":true}]}}