{"id":9009,"date":"2015-12-23T10:52:17","date_gmt":"2015-12-23T09:52:17","guid":{"rendered":"http:\/\/klubmamgdynia.pl\/index.php\/produkt\/akuku-sliniak-frotte-na-rzep-kotek-pink-0261\/"},"modified":"2026-04-24T02:35:46","modified_gmt":"2026-04-24T00:35:46","slug":"akuku-sliniak-frotte-na-rzep-kotek-pink-0261","status":"publish","type":"product","link":"http:\/\/klubmamgdynia.pl\/index.php\/produkt\/akuku-sliniak-frotte-na-rzep-kotek-pink-0261\/","title":{"rendered":"Akuku \u015aliniak Frotte Na Rzep Kotek Pink 0261"},"content":{"rendered":"<p>Wytrzyma\u0142y \u015bliniak o ciekawych wzorach, z dwustronnej froty, kt\u00f3ra zabezpiecza ubrania dziecka przed zabrudzeniem podczas posi\u0142k\u00f3w. ZALETY: kolorowy \u015bliniak, zapinany na rzep wykonany z mi\u0119kkiej frotki, kt\u00f3ra idealnie zabezpiecza ubranka Twojego malucha barwna kolorystyka sk\u0142ad: bawe\u0142na frotte 100% bawe\u0142na DANE TECHNICZNE: Szeroko\u015b\u0107 x d\u0142ugo\u015b\u0107 od szyi 20x 16 cm<\/p>\n<h2>Akuku \u015aliniak Frotte Na Rzep Kotek Pink 0261 Akuku<\/h2>\n<p>bajki na dobranoc do czytania, karty pracy po ukrai\u0144sku, prima aprilis pomys\u0142y, przyja\u017a\u0144 cytaty, ninjago kolorowanki, j\u0119zyk polski dla dzieci z ukrainy, imie kuba, imie pola, obrazki do druku, zrobi\u0107 laurk\u0119 laurka dla babci, hobbit, sta\u0142a pod \u015bniegiem, janusz, psikusy na prima aprilis, kalina imi\u0119, oryginalny prezent na roczek dla ch\u0142opca, ale kino program, krecik bajka, zagadki na my\u015blenie, harry potter kolorowanka<\/p>\n<p>yyyyy<\/p>\n<p>&nbsp;<\/p>\n","protected":false},"excerpt":{"rendered":"<p>Wytrzyma\u0142y \u015bliniak o ciekawych wzorach, z dwustronnej froty, kt\u00f3ra zabezpiecza ubrania dziecka przed zabrudzeniem podczas posi\u0142k\u00f3w. ZALETY: kolorowy \u015bliniak, zapinany na rzep wykonany z mi\u0119kkiej frotki, kt\u00f3ra idealnie zabezpiecza ubranka Twojego malucha barwna kolorystyka sk\u0142ad: bawe\u0142na frotte 100% bawe\u0142na DANE TECHNICZNE: Szeroko\u015b\u0107 x d\u0142ugo\u015b\u0107 od szyi 20x 16 cm Akuku \u015aliniak Frotte Na Rzep Kotek [&hellip;]<\/p>\n","protected":false},"featured_media":9010,"comment_status":"closed","ping_status":"open","template":"","meta":[],"product_cat":[250,1100],"product_tag":[668,663,855,876,591],"class_list":["post-9009","product","type-product","status-publish","has-post-thumbnail","hentry","product_cat-akuku","product_cat-sliniaki-i-fartuszki","product_tag-atrakcje-dla-dzieci-wroclaw","product_tag-kolorowanki-dla-dzieci-do-druku","product_tag-nietypowe-imiona-zenskie","product_tag-przyjazn","product_tag-quiz-o-minecraft"],"_links":{"self":[{"href":"http:\/\/klubmamgdynia.pl\/index.php\/wp-json\/wp\/v2\/product\/9009","targetHints":{"allow":["GET"]}}],"collection":[{"href":"http:\/\/klubmamgdynia.pl\/index.php\/wp-json\/wp\/v2\/product"}],"about":[{"href":"http:\/\/klubmamgdynia.pl\/index.php\/wp-json\/wp\/v2\/types\/product"}],"replies":[{"embeddable":true,"href":"http:\/\/klubmamgdynia.pl\/index.php\/wp-json\/wp\/v2\/comments?post=9009"}],"wp:featuredmedia":[{"embeddable":true,"href":"http:\/\/klubmamgdynia.pl\/index.php\/wp-json\/wp\/v2\/media\/9010"}],"wp:attachment":[{"href":"http:\/\/klubmamgdynia.pl\/index.php\/wp-json\/wp\/v2\/media?parent=9009"}],"wp:term":[{"taxonomy":"product_cat","embeddable":true,"href":"http:\/\/klubmamgdynia.pl\/index.php\/wp-json\/wp\/v2\/product_cat?post=9009"},{"taxonomy":"product_tag","embeddable":true,"href":"http:\/\/klubmamgdynia.pl\/index.php\/wp-json\/wp\/v2\/product_tag?post=9009"}],"curies":[{"name":"wp","href":"https:\/\/api.w.org\/{rel}","templated":true}]}}